{"id":9770,"date":"2021-09-15T16:09:52","date_gmt":"2021-09-15T13:09:52","guid":{"rendered":"https:\/\/hellahair.ee\/?page_id=9770"},"modified":"2024-03-13T15:25:00","modified_gmt":"2024-03-13T13:25:00","slug":"hella-care","status":"publish","type":"page","link":"https:\/\/hellahair.eu\/en\/hella-care\/","title":{"rendered":"Hella Care"},"content":{"rendered":"<div data-elementor-type=\"wp-page\" data-elementor-id=\"9770\" class=\"elementor elementor-9770\">\n\t\t\t\t\t\t<section class=\"elementor-section elementor-top-section elementor-element elementor-element-8c32d5e elementor-section-boxed elementor-section-height-default elementor-section-height-default\" data-id=\"8c32d5e\" data-element_type=\"section\" data-e-type=\"section\">\n\t\t\t\t\t\t<div class=\"elementor-container elementor-column-gap-default\">\n\t\t\t\t\t<div class=\"elementor-column elementor-col-50 elementor-top-column elementor-element elementor-element-c87e441\" data-id=\"c87e441\" data-element_type=\"column\" data-e-type=\"column\">\n\t\t\t<div class=\"elementor-widget-wrap elementor-element-populated\">\n\t\t\t\t\t\t<div class=\"elementor-element elementor-element-acc497f elementor-widget elementor-widget-text-editor\" data-id=\"acc497f\" data-element_type=\"widget\" data-e-type=\"widget\" data-widget_type=\"text-editor.default\">\n\t\t\t\t<div class=\"elementor-widget-container\">\n\t\t\t\t\t\t\t\t\t<h1>HELLA CARE<\/h1><p>Reusage is very important to us, so we offer a Hella Care service for most Hella Hair products, where we exchange the worn-out rubber inside the scrunchie for a new one for FREE, so you can reuse your scrunchie.<\/p><p>We will do the Hella Care within 21 days and let you know when we're ready to send the package back to you.<\/p><p><b>Collections, which we offer HELLA CARE SERVICE:<\/b><\/p><ol><li>Velvet Collection<\/li><li>Sport Collection<\/li><li>Cotton Collection<\/li><li>Velour Collection<\/li><li>Linen Collection<\/li><li>SALE Collection<\/li><\/ol>\t\t\t\t\t\t\t\t<\/div>\n\t\t\t\t<\/div>\n\t\t\t\t\t<\/div>\n\t\t<\/div>\n\t\t\t\t<div class=\"elementor-column elementor-col-50 elementor-top-column elementor-element elementor-element-982137b\" data-id=\"982137b\" data-element_type=\"column\" data-e-type=\"column\">\n\t\t\t<div class=\"elementor-widget-wrap elementor-element-populated\">\n\t\t\t\t\t\t<div class=\"elementor-element elementor-element-4280a6e elementor-widget elementor-widget-image\" data-id=\"4280a6e\" data-element_type=\"widget\" data-e-type=\"widget\" data-widget_type=\"image.default\">\n\t\t\t\t<div class=\"elementor-widget-container\">\n\t\t\t\t\t\t\t\t\t\t\t\t\t\t\t<img fetchpriority=\"high\" decoding=\"async\" width=\"768\" height=\"511\" src=\"https:\/\/hellahair.eu\/wp-content\/uploads\/2022\/03\/Armastusega-kantud.-768x511.png\" class=\"attachment-medium_large size-medium_large wp-image-27228\" alt=\"\" srcset=\"https:\/\/hellahair.eu\/wp-content\/uploads\/2022\/03\/Armastusega-kantud.-768x511.png 768w, https:\/\/hellahair.eu\/wp-content\/uploads\/2022\/03\/Armastusega-kantud.-300x200.png 300w, https:\/\/hellahair.eu\/wp-content\/uploads\/2022\/03\/Armastusega-kantud.-1024x682.png 1024w, https:\/\/hellahair.eu\/wp-content\/uploads\/2022\/03\/Armastusega-kantud.-1536x1023.png 1536w, https:\/\/hellahair.eu\/wp-content\/uploads\/2022\/03\/Armastusega-kantud.-2048x1364.png 2048w, https:\/\/hellahair.eu\/wp-content\/uploads\/2022\/03\/Armastusega-kantud.-18x12.png 18w, https:\/\/hellahair.eu\/wp-content\/uploads\/2022\/03\/Armastusega-kantud.-416x277.png 416w, https:\/\/hellahair.eu\/wp-content\/uploads\/2022\/03\/Armastusega-kantud.-64x43.png 64w\" sizes=\"(max-width: 768px) 100vw, 768px\" \/>\t\t\t\t\t\t\t\t\t\t\t\t\t\t\t<\/div>\n\t\t\t\t<\/div>\n\t\t\t\t\t<\/div>\n\t\t<\/div>\n\t\t\t\t\t<\/div>\n\t\t<\/section>\n\t\t\t\t<section class=\"elementor-section elementor-top-section elementor-element elementor-element-6f93d2b elementor-section-boxed elementor-section-height-default elementor-section-height-default\" data-id=\"6f93d2b\" data-element_type=\"section\" data-e-type=\"section\">\n\t\t\t\t\t\t<div class=\"elementor-container elementor-column-gap-default\">\n\t\t\t\t\t<div class=\"elementor-column elementor-col-50 elementor-top-column elementor-element elementor-element-741daef\" data-id=\"741daef\" data-element_type=\"column\" data-e-type=\"column\">\n\t\t\t<div class=\"elementor-widget-wrap elementor-element-populated\">\n\t\t\t\t\t\t<div class=\"elementor-element elementor-element-9bb7349 elementor-widget elementor-widget-image\" data-id=\"9bb7349\" data-element_type=\"widget\" data-e-type=\"widget\" data-widget_type=\"image.default\">\n\t\t\t\t<div class=\"elementor-widget-container\">\n\t\t\t\t\t\t\t\t\t\t\t\t\t\t\t<img decoding=\"async\" width=\"768\" height=\"1024\" src=\"https:\/\/hellahair.eu\/wp-content\/uploads\/2022\/03\/Vastlakukklid-13-768x1024.jpg\" class=\"attachment-medium_large size-medium_large wp-image-25843\" alt=\"\" srcset=\"https:\/\/hellahair.eu\/wp-content\/uploads\/2022\/03\/Vastlakukklid-13-768x1024.jpg 768w, https:\/\/hellahair.eu\/wp-content\/uploads\/2022\/03\/Vastlakukklid-13-225x300.jpg 225w, https:\/\/hellahair.eu\/wp-content\/uploads\/2022\/03\/Vastlakukklid-13-9x12.jpg 9w, https:\/\/hellahair.eu\/wp-content\/uploads\/2022\/03\/Vastlakukklid-13-416x555.jpg 416w, https:\/\/hellahair.eu\/wp-content\/uploads\/2022\/03\/Vastlakukklid-13-64x85.jpg 64w, https:\/\/hellahair.eu\/wp-content\/uploads\/2022\/03\/Vastlakukklid-13.jpg 1025w\" sizes=\"(max-width: 768px) 100vw, 768px\" \/>\t\t\t\t\t\t\t\t\t\t\t\t\t\t\t<\/div>\n\t\t\t\t<\/div>\n\t\t\t\t\t<\/div>\n\t\t<\/div>\n\t\t\t\t<div class=\"elementor-column elementor-col-50 elementor-top-column elementor-element elementor-element-9447691\" data-id=\"9447691\" data-element_type=\"column\" data-e-type=\"column\">\n\t\t\t<div class=\"elementor-widget-wrap elementor-element-populated\">\n\t\t\t\t\t\t<div class=\"elementor-element elementor-element-f3313c7 elementor-widget elementor-widget-text-editor\" data-id=\"f3313c7\" data-element_type=\"widget\" data-e-type=\"widget\" data-widget_type=\"text-editor.default\">\n\t\t\t\t<div class=\"elementor-widget-container\">\n\t\t\t\t\t\t\t\t\t<p><strong>How to get Your Hella scrunchie to us:&nbsp;<\/strong><\/p>\n<ol>\n<li>Pack Your beloved scrunchie.<\/li>\n<li>Make sure your first name, surname and phone number are included in the parcel. Then you can be sure that the scrunchie will be returned to you safely.<\/li>\n<li>Take you package to parcel machine and choose destination point Tallinna Sikupilli parcel point - either Smartpost or Omniva. The shipping cost remains to be paid by the customer!<\/li>\n<li>When making a parcel, please use our phone number +372 5343 6426.<\/li>\n<li>Please add the Omniva parcel terminal for return to the information you include in the parcel. The customer will also be charged for the cost of returning the parcel. Payment will be made at the parcel machine on receipt of the parcel.&nbsp;<\/li>\n<\/ol>\t\t\t\t\t\t\t\t<\/div>\n\t\t\t\t<\/div>\n\t\t\t\t\t<\/div>\n\t\t<\/div>\n\t\t\t\t\t<\/div>\n\t\t<\/section>\n\t\t\t\t<\/div>","protected":false},"excerpt":{"rendered":"<p>HELLA CARE Taaskasutamine on meie jaoks v\u00e4ga oluline, seega pakume enamus Hella Hair toodetele Hella Care teenust ehk vahetame scrunchie sees oleva v\u00e4ljaveninud kummi TASUTA uue vastu, et saaksid oma patsikummi taaskasutada. Teostame hoolduse scrunchile 21 p\u00e4eva jooksul ning teavitame Sind, kui oleme valmis panema paki tagasi Sinu poole teele. Kollektsioonid, millele pakume HELLA CARE [&hellip;]<\/p>\n","protected":false},"author":155,"featured_media":12150,"parent":0,"menu_order":0,"comment_status":"closed","ping_status":"closed","template":"","meta":{"footnotes":""},"class_list":["post-9770","page","type-page","status-publish","has-post-thumbnail","hentry"],"yoast_head":"<!-- This site is optimized with the Yoast SEO plugin v27.3 - https:\/\/yoast.com\/product\/yoast-seo-wordpress\/ -->\n<title>Hella Care | Hella Hair<\/title>\n<meta name=\"description\" content=\"Taaskasutamine on meie jaoks v\u00e4ga oluline, seega pakume enamus Hella Hair toodetele Hella Care teenust ehk vahetame scrunchie sees ...\" \/>\n<meta name=\"robots\" content=\"index, follow, max-snippet:-1, max-image-preview:large, max-video-preview:-1\" \/>\n<link rel=\"canonical\" href=\"https:\/\/hellahair.eu\/en\/hella-care\/\" \/>\n<meta property=\"og:locale\" content=\"en_GB\" \/>\n<meta property=\"og:type\" content=\"article\" \/>\n<meta property=\"og:title\" content=\"Hella Care | Hella Hair\" \/>\n<meta property=\"og:description\" content=\"Taaskasutamine on meie jaoks v\u00e4ga oluline, seega pakume enamus Hella Hair toodetele Hella Care teenust ehk vahetame scrunchie sees ...\" \/>\n<meta property=\"og:url\" content=\"https:\/\/hellahair.eu\/en\/hella-care\/\" \/>\n<meta property=\"og:site_name\" content=\"Hella Hair\" \/>\n<meta property=\"article:publisher\" content=\"https:\/\/www.facebook.com\/hellahair.ee\/\" \/>\n<meta property=\"article:modified_time\" content=\"2024-03-13T13:25:00+00:00\" \/>\n<meta property=\"og:image\" content=\"https:\/\/hellahair.eu\/wp-content\/uploads\/2021\/09\/Hella-CARED-3.png\" \/>\n\t<meta property=\"og:image:width\" content=\"2000\" \/>\n\t<meta property=\"og:image:height\" content=\"1332\" \/>\n\t<meta property=\"og:image:type\" content=\"image\/png\" \/>\n<meta name=\"twitter:card\" content=\"summary_large_image\" \/>\n<meta name=\"twitter:label1\" content=\"Estimated reading time\" \/>\n\t<meta name=\"twitter:data1\" content=\"2 minutes\" \/>\n<script type=\"application\/ld+json\" class=\"yoast-schema-graph\">{\"@context\":\"https:\\\/\\\/schema.org\",\"@graph\":[{\"@type\":\"WebPage\",\"@id\":\"https:\\\/\\\/hellahair.eu\\\/hella-care\\\/\",\"url\":\"https:\\\/\\\/hellahair.eu\\\/hella-care\\\/\",\"name\":\"Hella Care | Hella Hair\",\"isPartOf\":{\"@id\":\"https:\\\/\\\/hellahair.eu\\\/#website\"},\"primaryImageOfPage\":{\"@id\":\"https:\\\/\\\/hellahair.eu\\\/hella-care\\\/#primaryimage\"},\"image\":{\"@id\":\"https:\\\/\\\/hellahair.eu\\\/hella-care\\\/#primaryimage\"},\"thumbnailUrl\":\"https:\\\/\\\/hellahair.eu\\\/wp-content\\\/uploads\\\/2021\\\/09\\\/Hella-CARED-3.png\",\"datePublished\":\"2021-09-15T13:09:52+00:00\",\"dateModified\":\"2024-03-13T13:25:00+00:00\",\"description\":\"Taaskasutamine on meie jaoks v\u00e4ga oluline, seega pakume enamus Hella Hair toodetele Hella Care teenust ehk vahetame scrunchie sees ...\",\"breadcrumb\":{\"@id\":\"https:\\\/\\\/hellahair.eu\\\/hella-care\\\/#breadcrumb\"},\"inLanguage\":\"en-GB\",\"potentialAction\":[{\"@type\":\"ReadAction\",\"target\":[\"https:\\\/\\\/hellahair.eu\\\/hella-care\\\/\"]}]},{\"@type\":\"ImageObject\",\"inLanguage\":\"en-GB\",\"@id\":\"https:\\\/\\\/hellahair.eu\\\/hella-care\\\/#primaryimage\",\"url\":\"https:\\\/\\\/hellahair.eu\\\/wp-content\\\/uploads\\\/2021\\\/09\\\/Hella-CARED-3.png\",\"contentUrl\":\"https:\\\/\\\/hellahair.eu\\\/wp-content\\\/uploads\\\/2021\\\/09\\\/Hella-CARED-3.png\",\"width\":2000,\"height\":1332},{\"@type\":\"BreadcrumbList\",\"@id\":\"https:\\\/\\\/hellahair.eu\\\/hella-care\\\/#breadcrumb\",\"itemListElement\":[{\"@type\":\"ListItem\",\"position\":1,\"name\":\"Home\",\"item\":\"https:\\\/\\\/hellahair.eu\\\/\"},{\"@type\":\"ListItem\",\"position\":2,\"name\":\"Hella Care\"}]},{\"@type\":\"WebSite\",\"@id\":\"https:\\\/\\\/hellahair.eu\\\/#website\",\"url\":\"https:\\\/\\\/hellahair.eu\\\/\",\"name\":\"Hella Hair\",\"description\":\"Luksuslikud juuste aksessuaarid\",\"publisher\":{\"@id\":\"https:\\\/\\\/hellahair.eu\\\/#organization\"},\"potentialAction\":[{\"@type\":\"SearchAction\",\"target\":{\"@type\":\"EntryPoint\",\"urlTemplate\":\"https:\\\/\\\/hellahair.eu\\\/?s={search_term_string}\"},\"query-input\":{\"@type\":\"PropertyValueSpecification\",\"valueRequired\":true,\"valueName\":\"search_term_string\"}}],\"inLanguage\":\"en-GB\"},{\"@type\":\"Organization\",\"@id\":\"https:\\\/\\\/hellahair.eu\\\/#organization\",\"name\":\"Hella Hair O\u00dc\",\"url\":\"https:\\\/\\\/hellahair.eu\\\/\",\"logo\":{\"@type\":\"ImageObject\",\"inLanguage\":\"en-GB\",\"@id\":\"https:\\\/\\\/hellahair.eu\\\/#\\\/schema\\\/logo\\\/image\\\/\",\"url\":\"https:\\\/\\\/hellahair.eu\\\/wp-content\\\/uploads\\\/2018\\\/10\\\/hella_logo_dark.png\",\"contentUrl\":\"https:\\\/\\\/hellahair.eu\\\/wp-content\\\/uploads\\\/2018\\\/10\\\/hella_logo_dark.png\",\"width\":2551,\"height\":600,\"caption\":\"Hella Hair O\u00dc\"},\"image\":{\"@id\":\"https:\\\/\\\/hellahair.eu\\\/#\\\/schema\\\/logo\\\/image\\\/\"},\"sameAs\":[\"https:\\\/\\\/www.facebook.com\\\/hellahair.ee\\\/\",\"https:\\\/\\\/www.instagram.com\\\/hellahair.ee\\\/\"]}]}<\/script>\n<!-- \/ Yoast SEO plugin. -->","yoast_head_json":{"title":"Hella Care | Hella Hair","description":"Taaskasutamine on meie jaoks v\u00e4ga oluline, seega pakume enamus Hella Hair toodetele Hella Care teenust ehk vahetame scrunchie sees ...","robots":{"index":"index","follow":"follow","max-snippet":"max-snippet:-1","max-image-preview":"max-image-preview:large","max-video-preview":"max-video-preview:-1"},"canonical":"https:\/\/hellahair.eu\/en\/hella-care\/","og_locale":"en_GB","og_type":"article","og_title":"Hella Care | Hella Hair","og_description":"Taaskasutamine on meie jaoks v\u00e4ga oluline, seega pakume enamus Hella Hair toodetele Hella Care teenust ehk vahetame scrunchie sees ...","og_url":"https:\/\/hellahair.eu\/en\/hella-care\/","og_site_name":"Hella Hair","article_publisher":"https:\/\/www.facebook.com\/hellahair.ee\/","article_modified_time":"2024-03-13T13:25:00+00:00","og_image":[{"width":2000,"height":1332,"url":"https:\/\/hellahair.eu\/wp-content\/uploads\/2021\/09\/Hella-CARED-3.png","type":"image\/png"}],"twitter_card":"summary_large_image","twitter_misc":{"Estimated reading time":"2 minutes"},"schema":{"@context":"https:\/\/schema.org","@graph":[{"@type":"WebPage","@id":"https:\/\/hellahair.eu\/hella-care\/","url":"https:\/\/hellahair.eu\/hella-care\/","name":"Hella Care | Hella Hair","isPartOf":{"@id":"https:\/\/hellahair.eu\/#website"},"primaryImageOfPage":{"@id":"https:\/\/hellahair.eu\/hella-care\/#primaryimage"},"image":{"@id":"https:\/\/hellahair.eu\/hella-care\/#primaryimage"},"thumbnailUrl":"https:\/\/hellahair.eu\/wp-content\/uploads\/2021\/09\/Hella-CARED-3.png","datePublished":"2021-09-15T13:09:52+00:00","dateModified":"2024-03-13T13:25:00+00:00","description":"Taaskasutamine on meie jaoks v\u00e4ga oluline, seega pakume enamus Hella Hair toodetele Hella Care teenust ehk vahetame scrunchie sees ...","breadcrumb":{"@id":"https:\/\/hellahair.eu\/hella-care\/#breadcrumb"},"inLanguage":"en-GB","potentialAction":[{"@type":"ReadAction","target":["https:\/\/hellahair.eu\/hella-care\/"]}]},{"@type":"ImageObject","inLanguage":"en-GB","@id":"https:\/\/hellahair.eu\/hella-care\/#primaryimage","url":"https:\/\/hellahair.eu\/wp-content\/uploads\/2021\/09\/Hella-CARED-3.png","contentUrl":"https:\/\/hellahair.eu\/wp-content\/uploads\/2021\/09\/Hella-CARED-3.png","width":2000,"height":1332},{"@type":"BreadcrumbList","@id":"https:\/\/hellahair.eu\/hella-care\/#breadcrumb","itemListElement":[{"@type":"ListItem","position":1,"name":"Home","item":"https:\/\/hellahair.eu\/"},{"@type":"ListItem","position":2,"name":"Hella Care"}]},{"@type":"WebSite","@id":"https:\/\/hellahair.eu\/#website","url":"https:\/\/hellahair.eu\/","name":"Hella Hair","description":"Luxury quality hair accessories","publisher":{"@id":"https:\/\/hellahair.eu\/#organization"},"potentialAction":[{"@type":"SearchAction","target":{"@type":"EntryPoint","urlTemplate":"https:\/\/hellahair.eu\/?s={search_term_string}"},"query-input":{"@type":"PropertyValueSpecification","valueRequired":true,"valueName":"search_term_string"}}],"inLanguage":"en-GB"},{"@type":"Organization","@id":"https:\/\/hellahair.eu\/#organization","name":"Hella Hair O\u00dc","url":"https:\/\/hellahair.eu\/","logo":{"@type":"ImageObject","inLanguage":"en-GB","@id":"https:\/\/hellahair.eu\/#\/schema\/logo\/image\/","url":"https:\/\/hellahair.eu\/wp-content\/uploads\/2018\/10\/hella_logo_dark.png","contentUrl":"https:\/\/hellahair.eu\/wp-content\/uploads\/2018\/10\/hella_logo_dark.png","width":2551,"height":600,"caption":"Hella Hair O\u00dc"},"image":{"@id":"https:\/\/hellahair.eu\/#\/schema\/logo\/image\/"},"sameAs":["https:\/\/www.facebook.com\/hellahair.ee\/","https:\/\/www.instagram.com\/hellahair.ee\/"]}]}},"_links":{"self":[{"href":"https:\/\/hellahair.eu\/en\/wp-json\/wp\/v2\/pages\/9770","targetHints":{"allow":["GET"]}}],"collection":[{"href":"https:\/\/hellahair.eu\/en\/wp-json\/wp\/v2\/pages"}],"about":[{"href":"https:\/\/hellahair.eu\/en\/wp-json\/wp\/v2\/types\/page"}],"author":[{"embeddable":true,"href":"https:\/\/hellahair.eu\/en\/wp-json\/wp\/v2\/users\/155"}],"replies":[{"embeddable":true,"href":"https:\/\/hellahair.eu\/en\/wp-json\/wp\/v2\/comments?post=9770"}],"version-history":[{"count":0,"href":"https:\/\/hellahair.eu\/en\/wp-json\/wp\/v2\/pages\/9770\/revisions"}],"wp:featuredmedia":[{"embeddable":true,"href":"https:\/\/hellahair.eu\/en\/wp-json\/wp\/v2\/media\/12150"}],"wp:attachment":[{"href":"https:\/\/hellahair.eu\/en\/wp-json\/wp\/v2\/media?parent=9770"}],"curies":[{"name":"wp","href":"https:\/\/api.w.org\/{rel}","templated":true}]}}