{"id":18256,"date":"2021-12-07T11:08:19","date_gmt":"2021-12-07T09:08:19","guid":{"rendered":"https:\/\/hellahair.ee\/?post_type=product&#038;p=18256"},"modified":"2025-12-04T20:03:02","modified_gmt":"2025-12-04T18:03:02","slug":"hella-hair-scrunchie-royl-blue-mini","status":"publish","type":"product","link":"https:\/\/hellahair.eu\/en\/product\/hella-hair-scrunchie-royl-blue-mini\/","title":{"rendered":"HELLA HAIR SCRUNCHIE  ROYAL BLUE &#8211; MINI"},"content":{"rendered":"<p>Material: 95% polyester, 5% spandex.<\/p>\n<p class=\"translation-block\">Care: If your <i> scrunchie <\/i> is dirty, we recommend hand washing with lukewarm water. Gentle wash products may be used. For washing in the washing machine, we recommend using a laundry bag and a gentle washing program.<\/p>\n<p class=\"translation-block\">For this scrunchie from this collection, we offer the HELLA CARE service. We replace the stretched rubber inside the scrunchie for FREE.<\/p>","protected":false},"excerpt":{"rendered":"<p>Hella Royal Blue scrunchie does not need any introduction - it is sophisticated, royal and a certain show stopper.<\/p>\n<p><span data-sheets-value=\"{&quot;1&quot;:2,&quot;2&quot;:&quot;Mini on meie k\u00f5ige v\u00e4iksem scrunchie suurus ja sobib enim l\u00fchikestele ja \u00f5hukestele juustele. Kanga laius kummi \u00fcmber 2cm. &quot;}\" data-sheets-userformat=\"{&quot;2&quot;:769,&quot;3&quot;:{&quot;1&quot;:0},&quot;11&quot;:4,&quot;12&quot;:0}\">Mini size is the smallest scrunchie in our selection, the fabric around the hair tie is 2cm. This is best suited for short and thin hair types. <\/span><\/p>\n<p><span data-sheets-value=\"{&quot;1&quot;:2,&quot;2&quot;:&quot;Samet kangas on spetsiaalse \u00d6kotex tekstiiltoodete m\u00e4rgisega, mis tagab, et tooteid on testitud teatud kahjulike ainete suhtes ja need vastavad kindlatele piirnormidele.&quot;}\" data-sheets-userformat=\"{&quot;2&quot;:15107,&quot;3&quot;:{&quot;1&quot;:0},&quot;4&quot;:{&quot;1&quot;:2,&quot;2&quot;:16777215},&quot;11&quot;:4,&quot;12&quot;:0,&quot;14&quot;:{&quot;1&quot;:3,&quot;3&quot;:1},&quot;15&quot;:&quot;Arial&quot;,&quot;16&quot;:10}\">The velvet fabric has a special OEKO-TEX textile product label, which ensures that the products have been tested for harmful substances and that they correspond to certain marginal rates.<\/span><\/p>\n<p>&nbsp;<\/p>\n<p>Hella Hair\u00a0<i>scrunchie\u00a0<\/i>is made out of soft and quality fabric, which is not breaking your hair. Wearable in hair and as an accessory around the arm.<\/p>\n<p>Designed and handmade in Estonia.<\/p>","protected":false},"featured_media":18225,"template":"","meta":[],"product_brand":[],"product_cat":[134],"product_tag":[],"class_list":{"0":"post-18256","1":"product","2":"type-product","3":"status-publish","4":"has-post-thumbnail","6":"product_cat-samet-kollektsioon","8":"first","9":"instock","10":"shipping-taxable","11":"purchasable","12":"product-type-simple"},"yoast_head":"<!-- This site is optimized with the Yoast SEO plugin v27.3 - https:\/\/yoast.com\/product\/yoast-seo-wordpress\/ -->\n<title>HELLA HAIR SCRUNCHIE ROYAL BLUE - MINI | Hella Hair<\/title>\n<meta name=\"robots\" content=\"index, follow, max-snippet:-1, max-image-preview:large, max-video-preview:-1\" \/>\n<link rel=\"canonical\" href=\"https:\/\/hellahair.eu\/en\/product\/hella-hair-scrunchie-royl-blue-mini\/\" \/>\n<meta property=\"og:locale\" content=\"en_GB\" \/>\n<meta property=\"og:type\" content=\"article\" \/>\n<meta property=\"og:title\" content=\"HELLA HAIR SCRUNCHIE ROYAL BLUE - MINI | Hella Hair\" \/>\n<meta property=\"og:description\" content=\"Hella Royal Blue scrunchie ei vaja eraldi tutvustamist- Ta on v\u00e4ljapeetud, kuninglik ja kindel pilgup\u00fc\u00fcdja.  Mini on meie k\u00f5ige v\u00e4iksem scrunchie suurus ja sobib enim l\u00fchikestele ja \u00f5hukestele juustele. Kanga laius kummi \u00fcmber 2cm.   Samet kangas on spetsiaalse \u00d6kotex tekstiiltoodete m\u00e4rgisega, mis tagab, et tooteid on testitud teatud kahjulike ainete suhtes ja need vastavad kindlatele piirnormidele.  &nbsp;  Hella Hair\u00a0scrunchie\u00a0on valmistatud pehmest ja kvaliteetsest kangast, mis ei l\u00f5hu Sinu juukseid. Kantav juustes ning aksessuaarina \u00fcmber k\u00e4e.  Disainitud ja \u00f5mmeldud k\u00e4sit\u00f6\u00f6na Eestis.\" \/>\n<meta property=\"og:url\" content=\"https:\/\/hellahair.eu\/en\/product\/hella-hair-scrunchie-royl-blue-mini\/\" \/>\n<meta property=\"og:site_name\" content=\"Hella Hair\" \/>\n<meta property=\"article:publisher\" content=\"https:\/\/www.facebook.com\/hellahair.ee\/\" \/>\n<meta property=\"article:modified_time\" content=\"2025-12-04T18:03:02+00:00\" \/>\n<meta property=\"og:image\" content=\"https:\/\/hellahair.eu\/wp-content\/uploads\/2021\/12\/Royal-blue-mini.jpg\" \/>\n\t<meta property=\"og:image:width\" content=\"768\" \/>\n\t<meta property=\"og:image:height\" content=\"768\" \/>\n\t<meta property=\"og:image:type\" content=\"image\/jpeg\" \/>\n<meta name=\"twitter:card\" content=\"summary_large_image\" \/>\n<script type=\"application\/ld+json\" class=\"yoast-schema-graph\">{\"@context\":\"https:\\\/\\\/schema.org\",\"@graph\":[{\"@type\":\"WebPage\",\"@id\":\"https:\\\/\\\/hellahair.eu\\\/toode\\\/hella-hair-scrunchie-royl-blue-mini\\\/\",\"url\":\"https:\\\/\\\/hellahair.eu\\\/toode\\\/hella-hair-scrunchie-royl-blue-mini\\\/\",\"name\":\"HELLA HAIR SCRUNCHIE ROYAL BLUE - MINI | Hella Hair\",\"isPartOf\":{\"@id\":\"https:\\\/\\\/hellahair.eu\\\/#website\"},\"primaryImageOfPage\":{\"@id\":\"https:\\\/\\\/hellahair.eu\\\/toode\\\/hella-hair-scrunchie-royl-blue-mini\\\/#primaryimage\"},\"image\":{\"@id\":\"https:\\\/\\\/hellahair.eu\\\/toode\\\/hella-hair-scrunchie-royl-blue-mini\\\/#primaryimage\"},\"thumbnailUrl\":\"https:\\\/\\\/hellahair.eu\\\/wp-content\\\/uploads\\\/2021\\\/12\\\/Royal-blue-mini.jpg\",\"datePublished\":\"2021-12-07T09:08:19+00:00\",\"dateModified\":\"2025-12-04T18:03:02+00:00\",\"breadcrumb\":{\"@id\":\"https:\\\/\\\/hellahair.eu\\\/toode\\\/hella-hair-scrunchie-royl-blue-mini\\\/#breadcrumb\"},\"inLanguage\":\"en-GB\",\"potentialAction\":[{\"@type\":\"ReadAction\",\"target\":[\"https:\\\/\\\/hellahair.eu\\\/toode\\\/hella-hair-scrunchie-royl-blue-mini\\\/\"]}]},{\"@type\":\"ImageObject\",\"inLanguage\":\"en-GB\",\"@id\":\"https:\\\/\\\/hellahair.eu\\\/toode\\\/hella-hair-scrunchie-royl-blue-mini\\\/#primaryimage\",\"url\":\"https:\\\/\\\/hellahair.eu\\\/wp-content\\\/uploads\\\/2021\\\/12\\\/Royal-blue-mini.jpg\",\"contentUrl\":\"https:\\\/\\\/hellahair.eu\\\/wp-content\\\/uploads\\\/2021\\\/12\\\/Royal-blue-mini.jpg\",\"width\":768,\"height\":768},{\"@type\":\"BreadcrumbList\",\"@id\":\"https:\\\/\\\/hellahair.eu\\\/toode\\\/hella-hair-scrunchie-royl-blue-mini\\\/#breadcrumb\",\"itemListElement\":[{\"@type\":\"ListItem\",\"position\":1,\"name\":\"Home\",\"item\":\"https:\\\/\\\/hellahair.eu\\\/\"},{\"@type\":\"ListItem\",\"position\":2,\"name\":\"Pood\",\"item\":\"https:\\\/\\\/hellahair.eu\\\/shop\\\/\"},{\"@type\":\"ListItem\",\"position\":3,\"name\":\"HELLA HAIR SCRUNCHIE ROYAL BLUE &#8211; MINI\"}]},{\"@type\":\"WebSite\",\"@id\":\"https:\\\/\\\/hellahair.eu\\\/#website\",\"url\":\"https:\\\/\\\/hellahair.eu\\\/\",\"name\":\"Hella Hair\",\"description\":\"Luksuslikud juuste aksessuaarid\",\"publisher\":{\"@id\":\"https:\\\/\\\/hellahair.eu\\\/#organization\"},\"potentialAction\":[{\"@type\":\"SearchAction\",\"target\":{\"@type\":\"EntryPoint\",\"urlTemplate\":\"https:\\\/\\\/hellahair.eu\\\/?s={search_term_string}\"},\"query-input\":{\"@type\":\"PropertyValueSpecification\",\"valueRequired\":true,\"valueName\":\"search_term_string\"}}],\"inLanguage\":\"en-GB\"},{\"@type\":\"Organization\",\"@id\":\"https:\\\/\\\/hellahair.eu\\\/#organization\",\"name\":\"Hella Hair O\u00dc\",\"url\":\"https:\\\/\\\/hellahair.eu\\\/\",\"logo\":{\"@type\":\"ImageObject\",\"inLanguage\":\"en-GB\",\"@id\":\"https:\\\/\\\/hellahair.eu\\\/#\\\/schema\\\/logo\\\/image\\\/\",\"url\":\"https:\\\/\\\/hellahair.eu\\\/wp-content\\\/uploads\\\/2018\\\/10\\\/hella_logo_dark.png\",\"contentUrl\":\"https:\\\/\\\/hellahair.eu\\\/wp-content\\\/uploads\\\/2018\\\/10\\\/hella_logo_dark.png\",\"width\":2551,\"height\":600,\"caption\":\"Hella Hair O\u00dc\"},\"image\":{\"@id\":\"https:\\\/\\\/hellahair.eu\\\/#\\\/schema\\\/logo\\\/image\\\/\"},\"sameAs\":[\"https:\\\/\\\/www.facebook.com\\\/hellahair.ee\\\/\",\"https:\\\/\\\/www.instagram.com\\\/hellahair.ee\\\/\"]}]}<\/script>\n<!-- \/ Yoast SEO plugin. -->","yoast_head_json":{"title":"HELLA HAIR SCRUNCHIE ROYAL BLUE - MINI | Hella Hair","robots":{"index":"index","follow":"follow","max-snippet":"max-snippet:-1","max-image-preview":"max-image-preview:large","max-video-preview":"max-video-preview:-1"},"canonical":"https:\/\/hellahair.eu\/en\/product\/hella-hair-scrunchie-royl-blue-mini\/","og_locale":"en_GB","og_type":"article","og_title":"HELLA HAIR SCRUNCHIE ROYAL BLUE - MINI | Hella Hair","og_description":"Hella Royal Blue scrunchie ei vaja eraldi tutvustamist- Ta on v\u00e4ljapeetud, kuninglik ja kindel pilgup\u00fc\u00fcdja.  Mini on meie k\u00f5ige v\u00e4iksem scrunchie suurus ja sobib enim l\u00fchikestele ja \u00f5hukestele juustele. Kanga laius kummi \u00fcmber 2cm.   Samet kangas on spetsiaalse \u00d6kotex tekstiiltoodete m\u00e4rgisega, mis tagab, et tooteid on testitud teatud kahjulike ainete suhtes ja need vastavad kindlatele piirnormidele.  &nbsp;  Hella Hair\u00a0scrunchie\u00a0on valmistatud pehmest ja kvaliteetsest kangast, mis ei l\u00f5hu Sinu juukseid. Kantav juustes ning aksessuaarina \u00fcmber k\u00e4e.  Disainitud ja \u00f5mmeldud k\u00e4sit\u00f6\u00f6na Eestis.","og_url":"https:\/\/hellahair.eu\/en\/product\/hella-hair-scrunchie-royl-blue-mini\/","og_site_name":"Hella Hair","article_publisher":"https:\/\/www.facebook.com\/hellahair.ee\/","article_modified_time":"2025-12-04T18:03:02+00:00","og_image":[{"width":768,"height":768,"url":"https:\/\/hellahair.eu\/wp-content\/uploads\/2021\/12\/Royal-blue-mini.jpg","type":"image\/jpeg"}],"twitter_card":"summary_large_image","schema":{"@context":"https:\/\/schema.org","@graph":[{"@type":"WebPage","@id":"https:\/\/hellahair.eu\/toode\/hella-hair-scrunchie-royl-blue-mini\/","url":"https:\/\/hellahair.eu\/toode\/hella-hair-scrunchie-royl-blue-mini\/","name":"HELLA HAIR SCRUNCHIE ROYAL BLUE - MINI | Hella Hair","isPartOf":{"@id":"https:\/\/hellahair.eu\/#website"},"primaryImageOfPage":{"@id":"https:\/\/hellahair.eu\/toode\/hella-hair-scrunchie-royl-blue-mini\/#primaryimage"},"image":{"@id":"https:\/\/hellahair.eu\/toode\/hella-hair-scrunchie-royl-blue-mini\/#primaryimage"},"thumbnailUrl":"https:\/\/hellahair.eu\/wp-content\/uploads\/2021\/12\/Royal-blue-mini.jpg","datePublished":"2021-12-07T09:08:19+00:00","dateModified":"2025-12-04T18:03:02+00:00","breadcrumb":{"@id":"https:\/\/hellahair.eu\/toode\/hella-hair-scrunchie-royl-blue-mini\/#breadcrumb"},"inLanguage":"en-GB","potentialAction":[{"@type":"ReadAction","target":["https:\/\/hellahair.eu\/toode\/hella-hair-scrunchie-royl-blue-mini\/"]}]},{"@type":"ImageObject","inLanguage":"en-GB","@id":"https:\/\/hellahair.eu\/toode\/hella-hair-scrunchie-royl-blue-mini\/#primaryimage","url":"https:\/\/hellahair.eu\/wp-content\/uploads\/2021\/12\/Royal-blue-mini.jpg","contentUrl":"https:\/\/hellahair.eu\/wp-content\/uploads\/2021\/12\/Royal-blue-mini.jpg","width":768,"height":768},{"@type":"BreadcrumbList","@id":"https:\/\/hellahair.eu\/toode\/hella-hair-scrunchie-royl-blue-mini\/#breadcrumb","itemListElement":[{"@type":"ListItem","position":1,"name":"Home","item":"https:\/\/hellahair.eu\/"},{"@type":"ListItem","position":2,"name":"Pood","item":"https:\/\/hellahair.eu\/shop\/"},{"@type":"ListItem","position":3,"name":"HELLA HAIR SCRUNCHIE ROYAL BLUE &#8211; MINI"}]},{"@type":"WebSite","@id":"https:\/\/hellahair.eu\/#website","url":"https:\/\/hellahair.eu\/","name":"Hella Hair","description":"Luxury quality hair accessories","publisher":{"@id":"https:\/\/hellahair.eu\/#organization"},"potentialAction":[{"@type":"SearchAction","target":{"@type":"EntryPoint","urlTemplate":"https:\/\/hellahair.eu\/?s={search_term_string}"},"query-input":{"@type":"PropertyValueSpecification","valueRequired":true,"valueName":"search_term_string"}}],"inLanguage":"en-GB"},{"@type":"Organization","@id":"https:\/\/hellahair.eu\/#organization","name":"Hella Hair O\u00dc","url":"https:\/\/hellahair.eu\/","logo":{"@type":"ImageObject","inLanguage":"en-GB","@id":"https:\/\/hellahair.eu\/#\/schema\/logo\/image\/","url":"https:\/\/hellahair.eu\/wp-content\/uploads\/2018\/10\/hella_logo_dark.png","contentUrl":"https:\/\/hellahair.eu\/wp-content\/uploads\/2018\/10\/hella_logo_dark.png","width":2551,"height":600,"caption":"Hella Hair O\u00dc"},"image":{"@id":"https:\/\/hellahair.eu\/#\/schema\/logo\/image\/"},"sameAs":["https:\/\/www.facebook.com\/hellahair.ee\/","https:\/\/www.instagram.com\/hellahair.ee\/"]}]}},"_links":{"self":[{"href":"https:\/\/hellahair.eu\/en\/wp-json\/wp\/v2\/product\/18256","targetHints":{"allow":["GET"]}}],"collection":[{"href":"https:\/\/hellahair.eu\/en\/wp-json\/wp\/v2\/product"}],"about":[{"href":"https:\/\/hellahair.eu\/en\/wp-json\/wp\/v2\/types\/product"}],"wp:featuredmedia":[{"embeddable":true,"href":"https:\/\/hellahair.eu\/en\/wp-json\/wp\/v2\/media\/18225"}],"wp:attachment":[{"href":"https:\/\/hellahair.eu\/en\/wp-json\/wp\/v2\/media?parent=18256"}],"wp:term":[{"taxonomy":"product_brand","embeddable":true,"href":"https:\/\/hellahair.eu\/en\/wp-json\/wp\/v2\/product_brand?post=18256"},{"taxonomy":"product_cat","embeddable":true,"href":"https:\/\/hellahair.eu\/en\/wp-json\/wp\/v2\/product_cat?post=18256"},{"taxonomy":"product_tag","embeddable":true,"href":"https:\/\/hellahair.eu\/en\/wp-json\/wp\/v2\/product_tag?post=18256"}],"curies":[{"name":"wp","href":"https:\/\/api.w.org\/{rel}","templated":true}]}}