{"id":34574,"date":"2023-04-08T01:00:34","date_gmt":"2023-04-07T22:00:34","guid":{"rendered":"https:\/\/hellahair.ee\/?post_type=product&#038;p=34574"},"modified":"2026-03-15T18:24:56","modified_gmt":"2026-03-15T16:24:56","slug":"hella-home-hairband","status":"publish","type":"product","link":"https:\/\/hellahair.eu\/en\/product\/hella-home-hairband\/","title":{"rendered":"HELLA HOME HAIRBAND"},"content":{"rendered":"<p><span data-sheets-value=\"{&quot;1&quot;:2,&quot;2&quot;:&quot;Materjal: 90% lina, 10% puuvill Hooldus: Kui Sinu scrunchie on m\u00e4\u00e4rdunud, siis me soovitame k\u00e4sipesu leige veega. Kasutada v\u00f5ib \u00f5rnale pesule m\u00f5eldud vahendeid. Pesumasinas pesemiseks soovitame kasutada pesukotti ja \u00f5rna pesuprogrammi 30 kraadi juures. Kuivatisse scrunchiet mitte panna.\\n\\nSelle kollektsiooni scrunchidele pakume HELLA CARE teenust ehk vahetame scrunchie sees oleva v\u00e4ljaveninud kummi v\u00e4lja TASUTA.&quot;}\" data-sheets-userformat=\"{&quot;2&quot;:7107,&quot;3&quot;:{&quot;1&quot;:0},&quot;4&quot;:{&quot;1&quot;:2,&quot;2&quot;:16777215},&quot;9&quot;:1,&quot;10&quot;:1,&quot;11&quot;:4,&quot;12&quot;:0,&quot;14&quot;:{&quot;1&quot;:2,&quot;2&quot;:0},&quot;15&quot;:&quot;Arial&quot;}\">Material: 70% bamboo, 25% cotton, 5% EA<\/span><\/p>\n<p><span data-sheets-value=\"{&quot;1&quot;:2,&quot;2&quot;:&quot;Materjal: 90% lina, 10% puuvill Hooldus: Kui Sinu scrunchie on m\u00e4\u00e4rdunud, siis me soovitame k\u00e4sipesu leige veega. Kasutada v\u00f5ib \u00f5rnale pesule m\u00f5eldud vahendeid. Pesumasinas pesemiseks soovitame kasutada pesukotti ja \u00f5rna pesuprogrammi 30 kraadi juures. Kuivatisse scrunchiet mitte panna.\\n\\nSelle kollektsiooni scrunchidele pakume HELLA CARE teenust ehk vahetame scrunchie sees oleva v\u00e4ljaveninud kummi v\u00e4lja TASUTA.&quot;}\" data-sheets-userformat=\"{&quot;2&quot;:7107,&quot;3&quot;:{&quot;1&quot;:0},&quot;4&quot;:{&quot;1&quot;:2,&quot;2&quot;:16777215},&quot;9&quot;:1,&quot;10&quot;:1,&quot;11&quot;:4,&quot;12&quot;:0,&quot;14&quot;:{&quot;1&quot;:2,&quot;2&quot;:0},&quot;15&quot;:&quot;Arial&quot;}\">Care: If your hairband is dirty, we recommend hand washing with lukewarm water. Gentle wash products may be used. For washing in the washing machine, we recommend using a laundry bag and a gentle washing program maximum of 30 degrees. Do not put the hairband into the dryer.<\/span><\/p>\n<p>&nbsp;<\/p>","protected":false},"excerpt":{"rendered":"<p>Calm and soft white tone, that cherishes the eye. Perfect accessory in the summer with tanned skin, that bring out the tanned look. The name of the hairband comes from Looraxo white home.<\/p>\n<p>This bamboo fabric has a soft silky texture similar to cashmere. It is breathable and extremely comfortable against the skin. Criss-cross texture creates microscopic openings in the fibres, creating truly exceptional moisture absorption. Bamboo is eco friendly fabric, that does not have a great impact on the environment.<\/p>\n<p>Collection is inspired by the Scandinavian summer: bright nights, warm summer breeze and enjoying life outside. This collection describes that moment, when you understand, that you cannot find Estoninan summer magic from hours long flights.<\/p>","protected":false},"featured_media":34757,"template":"","meta":[],"product_brand":[],"product_cat":[140],"product_tag":[],"class_list":{"0":"post-34574","1":"product","2":"type-product","3":"status-publish","4":"has-post-thumbnail","6":"product_cat-peapaelad","8":"first","9":"instock","10":"shipping-taxable","11":"purchasable","12":"product-type-simple"},"yoast_head":"<!-- This site is optimized with the Yoast SEO plugin v27.3 - https:\/\/yoast.com\/product\/yoast-seo-wordpress\/ -->\n<title>HELLA HOME HAIRBAND | Hella Hair<\/title>\n<meta name=\"robots\" content=\"index, follow, max-snippet:-1, max-image-preview:large, max-video-preview:-1\" \/>\n<link rel=\"canonical\" href=\"https:\/\/hellahair.eu\/en\/product\/hella-home-hairband\/\" \/>\n<meta property=\"og:locale\" content=\"en_GB\" \/>\n<meta property=\"og:type\" content=\"article\" \/>\n<meta property=\"og:title\" content=\"HELLA HOME HAIRBAND | Hella Hair\" \/>\n<meta property=\"og:description\" content=\"Rahulik ja pehme valge toon, mis hellitab silma. Suvel p\u00e4evitunud nahaga ideaalne aksessuaar, mis r\u00f5hutab jumekat nahatooni. Nime on toon saanud looraxo helge kodu j\u00e4rgi.  Sellel bambuskangal on pehme siidine tekstuur, sarnane ka\u0161miirile. Kangas on hingav ja \u00e4\u00e4rmiselt mugav nahale. Selle risti-r\u00e4sti muster loob kanga kiududesse mikroskoobilised avavused, mis loob erakordse niiskuse imamise. Bambus on \u00f6ko-s\u00f5bralik kangas, millel ei ole suurt kahju keskkonnale.  Kollektsioon on inspireeritud Skandinaavia suvest: valged \u00f5htud, \u00f5rn soe tuul ja \u00f5ues elu nautimine. Kollektsioon kirjeldab seda hetke, kui m\u00f5istad, et Eesti suve sarnast v\u00f5lu ei leiagi mitmetunnise lennureisi kauguselt.\" \/>\n<meta property=\"og:url\" content=\"https:\/\/hellahair.eu\/en\/product\/hella-home-hairband\/\" \/>\n<meta property=\"og:site_name\" content=\"Hella Hair\" \/>\n<meta property=\"article:publisher\" content=\"https:\/\/www.facebook.com\/hellahair.ee\/\" \/>\n<meta property=\"article:modified_time\" content=\"2026-03-15T16:24:56+00:00\" \/>\n<meta property=\"og:image\" content=\"https:\/\/hellahair.eu\/wp-content\/uploads\/2022\/06\/hh_looraxo_ljstuudio-0330_valge.2.jpg\" \/>\n\t<meta property=\"og:image:width\" content=\"768\" \/>\n\t<meta property=\"og:image:height\" content=\"768\" \/>\n\t<meta property=\"og:image:type\" content=\"image\/jpeg\" \/>\n<meta name=\"twitter:card\" content=\"summary_large_image\" \/>\n<meta name=\"twitter:label1\" content=\"Estimated reading time\" \/>\n\t<meta name=\"twitter:data1\" content=\"1 minute\" \/>\n<script type=\"application\/ld+json\" class=\"yoast-schema-graph\">{\"@context\":\"https:\\\/\\\/schema.org\",\"@graph\":[{\"@type\":\"WebPage\",\"@id\":\"https:\\\/\\\/hellahair.eu\\\/toode\\\/hella-home-hairband\\\/\",\"url\":\"https:\\\/\\\/hellahair.eu\\\/toode\\\/hella-home-hairband\\\/\",\"name\":\"HELLA HOME HAIRBAND | Hella Hair\",\"isPartOf\":{\"@id\":\"https:\\\/\\\/hellahair.eu\\\/#website\"},\"primaryImageOfPage\":{\"@id\":\"https:\\\/\\\/hellahair.eu\\\/toode\\\/hella-home-hairband\\\/#primaryimage\"},\"image\":{\"@id\":\"https:\\\/\\\/hellahair.eu\\\/toode\\\/hella-home-hairband\\\/#primaryimage\"},\"thumbnailUrl\":\"https:\\\/\\\/hellahair.eu\\\/wp-content\\\/uploads\\\/2022\\\/06\\\/hh_looraxo_ljstuudio-0330_valge.2.jpg\",\"datePublished\":\"2023-04-07T22:00:34+00:00\",\"dateModified\":\"2026-03-15T16:24:56+00:00\",\"breadcrumb\":{\"@id\":\"https:\\\/\\\/hellahair.eu\\\/toode\\\/hella-home-hairband\\\/#breadcrumb\"},\"inLanguage\":\"en-GB\",\"potentialAction\":[{\"@type\":\"ReadAction\",\"target\":[\"https:\\\/\\\/hellahair.eu\\\/toode\\\/hella-home-hairband\\\/\"]}]},{\"@type\":\"ImageObject\",\"inLanguage\":\"en-GB\",\"@id\":\"https:\\\/\\\/hellahair.eu\\\/toode\\\/hella-home-hairband\\\/#primaryimage\",\"url\":\"https:\\\/\\\/hellahair.eu\\\/wp-content\\\/uploads\\\/2022\\\/06\\\/hh_looraxo_ljstuudio-0330_valge.2.jpg\",\"contentUrl\":\"https:\\\/\\\/hellahair.eu\\\/wp-content\\\/uploads\\\/2022\\\/06\\\/hh_looraxo_ljstuudio-0330_valge.2.jpg\",\"width\":768,\"height\":768},{\"@type\":\"BreadcrumbList\",\"@id\":\"https:\\\/\\\/hellahair.eu\\\/toode\\\/hella-home-hairband\\\/#breadcrumb\",\"itemListElement\":[{\"@type\":\"ListItem\",\"position\":1,\"name\":\"Home\",\"item\":\"https:\\\/\\\/hellahair.eu\\\/\"},{\"@type\":\"ListItem\",\"position\":2,\"name\":\"Pood\",\"item\":\"https:\\\/\\\/hellahair.eu\\\/shop\\\/\"},{\"@type\":\"ListItem\",\"position\":3,\"name\":\"HELLA HOME HAIRBAND\"}]},{\"@type\":\"WebSite\",\"@id\":\"https:\\\/\\\/hellahair.eu\\\/#website\",\"url\":\"https:\\\/\\\/hellahair.eu\\\/\",\"name\":\"Hella Hair\",\"description\":\"Luksuslikud juuste aksessuaarid\",\"publisher\":{\"@id\":\"https:\\\/\\\/hellahair.eu\\\/#organization\"},\"potentialAction\":[{\"@type\":\"SearchAction\",\"target\":{\"@type\":\"EntryPoint\",\"urlTemplate\":\"https:\\\/\\\/hellahair.eu\\\/?s={search_term_string}\"},\"query-input\":{\"@type\":\"PropertyValueSpecification\",\"valueRequired\":true,\"valueName\":\"search_term_string\"}}],\"inLanguage\":\"en-GB\"},{\"@type\":\"Organization\",\"@id\":\"https:\\\/\\\/hellahair.eu\\\/#organization\",\"name\":\"Hella Hair O\u00dc\",\"url\":\"https:\\\/\\\/hellahair.eu\\\/\",\"logo\":{\"@type\":\"ImageObject\",\"inLanguage\":\"en-GB\",\"@id\":\"https:\\\/\\\/hellahair.eu\\\/#\\\/schema\\\/logo\\\/image\\\/\",\"url\":\"https:\\\/\\\/hellahair.eu\\\/wp-content\\\/uploads\\\/2018\\\/10\\\/hella_logo_dark.png\",\"contentUrl\":\"https:\\\/\\\/hellahair.eu\\\/wp-content\\\/uploads\\\/2018\\\/10\\\/hella_logo_dark.png\",\"width\":2551,\"height\":600,\"caption\":\"Hella Hair O\u00dc\"},\"image\":{\"@id\":\"https:\\\/\\\/hellahair.eu\\\/#\\\/schema\\\/logo\\\/image\\\/\"},\"sameAs\":[\"https:\\\/\\\/www.facebook.com\\\/hellahair.ee\\\/\",\"https:\\\/\\\/www.instagram.com\\\/hellahair.ee\\\/\"]}]}<\/script>\n<!-- \/ Yoast SEO plugin. -->","yoast_head_json":{"title":"HELLA HOME HAIRBAND | Hella Hair","robots":{"index":"index","follow":"follow","max-snippet":"max-snippet:-1","max-image-preview":"max-image-preview:large","max-video-preview":"max-video-preview:-1"},"canonical":"https:\/\/hellahair.eu\/en\/product\/hella-home-hairband\/","og_locale":"en_GB","og_type":"article","og_title":"HELLA HOME HAIRBAND | Hella Hair","og_description":"Rahulik ja pehme valge toon, mis hellitab silma. Suvel p\u00e4evitunud nahaga ideaalne aksessuaar, mis r\u00f5hutab jumekat nahatooni. Nime on toon saanud looraxo helge kodu j\u00e4rgi.  Sellel bambuskangal on pehme siidine tekstuur, sarnane ka\u0161miirile. Kangas on hingav ja \u00e4\u00e4rmiselt mugav nahale. Selle risti-r\u00e4sti muster loob kanga kiududesse mikroskoobilised avavused, mis loob erakordse niiskuse imamise. Bambus on \u00f6ko-s\u00f5bralik kangas, millel ei ole suurt kahju keskkonnale.  Kollektsioon on inspireeritud Skandinaavia suvest: valged \u00f5htud, \u00f5rn soe tuul ja \u00f5ues elu nautimine. Kollektsioon kirjeldab seda hetke, kui m\u00f5istad, et Eesti suve sarnast v\u00f5lu ei leiagi mitmetunnise lennureisi kauguselt.","og_url":"https:\/\/hellahair.eu\/en\/product\/hella-home-hairband\/","og_site_name":"Hella Hair","article_publisher":"https:\/\/www.facebook.com\/hellahair.ee\/","article_modified_time":"2026-03-15T16:24:56+00:00","og_image":[{"width":768,"height":768,"url":"https:\/\/hellahair.eu\/wp-content\/uploads\/2022\/06\/hh_looraxo_ljstuudio-0330_valge.2.jpg","type":"image\/jpeg"}],"twitter_card":"summary_large_image","twitter_misc":{"Estimated reading time":"1 minute"},"schema":{"@context":"https:\/\/schema.org","@graph":[{"@type":"WebPage","@id":"https:\/\/hellahair.eu\/toode\/hella-home-hairband\/","url":"https:\/\/hellahair.eu\/toode\/hella-home-hairband\/","name":"HELLA HOME HAIRBAND | Hella Hair","isPartOf":{"@id":"https:\/\/hellahair.eu\/#website"},"primaryImageOfPage":{"@id":"https:\/\/hellahair.eu\/toode\/hella-home-hairband\/#primaryimage"},"image":{"@id":"https:\/\/hellahair.eu\/toode\/hella-home-hairband\/#primaryimage"},"thumbnailUrl":"https:\/\/hellahair.eu\/wp-content\/uploads\/2022\/06\/hh_looraxo_ljstuudio-0330_valge.2.jpg","datePublished":"2023-04-07T22:00:34+00:00","dateModified":"2026-03-15T16:24:56+00:00","breadcrumb":{"@id":"https:\/\/hellahair.eu\/toode\/hella-home-hairband\/#breadcrumb"},"inLanguage":"en-GB","potentialAction":[{"@type":"ReadAction","target":["https:\/\/hellahair.eu\/toode\/hella-home-hairband\/"]}]},{"@type":"ImageObject","inLanguage":"en-GB","@id":"https:\/\/hellahair.eu\/toode\/hella-home-hairband\/#primaryimage","url":"https:\/\/hellahair.eu\/wp-content\/uploads\/2022\/06\/hh_looraxo_ljstuudio-0330_valge.2.jpg","contentUrl":"https:\/\/hellahair.eu\/wp-content\/uploads\/2022\/06\/hh_looraxo_ljstuudio-0330_valge.2.jpg","width":768,"height":768},{"@type":"BreadcrumbList","@id":"https:\/\/hellahair.eu\/toode\/hella-home-hairband\/#breadcrumb","itemListElement":[{"@type":"ListItem","position":1,"name":"Home","item":"https:\/\/hellahair.eu\/"},{"@type":"ListItem","position":2,"name":"Pood","item":"https:\/\/hellahair.eu\/shop\/"},{"@type":"ListItem","position":3,"name":"HELLA HOME HAIRBAND"}]},{"@type":"WebSite","@id":"https:\/\/hellahair.eu\/#website","url":"https:\/\/hellahair.eu\/","name":"Hella Hair","description":"Luxury quality hair accessories","publisher":{"@id":"https:\/\/hellahair.eu\/#organization"},"potentialAction":[{"@type":"SearchAction","target":{"@type":"EntryPoint","urlTemplate":"https:\/\/hellahair.eu\/?s={search_term_string}"},"query-input":{"@type":"PropertyValueSpecification","valueRequired":true,"valueName":"search_term_string"}}],"inLanguage":"en-GB"},{"@type":"Organization","@id":"https:\/\/hellahair.eu\/#organization","name":"Hella Hair O\u00dc","url":"https:\/\/hellahair.eu\/","logo":{"@type":"ImageObject","inLanguage":"en-GB","@id":"https:\/\/hellahair.eu\/#\/schema\/logo\/image\/","url":"https:\/\/hellahair.eu\/wp-content\/uploads\/2018\/10\/hella_logo_dark.png","contentUrl":"https:\/\/hellahair.eu\/wp-content\/uploads\/2018\/10\/hella_logo_dark.png","width":2551,"height":600,"caption":"Hella Hair O\u00dc"},"image":{"@id":"https:\/\/hellahair.eu\/#\/schema\/logo\/image\/"},"sameAs":["https:\/\/www.facebook.com\/hellahair.ee\/","https:\/\/www.instagram.com\/hellahair.ee\/"]}]}},"_links":{"self":[{"href":"https:\/\/hellahair.eu\/en\/wp-json\/wp\/v2\/product\/34574","targetHints":{"allow":["GET"]}}],"collection":[{"href":"https:\/\/hellahair.eu\/en\/wp-json\/wp\/v2\/product"}],"about":[{"href":"https:\/\/hellahair.eu\/en\/wp-json\/wp\/v2\/types\/product"}],"wp:featuredmedia":[{"embeddable":true,"href":"https:\/\/hellahair.eu\/en\/wp-json\/wp\/v2\/media\/34757"}],"wp:attachment":[{"href":"https:\/\/hellahair.eu\/en\/wp-json\/wp\/v2\/media?parent=34574"}],"wp:term":[{"taxonomy":"product_brand","embeddable":true,"href":"https:\/\/hellahair.eu\/en\/wp-json\/wp\/v2\/product_brand?post=34574"},{"taxonomy":"product_cat","embeddable":true,"href":"https:\/\/hellahair.eu\/en\/wp-json\/wp\/v2\/product_cat?post=34574"},{"taxonomy":"product_tag","embeddable":true,"href":"https:\/\/hellahair.eu\/en\/wp-json\/wp\/v2\/product_tag?post=34574"}],"curies":[{"name":"wp","href":"https:\/\/api.w.org\/{rel}","templated":true}]}}