{"id":50490,"date":"2023-04-07T12:56:43","date_gmt":"2023-04-07T09:56:43","guid":{"rendered":"https:\/\/hellahair.ee\/?post_type=product&#038;p=50490"},"modified":"2026-02-02T12:25:22","modified_gmt":"2026-02-02T10:25:22","slug":"hella-unicorn-sport-mini","status":"publish","type":"product","link":"https:\/\/hellahair.eu\/en\/product\/hella-unicorn-sport-mini\/","title":{"rendered":"HELLA UNICORN SPORT &#8211; MINI"},"content":{"rendered":"<p><span data-sheets-value=\"{&quot;1&quot;:2,&quot;2&quot;:&quot;Materjal: 90% lina, 10% puuvill Hooldus: Kui Sinu scrunchie on m\u00e4\u00e4rdunud, siis me soovitame k\u00e4sipesu leige veega. Kasutada v\u00f5ib \u00f5rnale pesule m\u00f5eldud vahendeid. Pesumasinas pesemiseks soovitame kasutada pesukotti ja \u00f5rna pesuprogrammi 30 kraadi juures. Kuivatisse scrunchiet mitte panna.\\n\\nSelle kollektsiooni scrunchidele pakume HELLA CARE teenust ehk vahetame scrunchie sees oleva v\u00e4ljaveninud kummi v\u00e4lja TASUTA.&quot;}\" data-sheets-userformat=\"{&quot;2&quot;:7107,&quot;3&quot;:{&quot;1&quot;:0},&quot;4&quot;:{&quot;1&quot;:2,&quot;2&quot;:16777215},&quot;9&quot;:1,&quot;10&quot;:1,&quot;11&quot;:4,&quot;12&quot;:0,&quot;14&quot;:{&quot;1&quot;:2,&quot;2&quot;:0},&quot;15&quot;:&quot;Arial&quot;}\">Material: 70% bamboo, 25% cotton, 5% EA<\/span><\/p>\n<p><span data-sheets-value=\"{&quot;1&quot;:2,&quot;2&quot;:&quot;Materjal: 90% lina, 10% puuvill Hooldus: Kui Sinu scrunchie on m\u00e4\u00e4rdunud, siis me soovitame k\u00e4sipesu leige veega. Kasutada v\u00f5ib \u00f5rnale pesule m\u00f5eldud vahendeid. Pesumasinas pesemiseks soovitame kasutada pesukotti ja \u00f5rna pesuprogrammi 30 kraadi juures. Kuivatisse scrunchiet mitte panna.\\n\\nSelle kollektsiooni scrunchidele pakume HELLA CARE teenust ehk vahetame scrunchie sees oleva v\u00e4ljaveninud kummi v\u00e4lja TASUTA.&quot;}\" data-sheets-userformat=\"{&quot;2&quot;:7107,&quot;3&quot;:{&quot;1&quot;:0},&quot;4&quot;:{&quot;1&quot;:2,&quot;2&quot;:16777215},&quot;9&quot;:1,&quot;10&quot;:1,&quot;11&quot;:4,&quot;12&quot;:0,&quot;14&quot;:{&quot;1&quot;:2,&quot;2&quot;:0},&quot;15&quot;:&quot;Arial&quot;}\">Care: If your scrunchie is dirty, we recommend hand washing with lukewarm water. Gentle wash products may be used. For washing in the washing machine, we recommend using a laundry bag and a gentle washing program maximum of 30 degrees. Do not put the scrunchie into the dryer.<\/span><\/p>","protected":false},"excerpt":{"rendered":"<p><span style=\"font-weight: 400;\">Our Unicorn bamboo scrunchie is the perfect addition to your sports accessories. The pretty pink color adds a touch of fun to your active look.<\/span><\/p>\n<p>The mini size is suitable for both thick and thin hair. Wrap three times around the braid to achieve a strong hold without breaking the hair.<\/p>\n<p>The Hella Hair training scrunchie is made out of high-quality bamboo fabric, which is soft and has a texture similar to cashmere. During active movement, the hair is firmly and securely tied together.<\/p>\n<p>Get ready to achieve new goals with your awesome braid now!<\/p>","protected":false},"featured_media":50475,"template":"","meta":[],"product_brand":[],"product_cat":[144],"product_tag":[],"class_list":{"0":"post-50490","1":"product","2":"type-product","3":"status-publish","4":"has-post-thumbnail","6":"product_cat-sport-kollektsioon","8":"first","9":"outofstock","10":"shipping-taxable","11":"purchasable","12":"product-type-simple"},"yoast_head":"<!-- This site is optimized with the Yoast SEO plugin v27.3 - https:\/\/yoast.com\/product\/yoast-seo-wordpress\/ -->\n<title>HELLA UNICORN SPORT - MINI | Hella Hair<\/title>\n<meta name=\"robots\" content=\"index, follow, max-snippet:-1, max-image-preview:large, max-video-preview:-1\" \/>\n<link rel=\"canonical\" href=\"https:\/\/hellahair.eu\/en\/product\/hella-unicorn-sport-mini\/\" \/>\n<meta property=\"og:locale\" content=\"en_GB\" \/>\n<meta property=\"og:type\" content=\"article\" \/>\n<meta property=\"og:title\" content=\"HELLA UNICORN SPORT - MINI | Hella Hair\" \/>\n<meta property=\"og:description\" content=\"Meie Unicorn bambusest scrunchie on ideaalne t\u00e4iendus teie spordi aksessuaaridele. Ilus roosa v\u00e4rv lisab teie aktiivsele v\u00e4limusele funi.  Mini suurus on sobilik nii paksudele kui ka \u00f5hukestele juustele. Keera kolm korda \u00fcmber patsi saavutamaks tugevad hoidvust ilma juukseid l\u00f5hkumata.  Hella Hair treeninguks m\u00f5eldud scrunchie on valmistatud kvaliteetsest bambuskangast, mis on pehme ja tekstuurilt sarnane ka\u0161miirile. Aktiivse liikumise ajal on juuksed tugevalt ja turvaliselt kinnitatud.  Ole valmis oma \u00e4geda patsiga n\u00fc\u00fcd uusi eesm\u00e4rke saavutama!\" \/>\n<meta property=\"og:url\" content=\"https:\/\/hellahair.eu\/en\/product\/hella-unicorn-sport-mini\/\" \/>\n<meta property=\"og:site_name\" content=\"Hella Hair\" \/>\n<meta property=\"article:publisher\" content=\"https:\/\/www.facebook.com\/hellahair.ee\/\" \/>\n<meta property=\"article:modified_time\" content=\"2026-02-02T10:25:22+00:00\" \/>\n<meta property=\"og:image\" content=\"https:\/\/hellahair.eu\/wp-content\/uploads\/2023\/04\/hh_sport_roosa_mini.jpg\" \/>\n\t<meta property=\"og:image:width\" content=\"768\" \/>\n\t<meta property=\"og:image:height\" content=\"768\" \/>\n\t<meta property=\"og:image:type\" content=\"image\/jpeg\" \/>\n<meta name=\"twitter:card\" content=\"summary_large_image\" \/>\n<meta name=\"twitter:label1\" content=\"Estimated reading time\" \/>\n\t<meta name=\"twitter:data1\" content=\"1 minute\" \/>\n<script type=\"application\/ld+json\" class=\"yoast-schema-graph\">{\"@context\":\"https:\\\/\\\/schema.org\",\"@graph\":[{\"@type\":\"WebPage\",\"@id\":\"https:\\\/\\\/hellahair.eu\\\/toode\\\/hella-unicorn-sport-mini\\\/\",\"url\":\"https:\\\/\\\/hellahair.eu\\\/toode\\\/hella-unicorn-sport-mini\\\/\",\"name\":\"HELLA UNICORN SPORT - MINI | Hella Hair\",\"isPartOf\":{\"@id\":\"https:\\\/\\\/hellahair.eu\\\/#website\"},\"primaryImageOfPage\":{\"@id\":\"https:\\\/\\\/hellahair.eu\\\/toode\\\/hella-unicorn-sport-mini\\\/#primaryimage\"},\"image\":{\"@id\":\"https:\\\/\\\/hellahair.eu\\\/toode\\\/hella-unicorn-sport-mini\\\/#primaryimage\"},\"thumbnailUrl\":\"https:\\\/\\\/hellahair.eu\\\/wp-content\\\/uploads\\\/2023\\\/04\\\/hh_sport_roosa_mini.jpg\",\"datePublished\":\"2023-04-07T09:56:43+00:00\",\"dateModified\":\"2026-02-02T10:25:22+00:00\",\"breadcrumb\":{\"@id\":\"https:\\\/\\\/hellahair.eu\\\/toode\\\/hella-unicorn-sport-mini\\\/#breadcrumb\"},\"inLanguage\":\"en-GB\",\"potentialAction\":[{\"@type\":\"ReadAction\",\"target\":[\"https:\\\/\\\/hellahair.eu\\\/toode\\\/hella-unicorn-sport-mini\\\/\"]}]},{\"@type\":\"ImageObject\",\"inLanguage\":\"en-GB\",\"@id\":\"https:\\\/\\\/hellahair.eu\\\/toode\\\/hella-unicorn-sport-mini\\\/#primaryimage\",\"url\":\"https:\\\/\\\/hellahair.eu\\\/wp-content\\\/uploads\\\/2023\\\/04\\\/hh_sport_roosa_mini.jpg\",\"contentUrl\":\"https:\\\/\\\/hellahair.eu\\\/wp-content\\\/uploads\\\/2023\\\/04\\\/hh_sport_roosa_mini.jpg\",\"width\":768,\"height\":768},{\"@type\":\"BreadcrumbList\",\"@id\":\"https:\\\/\\\/hellahair.eu\\\/toode\\\/hella-unicorn-sport-mini\\\/#breadcrumb\",\"itemListElement\":[{\"@type\":\"ListItem\",\"position\":1,\"name\":\"Home\",\"item\":\"https:\\\/\\\/hellahair.eu\\\/\"},{\"@type\":\"ListItem\",\"position\":2,\"name\":\"Pood\",\"item\":\"https:\\\/\\\/hellahair.eu\\\/shop\\\/\"},{\"@type\":\"ListItem\",\"position\":3,\"name\":\"HELLA UNICORN SPORT &#8211; MINI\"}]},{\"@type\":\"WebSite\",\"@id\":\"https:\\\/\\\/hellahair.eu\\\/#website\",\"url\":\"https:\\\/\\\/hellahair.eu\\\/\",\"name\":\"Hella Hair\",\"description\":\"Luksuslikud juuste aksessuaarid\",\"publisher\":{\"@id\":\"https:\\\/\\\/hellahair.eu\\\/#organization\"},\"potentialAction\":[{\"@type\":\"SearchAction\",\"target\":{\"@type\":\"EntryPoint\",\"urlTemplate\":\"https:\\\/\\\/hellahair.eu\\\/?s={search_term_string}\"},\"query-input\":{\"@type\":\"PropertyValueSpecification\",\"valueRequired\":true,\"valueName\":\"search_term_string\"}}],\"inLanguage\":\"en-GB\"},{\"@type\":\"Organization\",\"@id\":\"https:\\\/\\\/hellahair.eu\\\/#organization\",\"name\":\"Hella Hair O\u00dc\",\"url\":\"https:\\\/\\\/hellahair.eu\\\/\",\"logo\":{\"@type\":\"ImageObject\",\"inLanguage\":\"en-GB\",\"@id\":\"https:\\\/\\\/hellahair.eu\\\/#\\\/schema\\\/logo\\\/image\\\/\",\"url\":\"https:\\\/\\\/hellahair.eu\\\/wp-content\\\/uploads\\\/2018\\\/10\\\/hella_logo_dark.png\",\"contentUrl\":\"https:\\\/\\\/hellahair.eu\\\/wp-content\\\/uploads\\\/2018\\\/10\\\/hella_logo_dark.png\",\"width\":2551,\"height\":600,\"caption\":\"Hella Hair O\u00dc\"},\"image\":{\"@id\":\"https:\\\/\\\/hellahair.eu\\\/#\\\/schema\\\/logo\\\/image\\\/\"},\"sameAs\":[\"https:\\\/\\\/www.facebook.com\\\/hellahair.ee\\\/\",\"https:\\\/\\\/www.instagram.com\\\/hellahair.ee\\\/\"]}]}<\/script>\n<!-- \/ Yoast SEO plugin. -->","yoast_head_json":{"title":"HELLA UNICORN SPORT - MINI | Hella Hair","robots":{"index":"index","follow":"follow","max-snippet":"max-snippet:-1","max-image-preview":"max-image-preview:large","max-video-preview":"max-video-preview:-1"},"canonical":"https:\/\/hellahair.eu\/en\/product\/hella-unicorn-sport-mini\/","og_locale":"en_GB","og_type":"article","og_title":"HELLA UNICORN SPORT - MINI | Hella Hair","og_description":"Meie Unicorn bambusest scrunchie on ideaalne t\u00e4iendus teie spordi aksessuaaridele. Ilus roosa v\u00e4rv lisab teie aktiivsele v\u00e4limusele funi.  Mini suurus on sobilik nii paksudele kui ka \u00f5hukestele juustele. Keera kolm korda \u00fcmber patsi saavutamaks tugevad hoidvust ilma juukseid l\u00f5hkumata.  Hella Hair treeninguks m\u00f5eldud scrunchie on valmistatud kvaliteetsest bambuskangast, mis on pehme ja tekstuurilt sarnane ka\u0161miirile. Aktiivse liikumise ajal on juuksed tugevalt ja turvaliselt kinnitatud.  Ole valmis oma \u00e4geda patsiga n\u00fc\u00fcd uusi eesm\u00e4rke saavutama!","og_url":"https:\/\/hellahair.eu\/en\/product\/hella-unicorn-sport-mini\/","og_site_name":"Hella Hair","article_publisher":"https:\/\/www.facebook.com\/hellahair.ee\/","article_modified_time":"2026-02-02T10:25:22+00:00","og_image":[{"width":768,"height":768,"url":"https:\/\/hellahair.eu\/wp-content\/uploads\/2023\/04\/hh_sport_roosa_mini.jpg","type":"image\/jpeg"}],"twitter_card":"summary_large_image","twitter_misc":{"Estimated reading time":"1 minute"},"schema":{"@context":"https:\/\/schema.org","@graph":[{"@type":"WebPage","@id":"https:\/\/hellahair.eu\/toode\/hella-unicorn-sport-mini\/","url":"https:\/\/hellahair.eu\/toode\/hella-unicorn-sport-mini\/","name":"HELLA UNICORN SPORT - MINI | Hella Hair","isPartOf":{"@id":"https:\/\/hellahair.eu\/#website"},"primaryImageOfPage":{"@id":"https:\/\/hellahair.eu\/toode\/hella-unicorn-sport-mini\/#primaryimage"},"image":{"@id":"https:\/\/hellahair.eu\/toode\/hella-unicorn-sport-mini\/#primaryimage"},"thumbnailUrl":"https:\/\/hellahair.eu\/wp-content\/uploads\/2023\/04\/hh_sport_roosa_mini.jpg","datePublished":"2023-04-07T09:56:43+00:00","dateModified":"2026-02-02T10:25:22+00:00","breadcrumb":{"@id":"https:\/\/hellahair.eu\/toode\/hella-unicorn-sport-mini\/#breadcrumb"},"inLanguage":"en-GB","potentialAction":[{"@type":"ReadAction","target":["https:\/\/hellahair.eu\/toode\/hella-unicorn-sport-mini\/"]}]},{"@type":"ImageObject","inLanguage":"en-GB","@id":"https:\/\/hellahair.eu\/toode\/hella-unicorn-sport-mini\/#primaryimage","url":"https:\/\/hellahair.eu\/wp-content\/uploads\/2023\/04\/hh_sport_roosa_mini.jpg","contentUrl":"https:\/\/hellahair.eu\/wp-content\/uploads\/2023\/04\/hh_sport_roosa_mini.jpg","width":768,"height":768},{"@type":"BreadcrumbList","@id":"https:\/\/hellahair.eu\/toode\/hella-unicorn-sport-mini\/#breadcrumb","itemListElement":[{"@type":"ListItem","position":1,"name":"Home","item":"https:\/\/hellahair.eu\/"},{"@type":"ListItem","position":2,"name":"Pood","item":"https:\/\/hellahair.eu\/shop\/"},{"@type":"ListItem","position":3,"name":"HELLA UNICORN SPORT &#8211; MINI"}]},{"@type":"WebSite","@id":"https:\/\/hellahair.eu\/#website","url":"https:\/\/hellahair.eu\/","name":"Hella Hair","description":"Luxury quality hair accessories","publisher":{"@id":"https:\/\/hellahair.eu\/#organization"},"potentialAction":[{"@type":"SearchAction","target":{"@type":"EntryPoint","urlTemplate":"https:\/\/hellahair.eu\/?s={search_term_string}"},"query-input":{"@type":"PropertyValueSpecification","valueRequired":true,"valueName":"search_term_string"}}],"inLanguage":"en-GB"},{"@type":"Organization","@id":"https:\/\/hellahair.eu\/#organization","name":"Hella Hair O\u00dc","url":"https:\/\/hellahair.eu\/","logo":{"@type":"ImageObject","inLanguage":"en-GB","@id":"https:\/\/hellahair.eu\/#\/schema\/logo\/image\/","url":"https:\/\/hellahair.eu\/wp-content\/uploads\/2018\/10\/hella_logo_dark.png","contentUrl":"https:\/\/hellahair.eu\/wp-content\/uploads\/2018\/10\/hella_logo_dark.png","width":2551,"height":600,"caption":"Hella Hair O\u00dc"},"image":{"@id":"https:\/\/hellahair.eu\/#\/schema\/logo\/image\/"},"sameAs":["https:\/\/www.facebook.com\/hellahair.ee\/","https:\/\/www.instagram.com\/hellahair.ee\/"]}]}},"_links":{"self":[{"href":"https:\/\/hellahair.eu\/en\/wp-json\/wp\/v2\/product\/50490","targetHints":{"allow":["GET"]}}],"collection":[{"href":"https:\/\/hellahair.eu\/en\/wp-json\/wp\/v2\/product"}],"about":[{"href":"https:\/\/hellahair.eu\/en\/wp-json\/wp\/v2\/types\/product"}],"wp:featuredmedia":[{"embeddable":true,"href":"https:\/\/hellahair.eu\/en\/wp-json\/wp\/v2\/media\/50475"}],"wp:attachment":[{"href":"https:\/\/hellahair.eu\/en\/wp-json\/wp\/v2\/media?parent=50490"}],"wp:term":[{"taxonomy":"product_brand","embeddable":true,"href":"https:\/\/hellahair.eu\/en\/wp-json\/wp\/v2\/product_brand?post=50490"},{"taxonomy":"product_cat","embeddable":true,"href":"https:\/\/hellahair.eu\/en\/wp-json\/wp\/v2\/product_cat?post=50490"},{"taxonomy":"product_tag","embeddable":true,"href":"https:\/\/hellahair.eu\/en\/wp-json\/wp\/v2\/product_tag?post=50490"}],"curies":[{"name":"wp","href":"https:\/\/api.w.org\/{rel}","templated":true}]}}