{"id":50582,"date":"2023-06-08T12:57:31","date_gmt":"2023-06-08T09:57:31","guid":{"rendered":"https:\/\/hellahair.ee\/?post_type=product&#038;p=50582"},"modified":"2025-12-01T11:57:34","modified_gmt":"2025-12-01T09:57:34","slug":"hella-hair-comb-daisy","status":"publish","type":"product","link":"https:\/\/hellahair.eu\/en\/product\/hella-hair-comb-daisy\/","title":{"rendered":"HELLA HAIR COMB DAISY"},"content":{"rendered":"<p>Material - acetate (plastic)<span style=\"font-weight: 400;\">plastik<\/span>)<\/p>\n<p>Measurement <span style=\"font-weight: 400;\">W: 5,7 cm, L: 14.8 cm<\/span><\/p>\n<p>Designed and laser craved in Estonia<\/p>\n<p>Produced in PRC<\/p>\n<p><br style=\"font-weight: 400;\" \/><br style=\"font-weight: 400;\" \/><\/p>","protected":false},"excerpt":{"rendered":"<p><span style=\"font-weight: 400;\">Designed by a celebrity hairstylist Marleen P\u00e4rkma a special comb with a unique size, shape and pattern that is meant for stylising wavy hairstyles. Hella Daisy milky white hair comb radiates pure elegance and is adorned with iridescent pieces that beautifully shimmer and shine in the sunlight\u2014designed for effortless detangling and styling.<\/span><\/p>\n<ul>\n<li style=\"font-weight: 400;\" aria-level=\"1\"><span style=\"font-weight: 400;\">Ideal for finishing hairstyles, applying hair conditioners and masks, detangling hair, and combing wet and dry hair.<\/span><\/li>\n<li style=\"font-weight: 400;\" aria-level=\"1\"><span style=\"font-weight: 400;\">Thanks to the wide gaps, the comb does not break the hair and is suitable for all hair types.\u00a0<\/span><\/li>\n<li style=\"font-weight: 400;\" aria-level=\"1\"><span style=\"font-weight: 400;\">The wide prongs of the Hella comb glide gently through your curls, preventing breakage and reducing discomfort.<\/span><\/li>\n<li style=\"font-weight: 400;\" aria-level=\"1\"><span style=\"font-weight: 400;\">Each pin of the comb is polished by hand so that the comb does not damage the scalp and glides comfortably through the hair.<\/span><\/li>\n<li style=\"font-weight: 400;\" aria-level=\"1\"><span style=\"font-weight: 400;\">Hella combs are individually laser engraved and painted by hand in Estonia.<\/span><\/li>\n<li style=\"font-weight: 400;\" aria-level=\"1\"><span style=\"font-weight: 400;\">Products are in limited quantities.<\/span><\/li>\n<\/ul>","protected":false},"featured_media":50587,"template":"","meta":[],"product_brand":[],"product_cat":[156],"product_tag":[],"class_list":{"0":"post-50582","1":"product","2":"type-product","3":"status-publish","4":"has-post-thumbnail","6":"product_cat-hella-hair-comb","8":"first","9":"outofstock","10":"shipping-taxable","11":"purchasable","12":"product-type-simple"},"yoast_head":"<!-- This site is optimized with the Yoast SEO plugin v27.3 - https:\/\/yoast.com\/product\/yoast-seo-wordpress\/ -->\n<title>HELLA HAIR COMB DAISY | Hella Hair<\/title>\n<meta name=\"robots\" content=\"index, follow, max-snippet:-1, max-image-preview:large, max-video-preview:-1\" \/>\n<link rel=\"canonical\" href=\"https:\/\/hellahair.eu\/en\/product\/hella-hair-comb-daisy\/\" \/>\n<meta property=\"og:locale\" content=\"en_GB\" \/>\n<meta property=\"og:type\" content=\"article\" \/>\n<meta property=\"og:title\" content=\"HELLA HAIR COMB DAISY | Hella Hair\" \/>\n<meta property=\"og:description\" content=\"Staaride juuksestilisti Marleen P\u00e4rkma poolt hoolikalt disainitud erilise suuruse, kuju ja mustriga kamm on m\u00f5eldud just lainesoengute stiliseerimiseks. Hella Daisy piimjas valge juuksekamm kiirgab puhast elegantsi ja on kaunistatud sillerdavate t\u00fckikestga, mis s\u00e4delevad kaunilt p\u00e4ikesevalguse k\u00e4es. Kamm on loodud juuste lahtiharutamiseks ja kujundamiseks.   Sobib ideaalselt soengute viimistlemiseks, juustele palsamite ja maskide kandmiseks, juuste lahti harutamiseks ja nii m\u00e4rgade kui ka kuivade juuste kammimiseks.  T\u00e4nu laiadele vahedele ei l\u00f5hu kamm juukseid ning sobib k\u00f5ikidele juukset\u00fc\u00fcpidele.\u00a0  Hella kammi laiad harad libisevad \u00f5rnalt l\u00e4bi teie lokkide, hoides \u00e4ra purunemise ja v\u00e4hendades ebamugavust.  Kammi iga pii on k\u00e4sitsi poleeritud, et kamm ei kahjustaks peanahka ja libiseks mugavalt l\u00e4bi juuste.  Hella kammid on Eestis \u00fckshaaval lasergraveeritud ja k\u00e4sit\u00f6\u00f6na v\u00e4rvitud.  Tooted limiteeritud koguses.\" \/>\n<meta property=\"og:url\" content=\"https:\/\/hellahair.eu\/en\/product\/hella-hair-comb-daisy\/\" \/>\n<meta property=\"og:site_name\" content=\"Hella Hair\" \/>\n<meta property=\"article:publisher\" content=\"https:\/\/www.facebook.com\/hellahair.ee\/\" \/>\n<meta property=\"article:modified_time\" content=\"2025-12-01T09:57:34+00:00\" \/>\n<meta property=\"og:image\" content=\"https:\/\/hellahair.eu\/wp-content\/uploads\/2023\/06\/hh_comb_daisy.jpg\" \/>\n\t<meta property=\"og:image:width\" content=\"768\" \/>\n\t<meta property=\"og:image:height\" content=\"768\" \/>\n\t<meta property=\"og:image:type\" content=\"image\/jpeg\" \/>\n<meta name=\"twitter:card\" content=\"summary_large_image\" \/>\n<meta name=\"twitter:label1\" content=\"Estimated reading time\" \/>\n\t<meta name=\"twitter:data1\" content=\"1 minute\" \/>\n<script type=\"application\/ld+json\" class=\"yoast-schema-graph\">{\"@context\":\"https:\\\/\\\/schema.org\",\"@graph\":[{\"@type\":\"WebPage\",\"@id\":\"https:\\\/\\\/hellahair.eu\\\/toode\\\/hella-hair-comb-daisy\\\/\",\"url\":\"https:\\\/\\\/hellahair.eu\\\/toode\\\/hella-hair-comb-daisy\\\/\",\"name\":\"HELLA HAIR COMB DAISY | Hella Hair\",\"isPartOf\":{\"@id\":\"https:\\\/\\\/hellahair.eu\\\/#website\"},\"primaryImageOfPage\":{\"@id\":\"https:\\\/\\\/hellahair.eu\\\/toode\\\/hella-hair-comb-daisy\\\/#primaryimage\"},\"image\":{\"@id\":\"https:\\\/\\\/hellahair.eu\\\/toode\\\/hella-hair-comb-daisy\\\/#primaryimage\"},\"thumbnailUrl\":\"https:\\\/\\\/hellahair.eu\\\/wp-content\\\/uploads\\\/2023\\\/06\\\/hh_comb_daisy.jpg\",\"datePublished\":\"2023-06-08T09:57:31+00:00\",\"dateModified\":\"2025-12-01T09:57:34+00:00\",\"breadcrumb\":{\"@id\":\"https:\\\/\\\/hellahair.eu\\\/toode\\\/hella-hair-comb-daisy\\\/#breadcrumb\"},\"inLanguage\":\"en-GB\",\"potentialAction\":[{\"@type\":\"ReadAction\",\"target\":[\"https:\\\/\\\/hellahair.eu\\\/toode\\\/hella-hair-comb-daisy\\\/\"]}]},{\"@type\":\"ImageObject\",\"inLanguage\":\"en-GB\",\"@id\":\"https:\\\/\\\/hellahair.eu\\\/toode\\\/hella-hair-comb-daisy\\\/#primaryimage\",\"url\":\"https:\\\/\\\/hellahair.eu\\\/wp-content\\\/uploads\\\/2023\\\/06\\\/hh_comb_daisy.jpg\",\"contentUrl\":\"https:\\\/\\\/hellahair.eu\\\/wp-content\\\/uploads\\\/2023\\\/06\\\/hh_comb_daisy.jpg\",\"width\":768,\"height\":768},{\"@type\":\"BreadcrumbList\",\"@id\":\"https:\\\/\\\/hellahair.eu\\\/toode\\\/hella-hair-comb-daisy\\\/#breadcrumb\",\"itemListElement\":[{\"@type\":\"ListItem\",\"position\":1,\"name\":\"Home\",\"item\":\"https:\\\/\\\/hellahair.eu\\\/\"},{\"@type\":\"ListItem\",\"position\":2,\"name\":\"Pood\",\"item\":\"https:\\\/\\\/hellahair.eu\\\/shop\\\/\"},{\"@type\":\"ListItem\",\"position\":3,\"name\":\"HELLA HAIR COMB DAISY\"}]},{\"@type\":\"WebSite\",\"@id\":\"https:\\\/\\\/hellahair.eu\\\/#website\",\"url\":\"https:\\\/\\\/hellahair.eu\\\/\",\"name\":\"Hella Hair\",\"description\":\"Luksuslikud juuste aksessuaarid\",\"publisher\":{\"@id\":\"https:\\\/\\\/hellahair.eu\\\/#organization\"},\"potentialAction\":[{\"@type\":\"SearchAction\",\"target\":{\"@type\":\"EntryPoint\",\"urlTemplate\":\"https:\\\/\\\/hellahair.eu\\\/?s={search_term_string}\"},\"query-input\":{\"@type\":\"PropertyValueSpecification\",\"valueRequired\":true,\"valueName\":\"search_term_string\"}}],\"inLanguage\":\"en-GB\"},{\"@type\":\"Organization\",\"@id\":\"https:\\\/\\\/hellahair.eu\\\/#organization\",\"name\":\"Hella Hair O\u00dc\",\"url\":\"https:\\\/\\\/hellahair.eu\\\/\",\"logo\":{\"@type\":\"ImageObject\",\"inLanguage\":\"en-GB\",\"@id\":\"https:\\\/\\\/hellahair.eu\\\/#\\\/schema\\\/logo\\\/image\\\/\",\"url\":\"https:\\\/\\\/hellahair.eu\\\/wp-content\\\/uploads\\\/2018\\\/10\\\/hella_logo_dark.png\",\"contentUrl\":\"https:\\\/\\\/hellahair.eu\\\/wp-content\\\/uploads\\\/2018\\\/10\\\/hella_logo_dark.png\",\"width\":2551,\"height\":600,\"caption\":\"Hella Hair O\u00dc\"},\"image\":{\"@id\":\"https:\\\/\\\/hellahair.eu\\\/#\\\/schema\\\/logo\\\/image\\\/\"},\"sameAs\":[\"https:\\\/\\\/www.facebook.com\\\/hellahair.ee\\\/\",\"https:\\\/\\\/www.instagram.com\\\/hellahair.ee\\\/\"]}]}<\/script>\n<!-- \/ Yoast SEO plugin. -->","yoast_head_json":{"title":"HELLA HAIR COMB DAISY | Hella Hair","robots":{"index":"index","follow":"follow","max-snippet":"max-snippet:-1","max-image-preview":"max-image-preview:large","max-video-preview":"max-video-preview:-1"},"canonical":"https:\/\/hellahair.eu\/en\/product\/hella-hair-comb-daisy\/","og_locale":"en_GB","og_type":"article","og_title":"HELLA HAIR COMB DAISY | Hella Hair","og_description":"Staaride juuksestilisti Marleen P\u00e4rkma poolt hoolikalt disainitud erilise suuruse, kuju ja mustriga kamm on m\u00f5eldud just lainesoengute stiliseerimiseks. Hella Daisy piimjas valge juuksekamm kiirgab puhast elegantsi ja on kaunistatud sillerdavate t\u00fckikestga, mis s\u00e4delevad kaunilt p\u00e4ikesevalguse k\u00e4es. Kamm on loodud juuste lahtiharutamiseks ja kujundamiseks.   Sobib ideaalselt soengute viimistlemiseks, juustele palsamite ja maskide kandmiseks, juuste lahti harutamiseks ja nii m\u00e4rgade kui ka kuivade juuste kammimiseks.  T\u00e4nu laiadele vahedele ei l\u00f5hu kamm juukseid ning sobib k\u00f5ikidele juukset\u00fc\u00fcpidele.\u00a0  Hella kammi laiad harad libisevad \u00f5rnalt l\u00e4bi teie lokkide, hoides \u00e4ra purunemise ja v\u00e4hendades ebamugavust.  Kammi iga pii on k\u00e4sitsi poleeritud, et kamm ei kahjustaks peanahka ja libiseks mugavalt l\u00e4bi juuste.  Hella kammid on Eestis \u00fckshaaval lasergraveeritud ja k\u00e4sit\u00f6\u00f6na v\u00e4rvitud.  Tooted limiteeritud koguses.","og_url":"https:\/\/hellahair.eu\/en\/product\/hella-hair-comb-daisy\/","og_site_name":"Hella Hair","article_publisher":"https:\/\/www.facebook.com\/hellahair.ee\/","article_modified_time":"2025-12-01T09:57:34+00:00","og_image":[{"width":768,"height":768,"url":"https:\/\/hellahair.eu\/wp-content\/uploads\/2023\/06\/hh_comb_daisy.jpg","type":"image\/jpeg"}],"twitter_card":"summary_large_image","twitter_misc":{"Estimated reading time":"1 minute"},"schema":{"@context":"https:\/\/schema.org","@graph":[{"@type":"WebPage","@id":"https:\/\/hellahair.eu\/toode\/hella-hair-comb-daisy\/","url":"https:\/\/hellahair.eu\/toode\/hella-hair-comb-daisy\/","name":"HELLA HAIR COMB DAISY | Hella Hair","isPartOf":{"@id":"https:\/\/hellahair.eu\/#website"},"primaryImageOfPage":{"@id":"https:\/\/hellahair.eu\/toode\/hella-hair-comb-daisy\/#primaryimage"},"image":{"@id":"https:\/\/hellahair.eu\/toode\/hella-hair-comb-daisy\/#primaryimage"},"thumbnailUrl":"https:\/\/hellahair.eu\/wp-content\/uploads\/2023\/06\/hh_comb_daisy.jpg","datePublished":"2023-06-08T09:57:31+00:00","dateModified":"2025-12-01T09:57:34+00:00","breadcrumb":{"@id":"https:\/\/hellahair.eu\/toode\/hella-hair-comb-daisy\/#breadcrumb"},"inLanguage":"en-GB","potentialAction":[{"@type":"ReadAction","target":["https:\/\/hellahair.eu\/toode\/hella-hair-comb-daisy\/"]}]},{"@type":"ImageObject","inLanguage":"en-GB","@id":"https:\/\/hellahair.eu\/toode\/hella-hair-comb-daisy\/#primaryimage","url":"https:\/\/hellahair.eu\/wp-content\/uploads\/2023\/06\/hh_comb_daisy.jpg","contentUrl":"https:\/\/hellahair.eu\/wp-content\/uploads\/2023\/06\/hh_comb_daisy.jpg","width":768,"height":768},{"@type":"BreadcrumbList","@id":"https:\/\/hellahair.eu\/toode\/hella-hair-comb-daisy\/#breadcrumb","itemListElement":[{"@type":"ListItem","position":1,"name":"Home","item":"https:\/\/hellahair.eu\/"},{"@type":"ListItem","position":2,"name":"Pood","item":"https:\/\/hellahair.eu\/shop\/"},{"@type":"ListItem","position":3,"name":"HELLA HAIR COMB DAISY"}]},{"@type":"WebSite","@id":"https:\/\/hellahair.eu\/#website","url":"https:\/\/hellahair.eu\/","name":"Hella Hair","description":"Luxury quality hair accessories","publisher":{"@id":"https:\/\/hellahair.eu\/#organization"},"potentialAction":[{"@type":"SearchAction","target":{"@type":"EntryPoint","urlTemplate":"https:\/\/hellahair.eu\/?s={search_term_string}"},"query-input":{"@type":"PropertyValueSpecification","valueRequired":true,"valueName":"search_term_string"}}],"inLanguage":"en-GB"},{"@type":"Organization","@id":"https:\/\/hellahair.eu\/#organization","name":"Hella Hair O\u00dc","url":"https:\/\/hellahair.eu\/","logo":{"@type":"ImageObject","inLanguage":"en-GB","@id":"https:\/\/hellahair.eu\/#\/schema\/logo\/image\/","url":"https:\/\/hellahair.eu\/wp-content\/uploads\/2018\/10\/hella_logo_dark.png","contentUrl":"https:\/\/hellahair.eu\/wp-content\/uploads\/2018\/10\/hella_logo_dark.png","width":2551,"height":600,"caption":"Hella Hair O\u00dc"},"image":{"@id":"https:\/\/hellahair.eu\/#\/schema\/logo\/image\/"},"sameAs":["https:\/\/www.facebook.com\/hellahair.ee\/","https:\/\/www.instagram.com\/hellahair.ee\/"]}]}},"_links":{"self":[{"href":"https:\/\/hellahair.eu\/en\/wp-json\/wp\/v2\/product\/50582","targetHints":{"allow":["GET"]}}],"collection":[{"href":"https:\/\/hellahair.eu\/en\/wp-json\/wp\/v2\/product"}],"about":[{"href":"https:\/\/hellahair.eu\/en\/wp-json\/wp\/v2\/types\/product"}],"wp:featuredmedia":[{"embeddable":true,"href":"https:\/\/hellahair.eu\/en\/wp-json\/wp\/v2\/media\/50587"}],"wp:attachment":[{"href":"https:\/\/hellahair.eu\/en\/wp-json\/wp\/v2\/media?parent=50582"}],"wp:term":[{"taxonomy":"product_brand","embeddable":true,"href":"https:\/\/hellahair.eu\/en\/wp-json\/wp\/v2\/product_brand?post=50582"},{"taxonomy":"product_cat","embeddable":true,"href":"https:\/\/hellahair.eu\/en\/wp-json\/wp\/v2\/product_cat?post=50582"},{"taxonomy":"product_tag","embeddable":true,"href":"https:\/\/hellahair.eu\/en\/wp-json\/wp\/v2\/product_tag?post=50582"}],"curies":[{"name":"wp","href":"https:\/\/api.w.org\/{rel}","templated":true}]}}