{"id":50682,"date":"2023-09-13T14:41:19","date_gmt":"2023-09-13T11:41:19","guid":{"rendered":"https:\/\/hellahair.ee\/?post_type=product&#038;p=50682"},"modified":"2026-01-11T19:57:31","modified_gmt":"2026-01-11T17:57:31","slug":"hella-hair-juukseratik-hall","status":"publish","type":"product","link":"https:\/\/hellahair.eu\/en\/product\/hella-hair-juukseratik-hall\/","title":{"rendered":"HELLA HAIR TOWEL - GREY"},"content":{"rendered":"<p>Material: 90% bamboo, 10% polyethylene. OEKO-TEX Standard 100<\/p>\n<p>Size: ONE SIZE (59cm x 27cm)<\/p>\n<p>Care: Machine wash at 30 degrees.<\/p>\n<p>Handmade in Estonia.<\/p>","protected":false},"excerpt":{"rendered":"<p>A hair-friendly towel is a must have for a proper hair care so... HERE IT IS.<\/p>\n<p>Hella Hair Towel is made from soft bamboo material, which is great for its moisture-absorbing, compact and light in weight features and is therefore an excellent training, beach and travel accessory.<\/p>\n<p>The towel is easy to use, convenient to put on and fasten with a button. With wet hair securely fastened in the towel, you can comfortably carry on with your daily activities at home without worrying about the towel moving and damaging the hair.<\/p>","protected":false},"featured_media":50755,"template":"","meta":[],"product_brand":[],"product_cat":[157],"product_tag":[],"class_list":{"0":"post-50682","1":"product","2":"type-product","3":"status-publish","4":"has-post-thumbnail","6":"product_cat-juukseratik","8":"first","9":"instock","10":"shipping-taxable","11":"purchasable","12":"product-type-simple"},"yoast_head":"<!-- This site is optimized with the Yoast SEO plugin v27.3 - https:\/\/yoast.com\/product\/yoast-seo-wordpress\/ -->\n<title>HELLA JUUKSER\u00c4TIK - HALL | Hella Hair<\/title>\n<meta name=\"robots\" content=\"index, follow, max-snippet:-1, max-image-preview:large, max-video-preview:-1\" \/>\n<link rel=\"canonical\" href=\"https:\/\/hellahair.eu\/en\/product\/hella-hair-juukseratik-hall\/\" \/>\n<meta property=\"og:locale\" content=\"en_GB\" \/>\n<meta property=\"og:type\" content=\"article\" \/>\n<meta property=\"og:title\" content=\"HELLA JUUKSER\u00c4TIK - HALL | Hella Hair\" \/>\n<meta property=\"og:description\" content=\"\u00d5ige juuksehoolduse juurde kuulub kindlasti juukses\u00f5bralik juukser\u00e4tik \u2013 SIIN TA ON.  Hella Hair Towel on valmistatud pehmest bambusmaterjalist, mis on hea niiskuse imamisv\u00f5imega,\u00a0kompaktne ning kaalult kerge ja seet\u00f5ttu suurep\u00e4rased trenni-, ranna- ja reisikaaslased.  R\u00e4tiku kasutamine on imelihtne, teda\u00a0mugav p\u00e4he panna ning n\u00f6\u00f6bi abil kinnitada. Kuna juuksed on r\u00e4tikusse kindlalt kinnitatud, siis saab kodus mugavalt oma igap\u00e4evatoimetusi j\u00e4tkata, muretsemata et r\u00e4tik peast liiguks\" \/>\n<meta property=\"og:url\" content=\"https:\/\/hellahair.eu\/en\/product\/hella-hair-juukseratik-hall\/\" \/>\n<meta property=\"og:site_name\" content=\"Hella Hair\" \/>\n<meta property=\"article:publisher\" content=\"https:\/\/www.facebook.com\/hellahair.ee\/\" \/>\n<meta property=\"article:modified_time\" content=\"2026-01-11T17:57:31+00:00\" \/>\n<meta property=\"og:image\" content=\"https:\/\/hellahair.eu\/wp-content\/uploads\/2023\/07\/hh_r2tikud-4.jpg\" \/>\n\t<meta property=\"og:image:width\" content=\"2500\" \/>\n\t<meta property=\"og:image:height\" content=\"2500\" \/>\n\t<meta property=\"og:image:type\" content=\"image\/jpeg\" \/>\n<meta name=\"twitter:card\" content=\"summary_large_image\" \/>\n<meta name=\"twitter:label1\" content=\"Estimated reading time\" \/>\n\t<meta name=\"twitter:data1\" content=\"1 minute\" \/>\n<script type=\"application\/ld+json\" class=\"yoast-schema-graph\">{\"@context\":\"https:\\\/\\\/schema.org\",\"@graph\":[{\"@type\":\"WebPage\",\"@id\":\"https:\\\/\\\/hellahair.eu\\\/toode\\\/hella-hair-juukseratik-hall\\\/\",\"url\":\"https:\\\/\\\/hellahair.eu\\\/toode\\\/hella-hair-juukseratik-hall\\\/\",\"name\":\"HELLA JUUKSER\u00c4TIK - HALL | Hella Hair\",\"isPartOf\":{\"@id\":\"https:\\\/\\\/hellahair.eu\\\/#website\"},\"primaryImageOfPage\":{\"@id\":\"https:\\\/\\\/hellahair.eu\\\/toode\\\/hella-hair-juukseratik-hall\\\/#primaryimage\"},\"image\":{\"@id\":\"https:\\\/\\\/hellahair.eu\\\/toode\\\/hella-hair-juukseratik-hall\\\/#primaryimage\"},\"thumbnailUrl\":\"https:\\\/\\\/hellahair.eu\\\/wp-content\\\/uploads\\\/2023\\\/07\\\/hh_r2tikud-4.jpg\",\"datePublished\":\"2023-09-13T11:41:19+00:00\",\"dateModified\":\"2026-01-11T17:57:31+00:00\",\"breadcrumb\":{\"@id\":\"https:\\\/\\\/hellahair.eu\\\/toode\\\/hella-hair-juukseratik-hall\\\/#breadcrumb\"},\"inLanguage\":\"en-GB\",\"potentialAction\":[{\"@type\":\"ReadAction\",\"target\":[\"https:\\\/\\\/hellahair.eu\\\/toode\\\/hella-hair-juukseratik-hall\\\/\"]}]},{\"@type\":\"ImageObject\",\"inLanguage\":\"en-GB\",\"@id\":\"https:\\\/\\\/hellahair.eu\\\/toode\\\/hella-hair-juukseratik-hall\\\/#primaryimage\",\"url\":\"https:\\\/\\\/hellahair.eu\\\/wp-content\\\/uploads\\\/2023\\\/07\\\/hh_r2tikud-4.jpg\",\"contentUrl\":\"https:\\\/\\\/hellahair.eu\\\/wp-content\\\/uploads\\\/2023\\\/07\\\/hh_r2tikud-4.jpg\",\"width\":2500,\"height\":2500},{\"@type\":\"BreadcrumbList\",\"@id\":\"https:\\\/\\\/hellahair.eu\\\/toode\\\/hella-hair-juukseratik-hall\\\/#breadcrumb\",\"itemListElement\":[{\"@type\":\"ListItem\",\"position\":1,\"name\":\"Home\",\"item\":\"https:\\\/\\\/hellahair.eu\\\/\"},{\"@type\":\"ListItem\",\"position\":2,\"name\":\"Pood\",\"item\":\"https:\\\/\\\/hellahair.eu\\\/shop\\\/\"},{\"@type\":\"ListItem\",\"position\":3,\"name\":\"HELLA JUUKSER\u00c4TIK &#8211; HALL\"}]},{\"@type\":\"WebSite\",\"@id\":\"https:\\\/\\\/hellahair.eu\\\/#website\",\"url\":\"https:\\\/\\\/hellahair.eu\\\/\",\"name\":\"Hella Hair\",\"description\":\"Luksuslikud juuste aksessuaarid\",\"publisher\":{\"@id\":\"https:\\\/\\\/hellahair.eu\\\/#organization\"},\"potentialAction\":[{\"@type\":\"SearchAction\",\"target\":{\"@type\":\"EntryPoint\",\"urlTemplate\":\"https:\\\/\\\/hellahair.eu\\\/?s={search_term_string}\"},\"query-input\":{\"@type\":\"PropertyValueSpecification\",\"valueRequired\":true,\"valueName\":\"search_term_string\"}}],\"inLanguage\":\"en-GB\"},{\"@type\":\"Organization\",\"@id\":\"https:\\\/\\\/hellahair.eu\\\/#organization\",\"name\":\"Hella Hair O\u00dc\",\"url\":\"https:\\\/\\\/hellahair.eu\\\/\",\"logo\":{\"@type\":\"ImageObject\",\"inLanguage\":\"en-GB\",\"@id\":\"https:\\\/\\\/hellahair.eu\\\/#\\\/schema\\\/logo\\\/image\\\/\",\"url\":\"https:\\\/\\\/hellahair.eu\\\/wp-content\\\/uploads\\\/2018\\\/10\\\/hella_logo_dark.png\",\"contentUrl\":\"https:\\\/\\\/hellahair.eu\\\/wp-content\\\/uploads\\\/2018\\\/10\\\/hella_logo_dark.png\",\"width\":2551,\"height\":600,\"caption\":\"Hella Hair O\u00dc\"},\"image\":{\"@id\":\"https:\\\/\\\/hellahair.eu\\\/#\\\/schema\\\/logo\\\/image\\\/\"},\"sameAs\":[\"https:\\\/\\\/www.facebook.com\\\/hellahair.ee\\\/\",\"https:\\\/\\\/www.instagram.com\\\/hellahair.ee\\\/\"]}]}<\/script>\n<!-- \/ Yoast SEO plugin. -->","yoast_head_json":{"title":"HELLA JUUKSER\u00c4TIK - HALL | Hella Hair","robots":{"index":"index","follow":"follow","max-snippet":"max-snippet:-1","max-image-preview":"max-image-preview:large","max-video-preview":"max-video-preview:-1"},"canonical":"https:\/\/hellahair.eu\/en\/product\/hella-hair-juukseratik-hall\/","og_locale":"en_GB","og_type":"article","og_title":"HELLA JUUKSER\u00c4TIK - HALL | Hella Hair","og_description":"\u00d5ige juuksehoolduse juurde kuulub kindlasti juukses\u00f5bralik juukser\u00e4tik \u2013 SIIN TA ON.  Hella Hair Towel on valmistatud pehmest bambusmaterjalist, mis on hea niiskuse imamisv\u00f5imega,\u00a0kompaktne ning kaalult kerge ja seet\u00f5ttu suurep\u00e4rased trenni-, ranna- ja reisikaaslased.  R\u00e4tiku kasutamine on imelihtne, teda\u00a0mugav p\u00e4he panna ning n\u00f6\u00f6bi abil kinnitada. Kuna juuksed on r\u00e4tikusse kindlalt kinnitatud, siis saab kodus mugavalt oma igap\u00e4evatoimetusi j\u00e4tkata, muretsemata et r\u00e4tik peast liiguks","og_url":"https:\/\/hellahair.eu\/en\/product\/hella-hair-juukseratik-hall\/","og_site_name":"Hella Hair","article_publisher":"https:\/\/www.facebook.com\/hellahair.ee\/","article_modified_time":"2026-01-11T17:57:31+00:00","og_image":[{"width":2500,"height":2500,"url":"https:\/\/hellahair.eu\/wp-content\/uploads\/2023\/07\/hh_r2tikud-4.jpg","type":"image\/jpeg"}],"twitter_card":"summary_large_image","twitter_misc":{"Estimated reading time":"1 minute"},"schema":{"@context":"https:\/\/schema.org","@graph":[{"@type":"WebPage","@id":"https:\/\/hellahair.eu\/toode\/hella-hair-juukseratik-hall\/","url":"https:\/\/hellahair.eu\/toode\/hella-hair-juukseratik-hall\/","name":"HELLA JUUKSER\u00c4TIK - HALL | Hella Hair","isPartOf":{"@id":"https:\/\/hellahair.eu\/#website"},"primaryImageOfPage":{"@id":"https:\/\/hellahair.eu\/toode\/hella-hair-juukseratik-hall\/#primaryimage"},"image":{"@id":"https:\/\/hellahair.eu\/toode\/hella-hair-juukseratik-hall\/#primaryimage"},"thumbnailUrl":"https:\/\/hellahair.eu\/wp-content\/uploads\/2023\/07\/hh_r2tikud-4.jpg","datePublished":"2023-09-13T11:41:19+00:00","dateModified":"2026-01-11T17:57:31+00:00","breadcrumb":{"@id":"https:\/\/hellahair.eu\/toode\/hella-hair-juukseratik-hall\/#breadcrumb"},"inLanguage":"en-GB","potentialAction":[{"@type":"ReadAction","target":["https:\/\/hellahair.eu\/toode\/hella-hair-juukseratik-hall\/"]}]},{"@type":"ImageObject","inLanguage":"en-GB","@id":"https:\/\/hellahair.eu\/toode\/hella-hair-juukseratik-hall\/#primaryimage","url":"https:\/\/hellahair.eu\/wp-content\/uploads\/2023\/07\/hh_r2tikud-4.jpg","contentUrl":"https:\/\/hellahair.eu\/wp-content\/uploads\/2023\/07\/hh_r2tikud-4.jpg","width":2500,"height":2500},{"@type":"BreadcrumbList","@id":"https:\/\/hellahair.eu\/toode\/hella-hair-juukseratik-hall\/#breadcrumb","itemListElement":[{"@type":"ListItem","position":1,"name":"Home","item":"https:\/\/hellahair.eu\/"},{"@type":"ListItem","position":2,"name":"Pood","item":"https:\/\/hellahair.eu\/shop\/"},{"@type":"ListItem","position":3,"name":"HELLA JUUKSER\u00c4TIK &#8211; HALL"}]},{"@type":"WebSite","@id":"https:\/\/hellahair.eu\/#website","url":"https:\/\/hellahair.eu\/","name":"Hella Hair","description":"Luxury quality hair accessories","publisher":{"@id":"https:\/\/hellahair.eu\/#organization"},"potentialAction":[{"@type":"SearchAction","target":{"@type":"EntryPoint","urlTemplate":"https:\/\/hellahair.eu\/?s={search_term_string}"},"query-input":{"@type":"PropertyValueSpecification","valueRequired":true,"valueName":"search_term_string"}}],"inLanguage":"en-GB"},{"@type":"Organization","@id":"https:\/\/hellahair.eu\/#organization","name":"Hella Hair O\u00dc","url":"https:\/\/hellahair.eu\/","logo":{"@type":"ImageObject","inLanguage":"en-GB","@id":"https:\/\/hellahair.eu\/#\/schema\/logo\/image\/","url":"https:\/\/hellahair.eu\/wp-content\/uploads\/2018\/10\/hella_logo_dark.png","contentUrl":"https:\/\/hellahair.eu\/wp-content\/uploads\/2018\/10\/hella_logo_dark.png","width":2551,"height":600,"caption":"Hella Hair O\u00dc"},"image":{"@id":"https:\/\/hellahair.eu\/#\/schema\/logo\/image\/"},"sameAs":["https:\/\/www.facebook.com\/hellahair.ee\/","https:\/\/www.instagram.com\/hellahair.ee\/"]}]}},"_links":{"self":[{"href":"https:\/\/hellahair.eu\/en\/wp-json\/wp\/v2\/product\/50682","targetHints":{"allow":["GET"]}}],"collection":[{"href":"https:\/\/hellahair.eu\/en\/wp-json\/wp\/v2\/product"}],"about":[{"href":"https:\/\/hellahair.eu\/en\/wp-json\/wp\/v2\/types\/product"}],"wp:featuredmedia":[{"embeddable":true,"href":"https:\/\/hellahair.eu\/en\/wp-json\/wp\/v2\/media\/50755"}],"wp:attachment":[{"href":"https:\/\/hellahair.eu\/en\/wp-json\/wp\/v2\/media?parent=50682"}],"wp:term":[{"taxonomy":"product_brand","embeddable":true,"href":"https:\/\/hellahair.eu\/en\/wp-json\/wp\/v2\/product_brand?post=50682"},{"taxonomy":"product_cat","embeddable":true,"href":"https:\/\/hellahair.eu\/en\/wp-json\/wp\/v2\/product_cat?post=50682"},{"taxonomy":"product_tag","embeddable":true,"href":"https:\/\/hellahair.eu\/en\/wp-json\/wp\/v2\/product_tag?post=50682"}],"curies":[{"name":"wp","href":"https:\/\/api.w.org\/{rel}","templated":true}]}}