{"id":50944,"date":"2022-08-09T09:48:22","date_gmt":"2022-08-09T06:48:22","guid":{"rendered":"https:\/\/hellahair.ee\/?post_type=product&#038;p=50944"},"modified":"2025-12-04T16:34:55","modified_gmt":"2025-12-04T14:34:55","slug":"hella-apricot-veluur-scrunchie-mini","status":"publish","type":"product","link":"https:\/\/hellahair.eu\/en\/product\/hella-apricot-veluur-scrunchie-mini\/","title":{"rendered":"HELLA APRICOT VELUUR SCRUNCHIE &#8211; MINI"},"content":{"rendered":"<p>Material: 80% cotton, 20% polyester<\/p>\n<p>Care: If Your\u00a0<em>scrunchie<\/em>\u00a0scrunchie is dirty, we recommend hand washing with lukewarm water. Gentle wash products may be used. For washing in the washing machine, we recommend using a laundry bag and a gentle washing program.<\/p>\n<p class=\"translation-block\">For this scrunchie from this collection, we offer the HELLA CARE service. We replace the stretched rubber inside the scrunchie for FREE.<\/p>","protected":false},"excerpt":{"rendered":"<p>Apricot mini - a sweetly juicy apricot tone.<\/p>\n<p>Hella Hair Velour Collection products are made from soft and quality cotton Nicky Velour fabric, that does not break Your hair.<\/p>\n<p>Wearable in the hair and as an accessory around the arm. Designed and sewn by hand in Estonia.<\/p>","protected":false},"featured_media":50945,"template":"","meta":[],"product_brand":[],"product_cat":[132,137],"product_tag":[],"class_list":{"0":"post-50944","1":"product","2":"type-product","3":"status-publish","4":"has-post-thumbnail","6":"product_cat-sale","7":"product_cat-veluur-kollektsioon","9":"first","10":"instock","11":"sale","12":"shipping-taxable","13":"purchasable","14":"product-type-simple"},"yoast_head":"<!-- This site is optimized with the Yoast SEO plugin v27.3 - https:\/\/yoast.com\/product\/yoast-seo-wordpress\/ -->\n<title>HELLA APRICOT VELUUR SCRUNCHIE - MINI | Hella Hair<\/title>\n<meta name=\"robots\" content=\"index, follow, max-snippet:-1, max-image-preview:large, max-video-preview:-1\" \/>\n<link rel=\"canonical\" href=\"https:\/\/hellahair.eu\/en\/product\/hella-apricot-veluur-scrunchie-mini\/\" \/>\n<meta property=\"og:locale\" content=\"en_GB\" \/>\n<meta property=\"og:type\" content=\"article\" \/>\n<meta property=\"og:title\" content=\"HELLA APRICOT VELUUR SCRUNCHIE - MINI | Hella Hair\" \/>\n<meta property=\"og:description\" content=\"Apricot mini \u2013 magusalt mahlane aprikoosi toon.  Hella Hair \u2019Velour\u2019 kollektsiooni tooted on valmistatud pehmest ja kvaliteetsest puuvillasest veluur-trikotaa\u017e kangast, mis ei l\u00f5hu Sinu juukseid.  Kantav juustes ning aksessuaarina \u00fcmber k\u00e4e. Disainitud ja \u00f5mmeldud k\u00e4sit\u00f6\u00f6na Eestis.\" \/>\n<meta property=\"og:url\" content=\"https:\/\/hellahair.eu\/en\/product\/hella-apricot-veluur-scrunchie-mini\/\" \/>\n<meta property=\"og:site_name\" content=\"Hella Hair\" \/>\n<meta property=\"article:publisher\" content=\"https:\/\/www.facebook.com\/hellahair.ee\/\" \/>\n<meta property=\"article:modified_time\" content=\"2025-12-04T14:34:55+00:00\" \/>\n<meta property=\"og:image\" content=\"https:\/\/hellahair.eu\/wp-content\/uploads\/2023\/09\/Apricot-mini.jpg\" \/>\n\t<meta property=\"og:image:width\" content=\"768\" \/>\n\t<meta property=\"og:image:height\" content=\"768\" \/>\n\t<meta property=\"og:image:type\" content=\"image\/jpeg\" \/>\n<meta name=\"twitter:card\" content=\"summary_large_image\" \/>\n<meta name=\"twitter:label1\" content=\"Estimated reading time\" \/>\n\t<meta name=\"twitter:data1\" content=\"1 minute\" \/>\n<script type=\"application\/ld+json\" class=\"yoast-schema-graph\">{\"@context\":\"https:\\\/\\\/schema.org\",\"@graph\":[{\"@type\":\"WebPage\",\"@id\":\"https:\\\/\\\/hellahair.eu\\\/toode\\\/hella-apricot-veluur-scrunchie-mini\\\/\",\"url\":\"https:\\\/\\\/hellahair.eu\\\/toode\\\/hella-apricot-veluur-scrunchie-mini\\\/\",\"name\":\"HELLA APRICOT VELUUR SCRUNCHIE - MINI | Hella Hair\",\"isPartOf\":{\"@id\":\"https:\\\/\\\/hellahair.eu\\\/#website\"},\"primaryImageOfPage\":{\"@id\":\"https:\\\/\\\/hellahair.eu\\\/toode\\\/hella-apricot-veluur-scrunchie-mini\\\/#primaryimage\"},\"image\":{\"@id\":\"https:\\\/\\\/hellahair.eu\\\/toode\\\/hella-apricot-veluur-scrunchie-mini\\\/#primaryimage\"},\"thumbnailUrl\":\"https:\\\/\\\/hellahair.eu\\\/wp-content\\\/uploads\\\/2023\\\/09\\\/Apricot-mini.jpg\",\"datePublished\":\"2022-08-09T06:48:22+00:00\",\"dateModified\":\"2025-12-04T14:34:55+00:00\",\"breadcrumb\":{\"@id\":\"https:\\\/\\\/hellahair.eu\\\/toode\\\/hella-apricot-veluur-scrunchie-mini\\\/#breadcrumb\"},\"inLanguage\":\"en-GB\",\"potentialAction\":[{\"@type\":\"ReadAction\",\"target\":[\"https:\\\/\\\/hellahair.eu\\\/toode\\\/hella-apricot-veluur-scrunchie-mini\\\/\"]}]},{\"@type\":\"ImageObject\",\"inLanguage\":\"en-GB\",\"@id\":\"https:\\\/\\\/hellahair.eu\\\/toode\\\/hella-apricot-veluur-scrunchie-mini\\\/#primaryimage\",\"url\":\"https:\\\/\\\/hellahair.eu\\\/wp-content\\\/uploads\\\/2023\\\/09\\\/Apricot-mini.jpg\",\"contentUrl\":\"https:\\\/\\\/hellahair.eu\\\/wp-content\\\/uploads\\\/2023\\\/09\\\/Apricot-mini.jpg\",\"width\":768,\"height\":768},{\"@type\":\"BreadcrumbList\",\"@id\":\"https:\\\/\\\/hellahair.eu\\\/toode\\\/hella-apricot-veluur-scrunchie-mini\\\/#breadcrumb\",\"itemListElement\":[{\"@type\":\"ListItem\",\"position\":1,\"name\":\"Home\",\"item\":\"https:\\\/\\\/hellahair.eu\\\/\"},{\"@type\":\"ListItem\",\"position\":2,\"name\":\"Pood\",\"item\":\"https:\\\/\\\/hellahair.eu\\\/shop\\\/\"},{\"@type\":\"ListItem\",\"position\":3,\"name\":\"HELLA APRICOT VELUUR SCRUNCHIE &#8211; MINI\"}]},{\"@type\":\"WebSite\",\"@id\":\"https:\\\/\\\/hellahair.eu\\\/#website\",\"url\":\"https:\\\/\\\/hellahair.eu\\\/\",\"name\":\"Hella Hair\",\"description\":\"Luksuslikud juuste aksessuaarid\",\"publisher\":{\"@id\":\"https:\\\/\\\/hellahair.eu\\\/#organization\"},\"potentialAction\":[{\"@type\":\"SearchAction\",\"target\":{\"@type\":\"EntryPoint\",\"urlTemplate\":\"https:\\\/\\\/hellahair.eu\\\/?s={search_term_string}\"},\"query-input\":{\"@type\":\"PropertyValueSpecification\",\"valueRequired\":true,\"valueName\":\"search_term_string\"}}],\"inLanguage\":\"en-GB\"},{\"@type\":\"Organization\",\"@id\":\"https:\\\/\\\/hellahair.eu\\\/#organization\",\"name\":\"Hella Hair O\u00dc\",\"url\":\"https:\\\/\\\/hellahair.eu\\\/\",\"logo\":{\"@type\":\"ImageObject\",\"inLanguage\":\"en-GB\",\"@id\":\"https:\\\/\\\/hellahair.eu\\\/#\\\/schema\\\/logo\\\/image\\\/\",\"url\":\"https:\\\/\\\/hellahair.eu\\\/wp-content\\\/uploads\\\/2018\\\/10\\\/hella_logo_dark.png\",\"contentUrl\":\"https:\\\/\\\/hellahair.eu\\\/wp-content\\\/uploads\\\/2018\\\/10\\\/hella_logo_dark.png\",\"width\":2551,\"height\":600,\"caption\":\"Hella Hair O\u00dc\"},\"image\":{\"@id\":\"https:\\\/\\\/hellahair.eu\\\/#\\\/schema\\\/logo\\\/image\\\/\"},\"sameAs\":[\"https:\\\/\\\/www.facebook.com\\\/hellahair.ee\\\/\",\"https:\\\/\\\/www.instagram.com\\\/hellahair.ee\\\/\"]}]}<\/script>\n<!-- \/ Yoast SEO plugin. -->","yoast_head_json":{"title":"HELLA APRICOT VELUUR SCRUNCHIE - MINI | Hella Hair","robots":{"index":"index","follow":"follow","max-snippet":"max-snippet:-1","max-image-preview":"max-image-preview:large","max-video-preview":"max-video-preview:-1"},"canonical":"https:\/\/hellahair.eu\/en\/product\/hella-apricot-veluur-scrunchie-mini\/","og_locale":"en_GB","og_type":"article","og_title":"HELLA APRICOT VELUUR SCRUNCHIE - MINI | Hella Hair","og_description":"Apricot mini \u2013 magusalt mahlane aprikoosi toon.  Hella Hair \u2019Velour\u2019 kollektsiooni tooted on valmistatud pehmest ja kvaliteetsest puuvillasest veluur-trikotaa\u017e kangast, mis ei l\u00f5hu Sinu juukseid.  Kantav juustes ning aksessuaarina \u00fcmber k\u00e4e. Disainitud ja \u00f5mmeldud k\u00e4sit\u00f6\u00f6na Eestis.","og_url":"https:\/\/hellahair.eu\/en\/product\/hella-apricot-veluur-scrunchie-mini\/","og_site_name":"Hella Hair","article_publisher":"https:\/\/www.facebook.com\/hellahair.ee\/","article_modified_time":"2025-12-04T14:34:55+00:00","og_image":[{"width":768,"height":768,"url":"https:\/\/hellahair.eu\/wp-content\/uploads\/2023\/09\/Apricot-mini.jpg","type":"image\/jpeg"}],"twitter_card":"summary_large_image","twitter_misc":{"Estimated reading time":"1 minute"},"schema":{"@context":"https:\/\/schema.org","@graph":[{"@type":"WebPage","@id":"https:\/\/hellahair.eu\/toode\/hella-apricot-veluur-scrunchie-mini\/","url":"https:\/\/hellahair.eu\/toode\/hella-apricot-veluur-scrunchie-mini\/","name":"HELLA APRICOT VELUUR SCRUNCHIE - MINI | Hella Hair","isPartOf":{"@id":"https:\/\/hellahair.eu\/#website"},"primaryImageOfPage":{"@id":"https:\/\/hellahair.eu\/toode\/hella-apricot-veluur-scrunchie-mini\/#primaryimage"},"image":{"@id":"https:\/\/hellahair.eu\/toode\/hella-apricot-veluur-scrunchie-mini\/#primaryimage"},"thumbnailUrl":"https:\/\/hellahair.eu\/wp-content\/uploads\/2023\/09\/Apricot-mini.jpg","datePublished":"2022-08-09T06:48:22+00:00","dateModified":"2025-12-04T14:34:55+00:00","breadcrumb":{"@id":"https:\/\/hellahair.eu\/toode\/hella-apricot-veluur-scrunchie-mini\/#breadcrumb"},"inLanguage":"en-GB","potentialAction":[{"@type":"ReadAction","target":["https:\/\/hellahair.eu\/toode\/hella-apricot-veluur-scrunchie-mini\/"]}]},{"@type":"ImageObject","inLanguage":"en-GB","@id":"https:\/\/hellahair.eu\/toode\/hella-apricot-veluur-scrunchie-mini\/#primaryimage","url":"https:\/\/hellahair.eu\/wp-content\/uploads\/2023\/09\/Apricot-mini.jpg","contentUrl":"https:\/\/hellahair.eu\/wp-content\/uploads\/2023\/09\/Apricot-mini.jpg","width":768,"height":768},{"@type":"BreadcrumbList","@id":"https:\/\/hellahair.eu\/toode\/hella-apricot-veluur-scrunchie-mini\/#breadcrumb","itemListElement":[{"@type":"ListItem","position":1,"name":"Home","item":"https:\/\/hellahair.eu\/"},{"@type":"ListItem","position":2,"name":"Pood","item":"https:\/\/hellahair.eu\/shop\/"},{"@type":"ListItem","position":3,"name":"HELLA APRICOT VELUUR SCRUNCHIE &#8211; MINI"}]},{"@type":"WebSite","@id":"https:\/\/hellahair.eu\/#website","url":"https:\/\/hellahair.eu\/","name":"Hella Hair","description":"Luxury quality hair accessories","publisher":{"@id":"https:\/\/hellahair.eu\/#organization"},"potentialAction":[{"@type":"SearchAction","target":{"@type":"EntryPoint","urlTemplate":"https:\/\/hellahair.eu\/?s={search_term_string}"},"query-input":{"@type":"PropertyValueSpecification","valueRequired":true,"valueName":"search_term_string"}}],"inLanguage":"en-GB"},{"@type":"Organization","@id":"https:\/\/hellahair.eu\/#organization","name":"Hella Hair O\u00dc","url":"https:\/\/hellahair.eu\/","logo":{"@type":"ImageObject","inLanguage":"en-GB","@id":"https:\/\/hellahair.eu\/#\/schema\/logo\/image\/","url":"https:\/\/hellahair.eu\/wp-content\/uploads\/2018\/10\/hella_logo_dark.png","contentUrl":"https:\/\/hellahair.eu\/wp-content\/uploads\/2018\/10\/hella_logo_dark.png","width":2551,"height":600,"caption":"Hella Hair O\u00dc"},"image":{"@id":"https:\/\/hellahair.eu\/#\/schema\/logo\/image\/"},"sameAs":["https:\/\/www.facebook.com\/hellahair.ee\/","https:\/\/www.instagram.com\/hellahair.ee\/"]}]}},"_links":{"self":[{"href":"https:\/\/hellahair.eu\/en\/wp-json\/wp\/v2\/product\/50944","targetHints":{"allow":["GET"]}}],"collection":[{"href":"https:\/\/hellahair.eu\/en\/wp-json\/wp\/v2\/product"}],"about":[{"href":"https:\/\/hellahair.eu\/en\/wp-json\/wp\/v2\/types\/product"}],"wp:featuredmedia":[{"embeddable":true,"href":"https:\/\/hellahair.eu\/en\/wp-json\/wp\/v2\/media\/50945"}],"wp:attachment":[{"href":"https:\/\/hellahair.eu\/en\/wp-json\/wp\/v2\/media?parent=50944"}],"wp:term":[{"taxonomy":"product_brand","embeddable":true,"href":"https:\/\/hellahair.eu\/en\/wp-json\/wp\/v2\/product_brand?post=50944"},{"taxonomy":"product_cat","embeddable":true,"href":"https:\/\/hellahair.eu\/en\/wp-json\/wp\/v2\/product_cat?post=50944"},{"taxonomy":"product_tag","embeddable":true,"href":"https:\/\/hellahair.eu\/en\/wp-json\/wp\/v2\/product_tag?post=50944"}],"curies":[{"name":"wp","href":"https:\/\/api.w.org\/{rel}","templated":true}]}}