{"id":52553,"date":"2024-04-02T15:00:26","date_gmt":"2024-04-02T12:00:26","guid":{"rendered":"https:\/\/hellahair.eu\/?post_type=product&#038;p=52553"},"modified":"2026-01-29T14:54:05","modified_gmt":"2026-01-29T12:54:05","slug":"hella-hair-grip-set-in-beige","status":"publish","type":"product","link":"https:\/\/hellahair.eu\/en\/product\/hella-hair-grip-set-in-beige\/","title":{"rendered":"HELLA HAIR GRIP SET IN BEIGE"},"content":{"rendered":"<p>Colour - beige<\/p>\n<p>Pack - 2pcs<\/p>\n<p>Material - acetate<\/p>\n<p>Measurements - 5cm x 2cm<\/p>\n<p>Designed and laser craved in Estonia<\/p>\n<p>Produced in PRC<\/p>","protected":false},"excerpt":{"rendered":"<p>Hella Hair Grip clips come as a duo of 2 and can be worn as an everyday hair accessory.<\/p>\n<ul>\n<li>Ideal for securing the hair on the hairline and the edges of the face when applying or removing make-up.<span class=\"Apple-converted-space\">\u00a0<\/span><\/li>\n<li>Favourites of many hairdressers and make-up artists as they leave no unwanted clip marks in the hair.<\/li>\n<li>The clips are individually laser engraved and hand coloured in Estonia.<\/li>\n<li>Products are in limited quantities.<\/li>\n<\/ul>","protected":false},"featured_media":52468,"template":"","meta":[],"product_brand":[],"product_cat":[160],"product_tag":[],"class_list":{"0":"post-52553","1":"product","2":"type-product","3":"status-publish","4":"has-post-thumbnail","6":"product_cat-hella-hair-grip-set","8":"first","9":"instock","10":"shipping-taxable","11":"purchasable","12":"product-type-simple"},"yoast_head":"<!-- This site is optimized with the Yoast SEO plugin v27.3 - https:\/\/yoast.com\/product\/yoast-seo-wordpress\/ -->\n<title>HELLA HAIR GRIP SET IN BEIGE | Hella Hair<\/title>\n<meta name=\"robots\" content=\"index, follow, max-snippet:-1, max-image-preview:large, max-video-preview:-1\" \/>\n<link rel=\"canonical\" href=\"https:\/\/hellahair.eu\/en\/product\/hella-hair-grip-set-in-beige\/\" \/>\n<meta property=\"og:locale\" content=\"en_GB\" \/>\n<meta property=\"og:type\" content=\"article\" \/>\n<meta property=\"og:title\" content=\"HELLA HAIR GRIP SET IN BEIGE | Hella Hair\" \/>\n<meta property=\"og:description\" content=\"Hella Hair Grip klambrid tulevad 2-se duona ning on kandmiseks igap\u00e4evase juukseaksessuaarina.   Ideaalsed tuka ja n\u00e4o \u00e4\u00e4re juuste kinnitamiseks meigi tegemise v\u00f5i eemaldamise ajaks.\u00a0  Paljude juuksurite ja jumestajate lemmikud, kuna ei j\u00e4ta juuksesse soovimatut klambri j\u00e4lge.  Klambrid on Eestis \u00fckshaaval lasergraveeritud ja k\u00e4sit\u00f6\u00f6na v\u00e4rvitud.  Tooted limiteeritud koguses.\" \/>\n<meta property=\"og:url\" content=\"https:\/\/hellahair.eu\/en\/product\/hella-hair-grip-set-in-beige\/\" \/>\n<meta property=\"og:site_name\" content=\"Hella Hair\" \/>\n<meta property=\"article:publisher\" content=\"https:\/\/www.facebook.com\/hellahair.ee\/\" \/>\n<meta property=\"article:modified_time\" content=\"2026-01-29T12:54:05+00:00\" \/>\n<meta property=\"og:image\" content=\"https:\/\/hellahair.eu\/wp-content\/uploads\/2024\/02\/hh_clip_-4.jpg\" \/>\n\t<meta property=\"og:image:width\" content=\"2048\" \/>\n\t<meta property=\"og:image:height\" content=\"2048\" \/>\n\t<meta property=\"og:image:type\" content=\"image\/jpeg\" \/>\n<meta name=\"twitter:card\" content=\"summary_large_image\" \/>\n<meta name=\"twitter:label1\" content=\"Estimated reading time\" \/>\n\t<meta name=\"twitter:data1\" content=\"1 minute\" \/>\n<script type=\"application\/ld+json\" class=\"yoast-schema-graph\">{\"@context\":\"https:\\\/\\\/schema.org\",\"@graph\":[{\"@type\":\"WebPage\",\"@id\":\"https:\\\/\\\/hellahair.eu\\\/toode\\\/hella-hair-grip-set-in-beige\\\/\",\"url\":\"https:\\\/\\\/hellahair.eu\\\/toode\\\/hella-hair-grip-set-in-beige\\\/\",\"name\":\"HELLA HAIR GRIP SET IN BEIGE | Hella Hair\",\"isPartOf\":{\"@id\":\"https:\\\/\\\/hellahair.eu\\\/#website\"},\"primaryImageOfPage\":{\"@id\":\"https:\\\/\\\/hellahair.eu\\\/toode\\\/hella-hair-grip-set-in-beige\\\/#primaryimage\"},\"image\":{\"@id\":\"https:\\\/\\\/hellahair.eu\\\/toode\\\/hella-hair-grip-set-in-beige\\\/#primaryimage\"},\"thumbnailUrl\":\"https:\\\/\\\/hellahair.eu\\\/wp-content\\\/uploads\\\/2024\\\/02\\\/hh_clip_-4.jpg\",\"datePublished\":\"2024-04-02T12:00:26+00:00\",\"dateModified\":\"2026-01-29T12:54:05+00:00\",\"breadcrumb\":{\"@id\":\"https:\\\/\\\/hellahair.eu\\\/toode\\\/hella-hair-grip-set-in-beige\\\/#breadcrumb\"},\"inLanguage\":\"en-GB\",\"potentialAction\":[{\"@type\":\"ReadAction\",\"target\":[\"https:\\\/\\\/hellahair.eu\\\/toode\\\/hella-hair-grip-set-in-beige\\\/\"]}]},{\"@type\":\"ImageObject\",\"inLanguage\":\"en-GB\",\"@id\":\"https:\\\/\\\/hellahair.eu\\\/toode\\\/hella-hair-grip-set-in-beige\\\/#primaryimage\",\"url\":\"https:\\\/\\\/hellahair.eu\\\/wp-content\\\/uploads\\\/2024\\\/02\\\/hh_clip_-4.jpg\",\"contentUrl\":\"https:\\\/\\\/hellahair.eu\\\/wp-content\\\/uploads\\\/2024\\\/02\\\/hh_clip_-4.jpg\",\"width\":2048,\"height\":2048},{\"@type\":\"BreadcrumbList\",\"@id\":\"https:\\\/\\\/hellahair.eu\\\/toode\\\/hella-hair-grip-set-in-beige\\\/#breadcrumb\",\"itemListElement\":[{\"@type\":\"ListItem\",\"position\":1,\"name\":\"Home\",\"item\":\"https:\\\/\\\/hellahair.eu\\\/\"},{\"@type\":\"ListItem\",\"position\":2,\"name\":\"Pood\",\"item\":\"https:\\\/\\\/hellahair.eu\\\/shop\\\/\"},{\"@type\":\"ListItem\",\"position\":3,\"name\":\"HELLA HAIR GRIP SET IN BEIGE\"}]},{\"@type\":\"WebSite\",\"@id\":\"https:\\\/\\\/hellahair.eu\\\/#website\",\"url\":\"https:\\\/\\\/hellahair.eu\\\/\",\"name\":\"Hella Hair\",\"description\":\"Luksuslikud juuste aksessuaarid\",\"publisher\":{\"@id\":\"https:\\\/\\\/hellahair.eu\\\/#organization\"},\"potentialAction\":[{\"@type\":\"SearchAction\",\"target\":{\"@type\":\"EntryPoint\",\"urlTemplate\":\"https:\\\/\\\/hellahair.eu\\\/?s={search_term_string}\"},\"query-input\":{\"@type\":\"PropertyValueSpecification\",\"valueRequired\":true,\"valueName\":\"search_term_string\"}}],\"inLanguage\":\"en-GB\"},{\"@type\":\"Organization\",\"@id\":\"https:\\\/\\\/hellahair.eu\\\/#organization\",\"name\":\"Hella Hair O\u00dc\",\"url\":\"https:\\\/\\\/hellahair.eu\\\/\",\"logo\":{\"@type\":\"ImageObject\",\"inLanguage\":\"en-GB\",\"@id\":\"https:\\\/\\\/hellahair.eu\\\/#\\\/schema\\\/logo\\\/image\\\/\",\"url\":\"https:\\\/\\\/hellahair.eu\\\/wp-content\\\/uploads\\\/2018\\\/10\\\/hella_logo_dark.png\",\"contentUrl\":\"https:\\\/\\\/hellahair.eu\\\/wp-content\\\/uploads\\\/2018\\\/10\\\/hella_logo_dark.png\",\"width\":2551,\"height\":600,\"caption\":\"Hella Hair O\u00dc\"},\"image\":{\"@id\":\"https:\\\/\\\/hellahair.eu\\\/#\\\/schema\\\/logo\\\/image\\\/\"},\"sameAs\":[\"https:\\\/\\\/www.facebook.com\\\/hellahair.ee\\\/\",\"https:\\\/\\\/www.instagram.com\\\/hellahair.ee\\\/\"]}]}<\/script>\n<!-- \/ Yoast SEO plugin. -->","yoast_head_json":{"title":"HELLA HAIR GRIP SET IN BEIGE | Hella Hair","robots":{"index":"index","follow":"follow","max-snippet":"max-snippet:-1","max-image-preview":"max-image-preview:large","max-video-preview":"max-video-preview:-1"},"canonical":"https:\/\/hellahair.eu\/en\/product\/hella-hair-grip-set-in-beige\/","og_locale":"en_GB","og_type":"article","og_title":"HELLA HAIR GRIP SET IN BEIGE | Hella Hair","og_description":"Hella Hair Grip klambrid tulevad 2-se duona ning on kandmiseks igap\u00e4evase juukseaksessuaarina.   Ideaalsed tuka ja n\u00e4o \u00e4\u00e4re juuste kinnitamiseks meigi tegemise v\u00f5i eemaldamise ajaks.\u00a0  Paljude juuksurite ja jumestajate lemmikud, kuna ei j\u00e4ta juuksesse soovimatut klambri j\u00e4lge.  Klambrid on Eestis \u00fckshaaval lasergraveeritud ja k\u00e4sit\u00f6\u00f6na v\u00e4rvitud.  Tooted limiteeritud koguses.","og_url":"https:\/\/hellahair.eu\/en\/product\/hella-hair-grip-set-in-beige\/","og_site_name":"Hella Hair","article_publisher":"https:\/\/www.facebook.com\/hellahair.ee\/","article_modified_time":"2026-01-29T12:54:05+00:00","og_image":[{"width":2048,"height":2048,"url":"https:\/\/hellahair.eu\/wp-content\/uploads\/2024\/02\/hh_clip_-4.jpg","type":"image\/jpeg"}],"twitter_card":"summary_large_image","twitter_misc":{"Estimated reading time":"1 minute"},"schema":{"@context":"https:\/\/schema.org","@graph":[{"@type":"WebPage","@id":"https:\/\/hellahair.eu\/toode\/hella-hair-grip-set-in-beige\/","url":"https:\/\/hellahair.eu\/toode\/hella-hair-grip-set-in-beige\/","name":"HELLA HAIR GRIP SET IN BEIGE | Hella Hair","isPartOf":{"@id":"https:\/\/hellahair.eu\/#website"},"primaryImageOfPage":{"@id":"https:\/\/hellahair.eu\/toode\/hella-hair-grip-set-in-beige\/#primaryimage"},"image":{"@id":"https:\/\/hellahair.eu\/toode\/hella-hair-grip-set-in-beige\/#primaryimage"},"thumbnailUrl":"https:\/\/hellahair.eu\/wp-content\/uploads\/2024\/02\/hh_clip_-4.jpg","datePublished":"2024-04-02T12:00:26+00:00","dateModified":"2026-01-29T12:54:05+00:00","breadcrumb":{"@id":"https:\/\/hellahair.eu\/toode\/hella-hair-grip-set-in-beige\/#breadcrumb"},"inLanguage":"en-GB","potentialAction":[{"@type":"ReadAction","target":["https:\/\/hellahair.eu\/toode\/hella-hair-grip-set-in-beige\/"]}]},{"@type":"ImageObject","inLanguage":"en-GB","@id":"https:\/\/hellahair.eu\/toode\/hella-hair-grip-set-in-beige\/#primaryimage","url":"https:\/\/hellahair.eu\/wp-content\/uploads\/2024\/02\/hh_clip_-4.jpg","contentUrl":"https:\/\/hellahair.eu\/wp-content\/uploads\/2024\/02\/hh_clip_-4.jpg","width":2048,"height":2048},{"@type":"BreadcrumbList","@id":"https:\/\/hellahair.eu\/toode\/hella-hair-grip-set-in-beige\/#breadcrumb","itemListElement":[{"@type":"ListItem","position":1,"name":"Home","item":"https:\/\/hellahair.eu\/"},{"@type":"ListItem","position":2,"name":"Pood","item":"https:\/\/hellahair.eu\/shop\/"},{"@type":"ListItem","position":3,"name":"HELLA HAIR GRIP SET IN BEIGE"}]},{"@type":"WebSite","@id":"https:\/\/hellahair.eu\/#website","url":"https:\/\/hellahair.eu\/","name":"Hella Hair","description":"Luxury quality hair accessories","publisher":{"@id":"https:\/\/hellahair.eu\/#organization"},"potentialAction":[{"@type":"SearchAction","target":{"@type":"EntryPoint","urlTemplate":"https:\/\/hellahair.eu\/?s={search_term_string}"},"query-input":{"@type":"PropertyValueSpecification","valueRequired":true,"valueName":"search_term_string"}}],"inLanguage":"en-GB"},{"@type":"Organization","@id":"https:\/\/hellahair.eu\/#organization","name":"Hella Hair O\u00dc","url":"https:\/\/hellahair.eu\/","logo":{"@type":"ImageObject","inLanguage":"en-GB","@id":"https:\/\/hellahair.eu\/#\/schema\/logo\/image\/","url":"https:\/\/hellahair.eu\/wp-content\/uploads\/2018\/10\/hella_logo_dark.png","contentUrl":"https:\/\/hellahair.eu\/wp-content\/uploads\/2018\/10\/hella_logo_dark.png","width":2551,"height":600,"caption":"Hella Hair O\u00dc"},"image":{"@id":"https:\/\/hellahair.eu\/#\/schema\/logo\/image\/"},"sameAs":["https:\/\/www.facebook.com\/hellahair.ee\/","https:\/\/www.instagram.com\/hellahair.ee\/"]}]}},"_links":{"self":[{"href":"https:\/\/hellahair.eu\/en\/wp-json\/wp\/v2\/product\/52553","targetHints":{"allow":["GET"]}}],"collection":[{"href":"https:\/\/hellahair.eu\/en\/wp-json\/wp\/v2\/product"}],"about":[{"href":"https:\/\/hellahair.eu\/en\/wp-json\/wp\/v2\/types\/product"}],"wp:featuredmedia":[{"embeddable":true,"href":"https:\/\/hellahair.eu\/en\/wp-json\/wp\/v2\/media\/52468"}],"wp:attachment":[{"href":"https:\/\/hellahair.eu\/en\/wp-json\/wp\/v2\/media?parent=52553"}],"wp:term":[{"taxonomy":"product_brand","embeddable":true,"href":"https:\/\/hellahair.eu\/en\/wp-json\/wp\/v2\/product_brand?post=52553"},{"taxonomy":"product_cat","embeddable":true,"href":"https:\/\/hellahair.eu\/en\/wp-json\/wp\/v2\/product_cat?post=52553"},{"taxonomy":"product_tag","embeddable":true,"href":"https:\/\/hellahair.eu\/en\/wp-json\/wp\/v2\/product_tag?post=52553"}],"curies":[{"name":"wp","href":"https:\/\/api.w.org\/{rel}","templated":true}]}}