{"id":53015,"date":"2024-05-01T13:32:01","date_gmt":"2024-05-01T10:32:01","guid":{"rendered":"https:\/\/hellahair.eu\/?post_type=product&#038;p=53015"},"modified":"2026-02-13T21:17:41","modified_gmt":"2026-02-13T19:17:41","slug":"hella-beauty-bag-onyx-small","status":"publish","type":"product","link":"https:\/\/hellahair.eu\/en\/product\/hella-beauty-bag-onyx-small\/","title":{"rendered":"HELLA BEAUTY BAG ONYX \u2013 SMALL"},"content":{"rendered":"<p>Colour - black<\/p>\n<p>Material \u2013 80% Cotton 20% Polyetser<\/p>\n<p>Measurements - 15x10x8 cm<\/p>\n<p>Beauty Bag's high quality metal zipper is made in Estonia.<\/p>\n<p>The Beauty Bag is handmade and quilted in P\u00e4rnu. The outer fabric and lining of the bag are made in the Netherlands.<\/p>\n<p>Care: If your Beauty Bag is dirty, we recommend hand washing with lukewarm water. Gentle wash products may be used. For washing in the washing machine, we recommend using a laundry bag and a gentle washing program.<\/p>\n<p>* We recommend not to keep dirty make-up brushes and broken make-up products in the Beauty Bag. Also items that which are greasy, oily and difficult to remove from the lining.<\/p>","protected":false},"excerpt":{"rendered":"<p>Hella's adorable beauty bag is designed to hold your make-up, hair products and Hella Hair\u00ae hair accessories. A soft and cute companion to carry in your handbag every day.<\/p>\n<p>Shhh! This is a real hit and the bb will be produced in limited quantities, so you better hurry!<\/p>","protected":false},"featured_media":53001,"template":"","meta":[],"product_brand":[],"product_cat":[163],"product_tag":[],"class_list":{"0":"post-53015","1":"product","2":"type-product","3":"status-publish","4":"has-post-thumbnail","6":"product_cat-beauty-bag","8":"first","9":"instock","10":"shipping-taxable","11":"purchasable","12":"product-type-simple"},"yoast_head":"<!-- This site is optimized with the Yoast SEO plugin v27.3 - https:\/\/yoast.com\/product\/yoast-seo-wordpress\/ -->\n<title>HELLA BEAUTY BAG ONYX \u2013 SMALL | Hella Hair<\/title>\n<meta name=\"robots\" content=\"index, follow, max-snippet:-1, max-image-preview:large, max-video-preview:-1\" \/>\n<link rel=\"canonical\" href=\"https:\/\/hellahair.eu\/en\/product\/hella-beauty-bag-onyx-small\/\" \/>\n<meta property=\"og:locale\" content=\"en_GB\" \/>\n<meta property=\"og:type\" content=\"article\" \/>\n<meta property=\"og:title\" content=\"HELLA BEAUTY BAG ONYX \u2013 SMALL | Hella Hair\" \/>\n<meta property=\"og:description\" content=\"Hella imearmas beauty bag on loodud sinu meigitoodete, juuksetoodete ja Hella Hair\u00ae juukseaksessuaaride jaoks. Pehme ja nunnu s\u00f5ber igap\u00e4evaselt k\u00e4ekotis kaasas kandmiseks.  Pssst! Tegemist on t\u00f5elise hitihoiatusega ja bb toodetakse limiteeritud koguses.\" \/>\n<meta property=\"og:url\" content=\"https:\/\/hellahair.eu\/en\/product\/hella-beauty-bag-onyx-small\/\" \/>\n<meta property=\"og:site_name\" content=\"Hella Hair\" \/>\n<meta property=\"article:publisher\" content=\"https:\/\/www.facebook.com\/hellahair.ee\/\" \/>\n<meta property=\"article:modified_time\" content=\"2026-02-13T19:17:41+00:00\" \/>\n<meta property=\"og:image\" content=\"https:\/\/hellahair.eu\/wp-content\/uploads\/2024\/04\/hh_beautybag_small-002.jpg\" \/>\n\t<meta property=\"og:image:width\" content=\"786\" \/>\n\t<meta property=\"og:image:height\" content=\"786\" \/>\n\t<meta property=\"og:image:type\" content=\"image\/jpeg\" \/>\n<meta name=\"twitter:card\" content=\"summary_large_image\" \/>\n<meta name=\"twitter:label1\" content=\"Estimated reading time\" \/>\n\t<meta name=\"twitter:data1\" content=\"1 minute\" \/>\n<script type=\"application\/ld+json\" class=\"yoast-schema-graph\">{\"@context\":\"https:\\\/\\\/schema.org\",\"@graph\":[{\"@type\":\"WebPage\",\"@id\":\"https:\\\/\\\/hellahair.eu\\\/toode\\\/hella-beauty-bag-onyx-small\\\/\",\"url\":\"https:\\\/\\\/hellahair.eu\\\/toode\\\/hella-beauty-bag-onyx-small\\\/\",\"name\":\"HELLA BEAUTY BAG ONYX \u2013 SMALL | Hella Hair\",\"isPartOf\":{\"@id\":\"https:\\\/\\\/hellahair.eu\\\/#website\"},\"primaryImageOfPage\":{\"@id\":\"https:\\\/\\\/hellahair.eu\\\/toode\\\/hella-beauty-bag-onyx-small\\\/#primaryimage\"},\"image\":{\"@id\":\"https:\\\/\\\/hellahair.eu\\\/toode\\\/hella-beauty-bag-onyx-small\\\/#primaryimage\"},\"thumbnailUrl\":\"https:\\\/\\\/hellahair.eu\\\/wp-content\\\/uploads\\\/2024\\\/04\\\/hh_beautybag_small-002.jpg\",\"datePublished\":\"2024-05-01T10:32:01+00:00\",\"dateModified\":\"2026-02-13T19:17:41+00:00\",\"breadcrumb\":{\"@id\":\"https:\\\/\\\/hellahair.eu\\\/toode\\\/hella-beauty-bag-onyx-small\\\/#breadcrumb\"},\"inLanguage\":\"en-GB\",\"potentialAction\":[{\"@type\":\"ReadAction\",\"target\":[\"https:\\\/\\\/hellahair.eu\\\/toode\\\/hella-beauty-bag-onyx-small\\\/\"]}]},{\"@type\":\"ImageObject\",\"inLanguage\":\"en-GB\",\"@id\":\"https:\\\/\\\/hellahair.eu\\\/toode\\\/hella-beauty-bag-onyx-small\\\/#primaryimage\",\"url\":\"https:\\\/\\\/hellahair.eu\\\/wp-content\\\/uploads\\\/2024\\\/04\\\/hh_beautybag_small-002.jpg\",\"contentUrl\":\"https:\\\/\\\/hellahair.eu\\\/wp-content\\\/uploads\\\/2024\\\/04\\\/hh_beautybag_small-002.jpg\",\"width\":786,\"height\":786},{\"@type\":\"BreadcrumbList\",\"@id\":\"https:\\\/\\\/hellahair.eu\\\/toode\\\/hella-beauty-bag-onyx-small\\\/#breadcrumb\",\"itemListElement\":[{\"@type\":\"ListItem\",\"position\":1,\"name\":\"Home\",\"item\":\"https:\\\/\\\/hellahair.eu\\\/\"},{\"@type\":\"ListItem\",\"position\":2,\"name\":\"Pood\",\"item\":\"https:\\\/\\\/hellahair.eu\\\/shop\\\/\"},{\"@type\":\"ListItem\",\"position\":3,\"name\":\"HELLA BEAUTY BAG ONYX \u2013 SMALL\"}]},{\"@type\":\"WebSite\",\"@id\":\"https:\\\/\\\/hellahair.eu\\\/#website\",\"url\":\"https:\\\/\\\/hellahair.eu\\\/\",\"name\":\"Hella Hair\",\"description\":\"Luksuslikud juuste aksessuaarid\",\"publisher\":{\"@id\":\"https:\\\/\\\/hellahair.eu\\\/#organization\"},\"potentialAction\":[{\"@type\":\"SearchAction\",\"target\":{\"@type\":\"EntryPoint\",\"urlTemplate\":\"https:\\\/\\\/hellahair.eu\\\/?s={search_term_string}\"},\"query-input\":{\"@type\":\"PropertyValueSpecification\",\"valueRequired\":true,\"valueName\":\"search_term_string\"}}],\"inLanguage\":\"en-GB\"},{\"@type\":\"Organization\",\"@id\":\"https:\\\/\\\/hellahair.eu\\\/#organization\",\"name\":\"Hella Hair O\u00dc\",\"url\":\"https:\\\/\\\/hellahair.eu\\\/\",\"logo\":{\"@type\":\"ImageObject\",\"inLanguage\":\"en-GB\",\"@id\":\"https:\\\/\\\/hellahair.eu\\\/#\\\/schema\\\/logo\\\/image\\\/\",\"url\":\"https:\\\/\\\/hellahair.eu\\\/wp-content\\\/uploads\\\/2018\\\/10\\\/hella_logo_dark.png\",\"contentUrl\":\"https:\\\/\\\/hellahair.eu\\\/wp-content\\\/uploads\\\/2018\\\/10\\\/hella_logo_dark.png\",\"width\":2551,\"height\":600,\"caption\":\"Hella Hair O\u00dc\"},\"image\":{\"@id\":\"https:\\\/\\\/hellahair.eu\\\/#\\\/schema\\\/logo\\\/image\\\/\"},\"sameAs\":[\"https:\\\/\\\/www.facebook.com\\\/hellahair.ee\\\/\",\"https:\\\/\\\/www.instagram.com\\\/hellahair.ee\\\/\"]}]}<\/script>\n<!-- \/ Yoast SEO plugin. -->","yoast_head_json":{"title":"HELLA BEAUTY BAG ONYX \u2013 SMALL | Hella Hair","robots":{"index":"index","follow":"follow","max-snippet":"max-snippet:-1","max-image-preview":"max-image-preview:large","max-video-preview":"max-video-preview:-1"},"canonical":"https:\/\/hellahair.eu\/en\/product\/hella-beauty-bag-onyx-small\/","og_locale":"en_GB","og_type":"article","og_title":"HELLA BEAUTY BAG ONYX \u2013 SMALL | Hella Hair","og_description":"Hella imearmas beauty bag on loodud sinu meigitoodete, juuksetoodete ja Hella Hair\u00ae juukseaksessuaaride jaoks. Pehme ja nunnu s\u00f5ber igap\u00e4evaselt k\u00e4ekotis kaasas kandmiseks.  Pssst! Tegemist on t\u00f5elise hitihoiatusega ja bb toodetakse limiteeritud koguses.","og_url":"https:\/\/hellahair.eu\/en\/product\/hella-beauty-bag-onyx-small\/","og_site_name":"Hella Hair","article_publisher":"https:\/\/www.facebook.com\/hellahair.ee\/","article_modified_time":"2026-02-13T19:17:41+00:00","og_image":[{"width":786,"height":786,"url":"https:\/\/hellahair.eu\/wp-content\/uploads\/2024\/04\/hh_beautybag_small-002.jpg","type":"image\/jpeg"}],"twitter_card":"summary_large_image","twitter_misc":{"Estimated reading time":"1 minute"},"schema":{"@context":"https:\/\/schema.org","@graph":[{"@type":"WebPage","@id":"https:\/\/hellahair.eu\/toode\/hella-beauty-bag-onyx-small\/","url":"https:\/\/hellahair.eu\/toode\/hella-beauty-bag-onyx-small\/","name":"HELLA BEAUTY BAG ONYX \u2013 SMALL | Hella Hair","isPartOf":{"@id":"https:\/\/hellahair.eu\/#website"},"primaryImageOfPage":{"@id":"https:\/\/hellahair.eu\/toode\/hella-beauty-bag-onyx-small\/#primaryimage"},"image":{"@id":"https:\/\/hellahair.eu\/toode\/hella-beauty-bag-onyx-small\/#primaryimage"},"thumbnailUrl":"https:\/\/hellahair.eu\/wp-content\/uploads\/2024\/04\/hh_beautybag_small-002.jpg","datePublished":"2024-05-01T10:32:01+00:00","dateModified":"2026-02-13T19:17:41+00:00","breadcrumb":{"@id":"https:\/\/hellahair.eu\/toode\/hella-beauty-bag-onyx-small\/#breadcrumb"},"inLanguage":"en-GB","potentialAction":[{"@type":"ReadAction","target":["https:\/\/hellahair.eu\/toode\/hella-beauty-bag-onyx-small\/"]}]},{"@type":"ImageObject","inLanguage":"en-GB","@id":"https:\/\/hellahair.eu\/toode\/hella-beauty-bag-onyx-small\/#primaryimage","url":"https:\/\/hellahair.eu\/wp-content\/uploads\/2024\/04\/hh_beautybag_small-002.jpg","contentUrl":"https:\/\/hellahair.eu\/wp-content\/uploads\/2024\/04\/hh_beautybag_small-002.jpg","width":786,"height":786},{"@type":"BreadcrumbList","@id":"https:\/\/hellahair.eu\/toode\/hella-beauty-bag-onyx-small\/#breadcrumb","itemListElement":[{"@type":"ListItem","position":1,"name":"Home","item":"https:\/\/hellahair.eu\/"},{"@type":"ListItem","position":2,"name":"Pood","item":"https:\/\/hellahair.eu\/shop\/"},{"@type":"ListItem","position":3,"name":"HELLA BEAUTY BAG ONYX \u2013 SMALL"}]},{"@type":"WebSite","@id":"https:\/\/hellahair.eu\/#website","url":"https:\/\/hellahair.eu\/","name":"Hella Hair","description":"Luxury quality hair accessories","publisher":{"@id":"https:\/\/hellahair.eu\/#organization"},"potentialAction":[{"@type":"SearchAction","target":{"@type":"EntryPoint","urlTemplate":"https:\/\/hellahair.eu\/?s={search_term_string}"},"query-input":{"@type":"PropertyValueSpecification","valueRequired":true,"valueName":"search_term_string"}}],"inLanguage":"en-GB"},{"@type":"Organization","@id":"https:\/\/hellahair.eu\/#organization","name":"Hella Hair O\u00dc","url":"https:\/\/hellahair.eu\/","logo":{"@type":"ImageObject","inLanguage":"en-GB","@id":"https:\/\/hellahair.eu\/#\/schema\/logo\/image\/","url":"https:\/\/hellahair.eu\/wp-content\/uploads\/2018\/10\/hella_logo_dark.png","contentUrl":"https:\/\/hellahair.eu\/wp-content\/uploads\/2018\/10\/hella_logo_dark.png","width":2551,"height":600,"caption":"Hella Hair O\u00dc"},"image":{"@id":"https:\/\/hellahair.eu\/#\/schema\/logo\/image\/"},"sameAs":["https:\/\/www.facebook.com\/hellahair.ee\/","https:\/\/www.instagram.com\/hellahair.ee\/"]}]}},"_links":{"self":[{"href":"https:\/\/hellahair.eu\/en\/wp-json\/wp\/v2\/product\/53015","targetHints":{"allow":["GET"]}}],"collection":[{"href":"https:\/\/hellahair.eu\/en\/wp-json\/wp\/v2\/product"}],"about":[{"href":"https:\/\/hellahair.eu\/en\/wp-json\/wp\/v2\/types\/product"}],"wp:featuredmedia":[{"embeddable":true,"href":"https:\/\/hellahair.eu\/en\/wp-json\/wp\/v2\/media\/53001"}],"wp:attachment":[{"href":"https:\/\/hellahair.eu\/en\/wp-json\/wp\/v2\/media?parent=53015"}],"wp:term":[{"taxonomy":"product_brand","embeddable":true,"href":"https:\/\/hellahair.eu\/en\/wp-json\/wp\/v2\/product_brand?post=53015"},{"taxonomy":"product_cat","embeddable":true,"href":"https:\/\/hellahair.eu\/en\/wp-json\/wp\/v2\/product_cat?post=53015"},{"taxonomy":"product_tag","embeddable":true,"href":"https:\/\/hellahair.eu\/en\/wp-json\/wp\/v2\/product_tag?post=53015"}],"curies":[{"name":"wp","href":"https:\/\/api.w.org\/{rel}","templated":true}]}}