{"id":53213,"date":"2024-06-13T18:00:25","date_gmt":"2024-06-13T15:00:25","guid":{"rendered":"https:\/\/hellahair.eu\/?post_type=product&#038;p=53213"},"modified":"2025-12-01T11:54:47","modified_gmt":"2025-12-01T09:54:47","slug":"hella-skinny-satin-scrunchie-unicorn","status":"publish","type":"product","link":"https:\/\/hellahair.eu\/en\/product\/hella-skinny-satin-scrunchie-unicorn\/","title":{"rendered":"HELLA SKINNY SATIN SCRUNCHIE &#8211; UNICORN"},"content":{"rendered":"<p>Material: 100% polyester.<\/p>\n<p class=\"translation-block\">Care: If your <i> scrunchie <\/i> is dirty, we recommend hand washing with lukewarm water. Gentle wash products may be used. For washing in the washing machine, we recommend using a laundry bag and a gentle washing program.<\/p>","protected":false},"excerpt":{"rendered":"<p>Your regular scrunchie has just been upgraded.<span class=\"Apple-converted-space\">\u00a0<\/span><\/p>\n<p>Unicorn FIVE PACK consists - 2pcs pink, 2pcs white and lilac.<\/p>\n<p class=\"translation-block\">Hella skinny satin scrunchies are made just for your hair! They're pretty and practical too. Made from a very high quality satin-silk fabric and perfect for active workouts, office and just a nice chill day. Also stylish to wear around the arm.<\/p>\n<p class=\"translation-block\">It's about time to swap out the tough elastic hair ties and telephone wires for a hella satin skinny scrunchie! Hella scrunchies glide gently through all hair types, ensuring a damage-free ponytail and messy bun every time.<\/p>\n<p class=\"translation-block\">Unicorn skinny scrunchies come in packs of 5. They are designed and handmade in Estonia, P\u00e4rnumaa.<\/p>","protected":false},"featured_media":53320,"template":"","meta":[],"product_brand":[],"product_cat":[158],"product_tag":[],"class_list":{"0":"post-53213","1":"product","2":"type-product","3":"status-publish","4":"has-post-thumbnail","6":"product_cat-skinny-kollektsioon","8":"first","9":"outofstock","10":"shipping-taxable","11":"purchasable","12":"product-type-simple"},"yoast_head":"<!-- This site is optimized with the Yoast SEO plugin v27.3 - https:\/\/yoast.com\/product\/yoast-seo-wordpress\/ -->\n<title>HELLA SKINNY SATIN SCRUNCHIE - UNICORN | Hella Hair<\/title>\n<meta name=\"robots\" content=\"index, follow, max-snippet:-1, max-image-preview:large, max-video-preview:-1\" \/>\n<link rel=\"canonical\" href=\"https:\/\/hellahair.eu\/en\/product\/hella-skinny-satin-scrunchie-unicorn\/\" \/>\n<meta property=\"og:locale\" content=\"en_GB\" \/>\n<meta property=\"og:type\" content=\"article\" \/>\n<meta property=\"og:title\" content=\"HELLA SKINNY SATIN SCRUNCHIE - UNICORN | Hella Hair\" \/>\n<meta property=\"og:description\" content=\"Sinu tavaline patsikumm sai just upgrade\u2019 tud.\u00a0  Unicorn VIISIK koosneb \u2013 2 x heleroosa, 2x valge, helelilla.  Hella skinny\u00a0satiinist juuksekummid on m\u00f5eldud just sinu juustele! Nad on nunnud ja ka praktilised. Valmistatud v\u00e4ga kvaliteetsest satiin-siid kangast ja ideaalsed aktiivseks treeninguks, t\u00f6\u00f6le ning lihtsalt m\u00f5nusaks chill-p\u00e4evaks. Stiilne kanda ka \u00fcmber k\u00e4e ning koheselt v\u00f5tta, kui tahad oma juuksed kinni panna. Hella skinny patsikumm pakub tugevat kinnitust, kaitstes samal ajal sinu juukseid pusasse minemise ning murdumise eest.  On viimane aeg vahetada v\u00e4lja juustele karmid elastsed kummid ja telefonijuhtmed hella satiinist skinny scrunchie vastu! Hella scrunchied libisevad \u00f5rnalt l\u00e4bi k\u00f5igi juukset\u00fc\u00fcpide, tagades iga kord kahjustusteta hobusesaba patsi ja messy krunni.\u00a0  Unicorn\u00a0skinny scrunchied tulevad 5-se pakina ja on disainitud ning \u00f5mmeldud k\u00e4sit\u00f6\u00f6na Eestis, t\u00e4psemalt P\u00e4rnumaal.\" \/>\n<meta property=\"og:url\" content=\"https:\/\/hellahair.eu\/en\/product\/hella-skinny-satin-scrunchie-unicorn\/\" \/>\n<meta property=\"og:site_name\" content=\"Hella Hair\" \/>\n<meta property=\"article:publisher\" content=\"https:\/\/www.facebook.com\/hellahair.ee\/\" \/>\n<meta property=\"article:modified_time\" content=\"2025-12-01T09:54:47+00:00\" \/>\n<meta property=\"og:image\" content=\"https:\/\/hellahair.eu\/wp-content\/uploads\/2024\/06\/hh_skinny_summer-002.jpg\" \/>\n\t<meta property=\"og:image:width\" content=\"786\" \/>\n\t<meta property=\"og:image:height\" content=\"786\" \/>\n\t<meta property=\"og:image:type\" content=\"image\/jpeg\" \/>\n<meta name=\"twitter:card\" content=\"summary_large_image\" \/>\n<meta name=\"twitter:label1\" content=\"Estimated reading time\" \/>\n\t<meta name=\"twitter:data1\" content=\"1 minute\" \/>\n<script type=\"application\/ld+json\" class=\"yoast-schema-graph\">{\"@context\":\"https:\\\/\\\/schema.org\",\"@graph\":[{\"@type\":\"WebPage\",\"@id\":\"https:\\\/\\\/hellahair.eu\\\/toode\\\/hella-skinny-satin-scrunchie-unicorn\\\/\",\"url\":\"https:\\\/\\\/hellahair.eu\\\/toode\\\/hella-skinny-satin-scrunchie-unicorn\\\/\",\"name\":\"HELLA SKINNY SATIN SCRUNCHIE - UNICORN | Hella Hair\",\"isPartOf\":{\"@id\":\"https:\\\/\\\/hellahair.eu\\\/#website\"},\"primaryImageOfPage\":{\"@id\":\"https:\\\/\\\/hellahair.eu\\\/toode\\\/hella-skinny-satin-scrunchie-unicorn\\\/#primaryimage\"},\"image\":{\"@id\":\"https:\\\/\\\/hellahair.eu\\\/toode\\\/hella-skinny-satin-scrunchie-unicorn\\\/#primaryimage\"},\"thumbnailUrl\":\"https:\\\/\\\/hellahair.eu\\\/wp-content\\\/uploads\\\/2024\\\/06\\\/hh_skinny_summer-002.jpg\",\"datePublished\":\"2024-06-13T15:00:25+00:00\",\"dateModified\":\"2025-12-01T09:54:47+00:00\",\"breadcrumb\":{\"@id\":\"https:\\\/\\\/hellahair.eu\\\/toode\\\/hella-skinny-satin-scrunchie-unicorn\\\/#breadcrumb\"},\"inLanguage\":\"en-GB\",\"potentialAction\":[{\"@type\":\"ReadAction\",\"target\":[\"https:\\\/\\\/hellahair.eu\\\/toode\\\/hella-skinny-satin-scrunchie-unicorn\\\/\"]}]},{\"@type\":\"ImageObject\",\"inLanguage\":\"en-GB\",\"@id\":\"https:\\\/\\\/hellahair.eu\\\/toode\\\/hella-skinny-satin-scrunchie-unicorn\\\/#primaryimage\",\"url\":\"https:\\\/\\\/hellahair.eu\\\/wp-content\\\/uploads\\\/2024\\\/06\\\/hh_skinny_summer-002.jpg\",\"contentUrl\":\"https:\\\/\\\/hellahair.eu\\\/wp-content\\\/uploads\\\/2024\\\/06\\\/hh_skinny_summer-002.jpg\",\"width\":786,\"height\":786},{\"@type\":\"BreadcrumbList\",\"@id\":\"https:\\\/\\\/hellahair.eu\\\/toode\\\/hella-skinny-satin-scrunchie-unicorn\\\/#breadcrumb\",\"itemListElement\":[{\"@type\":\"ListItem\",\"position\":1,\"name\":\"Home\",\"item\":\"https:\\\/\\\/hellahair.eu\\\/\"},{\"@type\":\"ListItem\",\"position\":2,\"name\":\"Pood\",\"item\":\"https:\\\/\\\/hellahair.eu\\\/shop\\\/\"},{\"@type\":\"ListItem\",\"position\":3,\"name\":\"HELLA SKINNY SATIN SCRUNCHIE &#8211; UNICORN\"}]},{\"@type\":\"WebSite\",\"@id\":\"https:\\\/\\\/hellahair.eu\\\/#website\",\"url\":\"https:\\\/\\\/hellahair.eu\\\/\",\"name\":\"Hella Hair\",\"description\":\"Luksuslikud juuste aksessuaarid\",\"publisher\":{\"@id\":\"https:\\\/\\\/hellahair.eu\\\/#organization\"},\"potentialAction\":[{\"@type\":\"SearchAction\",\"target\":{\"@type\":\"EntryPoint\",\"urlTemplate\":\"https:\\\/\\\/hellahair.eu\\\/?s={search_term_string}\"},\"query-input\":{\"@type\":\"PropertyValueSpecification\",\"valueRequired\":true,\"valueName\":\"search_term_string\"}}],\"inLanguage\":\"en-GB\"},{\"@type\":\"Organization\",\"@id\":\"https:\\\/\\\/hellahair.eu\\\/#organization\",\"name\":\"Hella Hair O\u00dc\",\"url\":\"https:\\\/\\\/hellahair.eu\\\/\",\"logo\":{\"@type\":\"ImageObject\",\"inLanguage\":\"en-GB\",\"@id\":\"https:\\\/\\\/hellahair.eu\\\/#\\\/schema\\\/logo\\\/image\\\/\",\"url\":\"https:\\\/\\\/hellahair.eu\\\/wp-content\\\/uploads\\\/2018\\\/10\\\/hella_logo_dark.png\",\"contentUrl\":\"https:\\\/\\\/hellahair.eu\\\/wp-content\\\/uploads\\\/2018\\\/10\\\/hella_logo_dark.png\",\"width\":2551,\"height\":600,\"caption\":\"Hella Hair O\u00dc\"},\"image\":{\"@id\":\"https:\\\/\\\/hellahair.eu\\\/#\\\/schema\\\/logo\\\/image\\\/\"},\"sameAs\":[\"https:\\\/\\\/www.facebook.com\\\/hellahair.ee\\\/\",\"https:\\\/\\\/www.instagram.com\\\/hellahair.ee\\\/\"]}]}<\/script>\n<!-- \/ Yoast SEO plugin. -->","yoast_head_json":{"title":"HELLA SKINNY SATIN SCRUNCHIE - UNICORN | Hella Hair","robots":{"index":"index","follow":"follow","max-snippet":"max-snippet:-1","max-image-preview":"max-image-preview:large","max-video-preview":"max-video-preview:-1"},"canonical":"https:\/\/hellahair.eu\/en\/product\/hella-skinny-satin-scrunchie-unicorn\/","og_locale":"en_GB","og_type":"article","og_title":"HELLA SKINNY SATIN SCRUNCHIE - UNICORN | Hella Hair","og_description":"Sinu tavaline patsikumm sai just upgrade\u2019 tud.\u00a0  Unicorn VIISIK koosneb \u2013 2 x heleroosa, 2x valge, helelilla.  Hella skinny\u00a0satiinist juuksekummid on m\u00f5eldud just sinu juustele! Nad on nunnud ja ka praktilised. Valmistatud v\u00e4ga kvaliteetsest satiin-siid kangast ja ideaalsed aktiivseks treeninguks, t\u00f6\u00f6le ning lihtsalt m\u00f5nusaks chill-p\u00e4evaks. Stiilne kanda ka \u00fcmber k\u00e4e ning koheselt v\u00f5tta, kui tahad oma juuksed kinni panna. Hella skinny patsikumm pakub tugevat kinnitust, kaitstes samal ajal sinu juukseid pusasse minemise ning murdumise eest.  On viimane aeg vahetada v\u00e4lja juustele karmid elastsed kummid ja telefonijuhtmed hella satiinist skinny scrunchie vastu! Hella scrunchied libisevad \u00f5rnalt l\u00e4bi k\u00f5igi juukset\u00fc\u00fcpide, tagades iga kord kahjustusteta hobusesaba patsi ja messy krunni.\u00a0  Unicorn\u00a0skinny scrunchied tulevad 5-se pakina ja on disainitud ning \u00f5mmeldud k\u00e4sit\u00f6\u00f6na Eestis, t\u00e4psemalt P\u00e4rnumaal.","og_url":"https:\/\/hellahair.eu\/en\/product\/hella-skinny-satin-scrunchie-unicorn\/","og_site_name":"Hella Hair","article_publisher":"https:\/\/www.facebook.com\/hellahair.ee\/","article_modified_time":"2025-12-01T09:54:47+00:00","og_image":[{"width":786,"height":786,"url":"https:\/\/hellahair.eu\/wp-content\/uploads\/2024\/06\/hh_skinny_summer-002.jpg","type":"image\/jpeg"}],"twitter_card":"summary_large_image","twitter_misc":{"Estimated reading time":"1 minute"},"schema":{"@context":"https:\/\/schema.org","@graph":[{"@type":"WebPage","@id":"https:\/\/hellahair.eu\/toode\/hella-skinny-satin-scrunchie-unicorn\/","url":"https:\/\/hellahair.eu\/toode\/hella-skinny-satin-scrunchie-unicorn\/","name":"HELLA SKINNY SATIN SCRUNCHIE - UNICORN | Hella Hair","isPartOf":{"@id":"https:\/\/hellahair.eu\/#website"},"primaryImageOfPage":{"@id":"https:\/\/hellahair.eu\/toode\/hella-skinny-satin-scrunchie-unicorn\/#primaryimage"},"image":{"@id":"https:\/\/hellahair.eu\/toode\/hella-skinny-satin-scrunchie-unicorn\/#primaryimage"},"thumbnailUrl":"https:\/\/hellahair.eu\/wp-content\/uploads\/2024\/06\/hh_skinny_summer-002.jpg","datePublished":"2024-06-13T15:00:25+00:00","dateModified":"2025-12-01T09:54:47+00:00","breadcrumb":{"@id":"https:\/\/hellahair.eu\/toode\/hella-skinny-satin-scrunchie-unicorn\/#breadcrumb"},"inLanguage":"en-GB","potentialAction":[{"@type":"ReadAction","target":["https:\/\/hellahair.eu\/toode\/hella-skinny-satin-scrunchie-unicorn\/"]}]},{"@type":"ImageObject","inLanguage":"en-GB","@id":"https:\/\/hellahair.eu\/toode\/hella-skinny-satin-scrunchie-unicorn\/#primaryimage","url":"https:\/\/hellahair.eu\/wp-content\/uploads\/2024\/06\/hh_skinny_summer-002.jpg","contentUrl":"https:\/\/hellahair.eu\/wp-content\/uploads\/2024\/06\/hh_skinny_summer-002.jpg","width":786,"height":786},{"@type":"BreadcrumbList","@id":"https:\/\/hellahair.eu\/toode\/hella-skinny-satin-scrunchie-unicorn\/#breadcrumb","itemListElement":[{"@type":"ListItem","position":1,"name":"Home","item":"https:\/\/hellahair.eu\/"},{"@type":"ListItem","position":2,"name":"Pood","item":"https:\/\/hellahair.eu\/shop\/"},{"@type":"ListItem","position":3,"name":"HELLA SKINNY SATIN SCRUNCHIE &#8211; UNICORN"}]},{"@type":"WebSite","@id":"https:\/\/hellahair.eu\/#website","url":"https:\/\/hellahair.eu\/","name":"Hella Hair","description":"Luxury quality hair accessories","publisher":{"@id":"https:\/\/hellahair.eu\/#organization"},"potentialAction":[{"@type":"SearchAction","target":{"@type":"EntryPoint","urlTemplate":"https:\/\/hellahair.eu\/?s={search_term_string}"},"query-input":{"@type":"PropertyValueSpecification","valueRequired":true,"valueName":"search_term_string"}}],"inLanguage":"en-GB"},{"@type":"Organization","@id":"https:\/\/hellahair.eu\/#organization","name":"Hella Hair O\u00dc","url":"https:\/\/hellahair.eu\/","logo":{"@type":"ImageObject","inLanguage":"en-GB","@id":"https:\/\/hellahair.eu\/#\/schema\/logo\/image\/","url":"https:\/\/hellahair.eu\/wp-content\/uploads\/2018\/10\/hella_logo_dark.png","contentUrl":"https:\/\/hellahair.eu\/wp-content\/uploads\/2018\/10\/hella_logo_dark.png","width":2551,"height":600,"caption":"Hella Hair O\u00dc"},"image":{"@id":"https:\/\/hellahair.eu\/#\/schema\/logo\/image\/"},"sameAs":["https:\/\/www.facebook.com\/hellahair.ee\/","https:\/\/www.instagram.com\/hellahair.ee\/"]}]}},"_links":{"self":[{"href":"https:\/\/hellahair.eu\/en\/wp-json\/wp\/v2\/product\/53213","targetHints":{"allow":["GET"]}}],"collection":[{"href":"https:\/\/hellahair.eu\/en\/wp-json\/wp\/v2\/product"}],"about":[{"href":"https:\/\/hellahair.eu\/en\/wp-json\/wp\/v2\/types\/product"}],"wp:featuredmedia":[{"embeddable":true,"href":"https:\/\/hellahair.eu\/en\/wp-json\/wp\/v2\/media\/53320"}],"wp:attachment":[{"href":"https:\/\/hellahair.eu\/en\/wp-json\/wp\/v2\/media?parent=53213"}],"wp:term":[{"taxonomy":"product_brand","embeddable":true,"href":"https:\/\/hellahair.eu\/en\/wp-json\/wp\/v2\/product_brand?post=53213"},{"taxonomy":"product_cat","embeddable":true,"href":"https:\/\/hellahair.eu\/en\/wp-json\/wp\/v2\/product_cat?post=53213"},{"taxonomy":"product_tag","embeddable":true,"href":"https:\/\/hellahair.eu\/en\/wp-json\/wp\/v2\/product_tag?post=53213"}],"curies":[{"name":"wp","href":"https:\/\/api.w.org\/{rel}","templated":true}]}}