{"id":53631,"date":"2024-12-01T21:11:18","date_gmt":"2024-12-01T19:11:18","guid":{"rendered":"https:\/\/hellahair.eu\/?post_type=product&#038;p=53631"},"modified":"2025-12-30T20:55:06","modified_gmt":"2025-12-30T18:55:06","slug":"hella-skinny-silky-scrunchie-mistletoe","status":"publish","type":"product","link":"https:\/\/hellahair.eu\/en\/product\/hella-skinny-silky-scrunchie-mistletoe\/","title":{"rendered":"HELLA SKINNY SILKY SCRUNCHIE &#8211; MISTLETOE"},"content":{"rendered":"<p>Care: If Your <i>scrunchie<\/i> has gotten dirty, then we recommend hand wash with lukewarm water. You can use cleaning products that are meant for delicate laundry.<\/p>","protected":false},"excerpt":{"rendered":"<p>Holiday LIMITED EDITION is finally here.<\/p>\n<p>Mistletoe Pure Silk TRIO \u2013 Light beige, ivory, dark beige.<\/p>\n<p>Hella <em>skinny<\/em>\u00a0satin scrunchies are made just for your hair! They're pretty and practical too. Made from a very high quality silk fabric and perfect accessory for the holiday season. Also stylish to wear around the arm. Hella <em>skinny<\/em>\u00a0provides a strong hold while protecting your hair from tangling and breakage.<\/p>\n<p>Hella scrunchies glide gently through all hair types, ensuring a damage-free ponytail and <em>messy<\/em> bun every time.<span class=\"Apple-converted-space\">\u00a0<\/span><\/p>\n<p>Mistletoe\u00a0<em>skinny<\/em> scrunchies come in packs of 3. They are designed and handmade in Estonia, P\u00e4rnumaa.<\/p>","protected":false},"featured_media":53668,"template":"","meta":[],"product_brand":[],"product_cat":[165],"product_tag":[],"class_list":{"0":"post-53631","1":"product","2":"type-product","3":"status-publish","4":"has-post-thumbnail","6":"product_cat-silky-kollektsioon","8":"first","9":"instock","10":"shipping-taxable","11":"purchasable","12":"product-type-simple"},"yoast_head":"<!-- This site is optimized with the Yoast SEO plugin v27.3 - https:\/\/yoast.com\/product\/yoast-seo-wordpress\/ -->\n<title>HELLA SKINNY SILKY SCRUNCHIE - MISTLETOE | Hella Hair<\/title>\n<meta name=\"robots\" content=\"index, follow, max-snippet:-1, max-image-preview:large, max-video-preview:-1\" \/>\n<link rel=\"canonical\" href=\"https:\/\/hellahair.eu\/en\/product\/hella-skinny-silky-scrunchie-mistletoe\/\" \/>\n<meta property=\"og:locale\" content=\"en_GB\" \/>\n<meta property=\"og:type\" content=\"article\" \/>\n<meta property=\"og:title\" content=\"HELLA SKINNY SILKY SCRUNCHIE - MISTLETOE | Hella Hair\" \/>\n<meta property=\"og:description\" content=\"P\u00fchade LIMITED EDITION on teie ees.  Mistletoe Pure Silk TRIO koosneb \u2013 punane, kulne, roheline.  Hella skinny\u00a0siidist juuksekummid on m\u00f5eldud just sinu juustele! Nad on nunnud ja ka praktilised. Valmistatud v\u00e4ga kvaliteetsest siidist ja ideaalsed ehtimaks sinu juukseid sellel imelisel j\u00f5ulu hooajal. Stiilne kanda ka \u00fcmber k\u00e4e ning koheselt v\u00f5tta, kui tahad oma juuksed kinni panna. Hella skinny\u00a0patsikumm pakub tugevat kinnitust, kaitstes samal ajal sinu juukseid pusasse minemise ning murdumise eest.  Hella scrunchied libisevad \u00f5rnalt l\u00e4bi k\u00f5igi juukset\u00fc\u00fcpide, tagades iga kord kahjustusteta hobusesaba patsi ja messy krunni.\u00a0  Mistletoe\u00a0skinny scrunchied tulevad 3-se pakina ja on disainitud ning \u00f5mmeldud k\u00e4sit\u00f6\u00f6na Eestis, t\u00e4psemalt P\u00e4rnumaal.\" \/>\n<meta property=\"og:url\" content=\"https:\/\/hellahair.eu\/en\/product\/hella-skinny-silky-scrunchie-mistletoe\/\" \/>\n<meta property=\"og:site_name\" content=\"Hella Hair\" \/>\n<meta property=\"article:publisher\" content=\"https:\/\/www.facebook.com\/hellahair.ee\/\" \/>\n<meta property=\"article:modified_time\" content=\"2025-12-30T18:55:06+00:00\" \/>\n<meta property=\"og:image\" content=\"https:\/\/hellahair.eu\/wp-content\/uploads\/2024\/12\/hh_xmas_skinny-1.jpg\" \/>\n\t<meta property=\"og:image:width\" content=\"768\" \/>\n\t<meta property=\"og:image:height\" content=\"768\" \/>\n\t<meta property=\"og:image:type\" content=\"image\/jpeg\" \/>\n<meta name=\"twitter:card\" content=\"summary_large_image\" \/>\n<meta name=\"twitter:label1\" content=\"Estimated reading time\" \/>\n\t<meta name=\"twitter:data1\" content=\"1 minute\" \/>\n<script type=\"application\/ld+json\" class=\"yoast-schema-graph\">{\"@context\":\"https:\\\/\\\/schema.org\",\"@graph\":[{\"@type\":\"WebPage\",\"@id\":\"https:\\\/\\\/hellahair.eu\\\/toode\\\/hella-skinny-silky-scrunchie-mistletoe\\\/\",\"url\":\"https:\\\/\\\/hellahair.eu\\\/toode\\\/hella-skinny-silky-scrunchie-mistletoe\\\/\",\"name\":\"HELLA SKINNY SILKY SCRUNCHIE - MISTLETOE | Hella Hair\",\"isPartOf\":{\"@id\":\"https:\\\/\\\/hellahair.eu\\\/#website\"},\"primaryImageOfPage\":{\"@id\":\"https:\\\/\\\/hellahair.eu\\\/toode\\\/hella-skinny-silky-scrunchie-mistletoe\\\/#primaryimage\"},\"image\":{\"@id\":\"https:\\\/\\\/hellahair.eu\\\/toode\\\/hella-skinny-silky-scrunchie-mistletoe\\\/#primaryimage\"},\"thumbnailUrl\":\"https:\\\/\\\/hellahair.eu\\\/wp-content\\\/uploads\\\/2024\\\/12\\\/hh_xmas_skinny-1.jpg\",\"datePublished\":\"2024-12-01T19:11:18+00:00\",\"dateModified\":\"2025-12-30T18:55:06+00:00\",\"breadcrumb\":{\"@id\":\"https:\\\/\\\/hellahair.eu\\\/toode\\\/hella-skinny-silky-scrunchie-mistletoe\\\/#breadcrumb\"},\"inLanguage\":\"en-GB\",\"potentialAction\":[{\"@type\":\"ReadAction\",\"target\":[\"https:\\\/\\\/hellahair.eu\\\/toode\\\/hella-skinny-silky-scrunchie-mistletoe\\\/\"]}]},{\"@type\":\"ImageObject\",\"inLanguage\":\"en-GB\",\"@id\":\"https:\\\/\\\/hellahair.eu\\\/toode\\\/hella-skinny-silky-scrunchie-mistletoe\\\/#primaryimage\",\"url\":\"https:\\\/\\\/hellahair.eu\\\/wp-content\\\/uploads\\\/2024\\\/12\\\/hh_xmas_skinny-1.jpg\",\"contentUrl\":\"https:\\\/\\\/hellahair.eu\\\/wp-content\\\/uploads\\\/2024\\\/12\\\/hh_xmas_skinny-1.jpg\",\"width\":768,\"height\":768},{\"@type\":\"BreadcrumbList\",\"@id\":\"https:\\\/\\\/hellahair.eu\\\/toode\\\/hella-skinny-silky-scrunchie-mistletoe\\\/#breadcrumb\",\"itemListElement\":[{\"@type\":\"ListItem\",\"position\":1,\"name\":\"Home\",\"item\":\"https:\\\/\\\/hellahair.eu\\\/\"},{\"@type\":\"ListItem\",\"position\":2,\"name\":\"Pood\",\"item\":\"https:\\\/\\\/hellahair.eu\\\/shop\\\/\"},{\"@type\":\"ListItem\",\"position\":3,\"name\":\"HELLA SKINNY SILKY SCRUNCHIE &#8211; MISTLETOE\"}]},{\"@type\":\"WebSite\",\"@id\":\"https:\\\/\\\/hellahair.eu\\\/#website\",\"url\":\"https:\\\/\\\/hellahair.eu\\\/\",\"name\":\"Hella Hair\",\"description\":\"Luksuslikud juuste aksessuaarid\",\"publisher\":{\"@id\":\"https:\\\/\\\/hellahair.eu\\\/#organization\"},\"potentialAction\":[{\"@type\":\"SearchAction\",\"target\":{\"@type\":\"EntryPoint\",\"urlTemplate\":\"https:\\\/\\\/hellahair.eu\\\/?s={search_term_string}\"},\"query-input\":{\"@type\":\"PropertyValueSpecification\",\"valueRequired\":true,\"valueName\":\"search_term_string\"}}],\"inLanguage\":\"en-GB\"},{\"@type\":\"Organization\",\"@id\":\"https:\\\/\\\/hellahair.eu\\\/#organization\",\"name\":\"Hella Hair O\u00dc\",\"url\":\"https:\\\/\\\/hellahair.eu\\\/\",\"logo\":{\"@type\":\"ImageObject\",\"inLanguage\":\"en-GB\",\"@id\":\"https:\\\/\\\/hellahair.eu\\\/#\\\/schema\\\/logo\\\/image\\\/\",\"url\":\"https:\\\/\\\/hellahair.eu\\\/wp-content\\\/uploads\\\/2018\\\/10\\\/hella_logo_dark.png\",\"contentUrl\":\"https:\\\/\\\/hellahair.eu\\\/wp-content\\\/uploads\\\/2018\\\/10\\\/hella_logo_dark.png\",\"width\":2551,\"height\":600,\"caption\":\"Hella Hair O\u00dc\"},\"image\":{\"@id\":\"https:\\\/\\\/hellahair.eu\\\/#\\\/schema\\\/logo\\\/image\\\/\"},\"sameAs\":[\"https:\\\/\\\/www.facebook.com\\\/hellahair.ee\\\/\",\"https:\\\/\\\/www.instagram.com\\\/hellahair.ee\\\/\"]}]}<\/script>\n<!-- \/ Yoast SEO plugin. -->","yoast_head_json":{"title":"HELLA SKINNY SILKY SCRUNCHIE - MISTLETOE | Hella Hair","robots":{"index":"index","follow":"follow","max-snippet":"max-snippet:-1","max-image-preview":"max-image-preview:large","max-video-preview":"max-video-preview:-1"},"canonical":"https:\/\/hellahair.eu\/en\/product\/hella-skinny-silky-scrunchie-mistletoe\/","og_locale":"en_GB","og_type":"article","og_title":"HELLA SKINNY SILKY SCRUNCHIE - MISTLETOE | Hella Hair","og_description":"P\u00fchade LIMITED EDITION on teie ees.  Mistletoe Pure Silk TRIO koosneb \u2013 punane, kulne, roheline.  Hella skinny\u00a0siidist juuksekummid on m\u00f5eldud just sinu juustele! Nad on nunnud ja ka praktilised. Valmistatud v\u00e4ga kvaliteetsest siidist ja ideaalsed ehtimaks sinu juukseid sellel imelisel j\u00f5ulu hooajal. Stiilne kanda ka \u00fcmber k\u00e4e ning koheselt v\u00f5tta, kui tahad oma juuksed kinni panna. Hella skinny\u00a0patsikumm pakub tugevat kinnitust, kaitstes samal ajal sinu juukseid pusasse minemise ning murdumise eest.  Hella scrunchied libisevad \u00f5rnalt l\u00e4bi k\u00f5igi juukset\u00fc\u00fcpide, tagades iga kord kahjustusteta hobusesaba patsi ja messy krunni.\u00a0  Mistletoe\u00a0skinny scrunchied tulevad 3-se pakina ja on disainitud ning \u00f5mmeldud k\u00e4sit\u00f6\u00f6na Eestis, t\u00e4psemalt P\u00e4rnumaal.","og_url":"https:\/\/hellahair.eu\/en\/product\/hella-skinny-silky-scrunchie-mistletoe\/","og_site_name":"Hella Hair","article_publisher":"https:\/\/www.facebook.com\/hellahair.ee\/","article_modified_time":"2025-12-30T18:55:06+00:00","og_image":[{"width":768,"height":768,"url":"https:\/\/hellahair.eu\/wp-content\/uploads\/2024\/12\/hh_xmas_skinny-1.jpg","type":"image\/jpeg"}],"twitter_card":"summary_large_image","twitter_misc":{"Estimated reading time":"1 minute"},"schema":{"@context":"https:\/\/schema.org","@graph":[{"@type":"WebPage","@id":"https:\/\/hellahair.eu\/toode\/hella-skinny-silky-scrunchie-mistletoe\/","url":"https:\/\/hellahair.eu\/toode\/hella-skinny-silky-scrunchie-mistletoe\/","name":"HELLA SKINNY SILKY SCRUNCHIE - MISTLETOE | Hella Hair","isPartOf":{"@id":"https:\/\/hellahair.eu\/#website"},"primaryImageOfPage":{"@id":"https:\/\/hellahair.eu\/toode\/hella-skinny-silky-scrunchie-mistletoe\/#primaryimage"},"image":{"@id":"https:\/\/hellahair.eu\/toode\/hella-skinny-silky-scrunchie-mistletoe\/#primaryimage"},"thumbnailUrl":"https:\/\/hellahair.eu\/wp-content\/uploads\/2024\/12\/hh_xmas_skinny-1.jpg","datePublished":"2024-12-01T19:11:18+00:00","dateModified":"2025-12-30T18:55:06+00:00","breadcrumb":{"@id":"https:\/\/hellahair.eu\/toode\/hella-skinny-silky-scrunchie-mistletoe\/#breadcrumb"},"inLanguage":"en-GB","potentialAction":[{"@type":"ReadAction","target":["https:\/\/hellahair.eu\/toode\/hella-skinny-silky-scrunchie-mistletoe\/"]}]},{"@type":"ImageObject","inLanguage":"en-GB","@id":"https:\/\/hellahair.eu\/toode\/hella-skinny-silky-scrunchie-mistletoe\/#primaryimage","url":"https:\/\/hellahair.eu\/wp-content\/uploads\/2024\/12\/hh_xmas_skinny-1.jpg","contentUrl":"https:\/\/hellahair.eu\/wp-content\/uploads\/2024\/12\/hh_xmas_skinny-1.jpg","width":768,"height":768},{"@type":"BreadcrumbList","@id":"https:\/\/hellahair.eu\/toode\/hella-skinny-silky-scrunchie-mistletoe\/#breadcrumb","itemListElement":[{"@type":"ListItem","position":1,"name":"Home","item":"https:\/\/hellahair.eu\/"},{"@type":"ListItem","position":2,"name":"Pood","item":"https:\/\/hellahair.eu\/shop\/"},{"@type":"ListItem","position":3,"name":"HELLA SKINNY SILKY SCRUNCHIE &#8211; MISTLETOE"}]},{"@type":"WebSite","@id":"https:\/\/hellahair.eu\/#website","url":"https:\/\/hellahair.eu\/","name":"Hella Hair","description":"Luxury quality hair accessories","publisher":{"@id":"https:\/\/hellahair.eu\/#organization"},"potentialAction":[{"@type":"SearchAction","target":{"@type":"EntryPoint","urlTemplate":"https:\/\/hellahair.eu\/?s={search_term_string}"},"query-input":{"@type":"PropertyValueSpecification","valueRequired":true,"valueName":"search_term_string"}}],"inLanguage":"en-GB"},{"@type":"Organization","@id":"https:\/\/hellahair.eu\/#organization","name":"Hella Hair O\u00dc","url":"https:\/\/hellahair.eu\/","logo":{"@type":"ImageObject","inLanguage":"en-GB","@id":"https:\/\/hellahair.eu\/#\/schema\/logo\/image\/","url":"https:\/\/hellahair.eu\/wp-content\/uploads\/2018\/10\/hella_logo_dark.png","contentUrl":"https:\/\/hellahair.eu\/wp-content\/uploads\/2018\/10\/hella_logo_dark.png","width":2551,"height":600,"caption":"Hella Hair O\u00dc"},"image":{"@id":"https:\/\/hellahair.eu\/#\/schema\/logo\/image\/"},"sameAs":["https:\/\/www.facebook.com\/hellahair.ee\/","https:\/\/www.instagram.com\/hellahair.ee\/"]}]}},"_links":{"self":[{"href":"https:\/\/hellahair.eu\/en\/wp-json\/wp\/v2\/product\/53631","targetHints":{"allow":["GET"]}}],"collection":[{"href":"https:\/\/hellahair.eu\/en\/wp-json\/wp\/v2\/product"}],"about":[{"href":"https:\/\/hellahair.eu\/en\/wp-json\/wp\/v2\/types\/product"}],"wp:featuredmedia":[{"embeddable":true,"href":"https:\/\/hellahair.eu\/en\/wp-json\/wp\/v2\/media\/53668"}],"wp:attachment":[{"href":"https:\/\/hellahair.eu\/en\/wp-json\/wp\/v2\/media?parent=53631"}],"wp:term":[{"taxonomy":"product_brand","embeddable":true,"href":"https:\/\/hellahair.eu\/en\/wp-json\/wp\/v2\/product_brand?post=53631"},{"taxonomy":"product_cat","embeddable":true,"href":"https:\/\/hellahair.eu\/en\/wp-json\/wp\/v2\/product_cat?post=53631"},{"taxonomy":"product_tag","embeddable":true,"href":"https:\/\/hellahair.eu\/en\/wp-json\/wp\/v2\/product_tag?post=53631"}],"curies":[{"name":"wp","href":"https:\/\/api.w.org\/{rel}","templated":true}]}}