{"id":54137,"date":"2025-05-04T21:00:59","date_gmt":"2025-05-04T18:00:59","guid":{"rendered":"https:\/\/hellahair.eu\/?post_type=product&#038;p=54137"},"modified":"2026-02-01T21:56:03","modified_gmt":"2026-02-01T19:56:03","slug":"hella-hair-clip-iris-large","status":"publish","type":"product","link":"https:\/\/hellahair.eu\/en\/product\/hella-hair-clip-iris-large\/","title":{"rendered":"HELLA HAIR CLIP IRIS \u2013 LARGE"},"content":{"rendered":"<p>Material - acetate (plastic)<\/p>\n<p>Measurement - 13 cm<\/p>\n<p>Designed and laser craved in Estonia<\/p>\n<p>Produced in PRC<\/p>","protected":false},"excerpt":{"rendered":"<ul>\n<li>It won't pull your hair, so it's ideal for styling or securing wet hair.<\/li>\n<li>The Hella clip is hand polished.<\/li>\n<li>The clips are individually laser engraved and hand coloured in Estonia.<\/li>\n<li>The products are in limited quantities.<\/li>\n<\/ul>\n<p>Looking for a cute hair clip?<\/p>\n<p>The Hella clip in size LARGE is perfect for styling both short and long hair. It will also hold half-up styles for thick hair.<\/p>\n<p>The Hella clip's semi-sculpted, head-shaped design keeps your hair in place without causing headaches.<\/p>","protected":false},"featured_media":54138,"template":"","meta":[],"product_brand":[],"product_cat":[142],"product_tag":[],"class_list":{"0":"post-54137","1":"product","2":"type-product","3":"status-publish","4":"has-post-thumbnail","6":"product_cat-hella-hair-clip","8":"first","9":"instock","10":"shipping-taxable","11":"purchasable","12":"product-type-simple"},"yoast_head":"<!-- This site is optimized with the Yoast SEO plugin v27.3 - https:\/\/yoast.com\/product\/yoast-seo-wordpress\/ -->\n<title>HELLA HAIR CLIP IRIS \u2013 LARGE | Hella Hair<\/title>\n<meta name=\"robots\" content=\"index, follow, max-snippet:-1, max-image-preview:large, max-video-preview:-1\" \/>\n<link rel=\"canonical\" href=\"https:\/\/hellahair.eu\/en\/product\/hella-hair-clip-iris-large\/\" \/>\n<meta property=\"og:locale\" content=\"en_GB\" \/>\n<meta property=\"og:type\" content=\"article\" \/>\n<meta property=\"og:title\" content=\"HELLA HAIR CLIP IRIS \u2013 LARGE | Hella Hair\" \/>\n<meta property=\"og:description\" content=\"Ei tiri ega kisu juukseid, seega on ideaalne nii soengu tegemiseks, kui m\u00e4rgade juuste kinnitamiseks.  Hella klamber on k\u00e4sitsi poleeritud.  Klambrid on Eestis \u00fckshaaval lasergraveeritud ja k\u00e4sit\u00f6\u00f6na v\u00e4rvitud.  Tooted on limiteeritud koguses.  Kas otsid armsat juukseklambrit?  Hella klamber suuruses LARGE sobib suurep\u00e4raselt soengute tegemiseks nii l\u00fchikeste kui ka pikkade juuste jaoks. Hoiab kinnitatuna ka pooleldi \u00fclespandud soenguid paksude juuste puhul.  Hella klambri poolkuukujuline ja peakujule kohandatud disain hoiab sinu juukseid soengusse kinnitatuna ilma peavalu tekitamata.\" \/>\n<meta property=\"og:url\" content=\"https:\/\/hellahair.eu\/en\/product\/hella-hair-clip-iris-large\/\" \/>\n<meta property=\"og:site_name\" content=\"Hella Hair\" \/>\n<meta property=\"article:publisher\" content=\"https:\/\/www.facebook.com\/hellahair.ee\/\" \/>\n<meta property=\"article:modified_time\" content=\"2026-02-01T19:56:03+00:00\" \/>\n<meta property=\"og:image\" content=\"https:\/\/hellahair.eu\/wp-content\/uploads\/2025\/05\/summerhh_clawclip-3.jpg\" \/>\n\t<meta property=\"og:image:width\" content=\"768\" \/>\n\t<meta property=\"og:image:height\" content=\"768\" \/>\n\t<meta property=\"og:image:type\" content=\"image\/jpeg\" \/>\n<meta name=\"twitter:card\" content=\"summary_large_image\" \/>\n<meta name=\"twitter:label1\" content=\"Estimated reading time\" \/>\n\t<meta name=\"twitter:data1\" content=\"1 minute\" \/>\n<script type=\"application\/ld+json\" class=\"yoast-schema-graph\">{\"@context\":\"https:\\\/\\\/schema.org\",\"@graph\":[{\"@type\":\"WebPage\",\"@id\":\"https:\\\/\\\/hellahair.eu\\\/toode\\\/hella-hair-clip-iris-large\\\/\",\"url\":\"https:\\\/\\\/hellahair.eu\\\/toode\\\/hella-hair-clip-iris-large\\\/\",\"name\":\"HELLA HAIR CLIP IRIS \u2013 LARGE | Hella Hair\",\"isPartOf\":{\"@id\":\"https:\\\/\\\/hellahair.eu\\\/#website\"},\"primaryImageOfPage\":{\"@id\":\"https:\\\/\\\/hellahair.eu\\\/toode\\\/hella-hair-clip-iris-large\\\/#primaryimage\"},\"image\":{\"@id\":\"https:\\\/\\\/hellahair.eu\\\/toode\\\/hella-hair-clip-iris-large\\\/#primaryimage\"},\"thumbnailUrl\":\"https:\\\/\\\/hellahair.eu\\\/wp-content\\\/uploads\\\/2025\\\/05\\\/summerhh_clawclip-3.jpg\",\"datePublished\":\"2025-05-04T18:00:59+00:00\",\"dateModified\":\"2026-02-01T19:56:03+00:00\",\"breadcrumb\":{\"@id\":\"https:\\\/\\\/hellahair.eu\\\/toode\\\/hella-hair-clip-iris-large\\\/#breadcrumb\"},\"inLanguage\":\"en-GB\",\"potentialAction\":[{\"@type\":\"ReadAction\",\"target\":[\"https:\\\/\\\/hellahair.eu\\\/toode\\\/hella-hair-clip-iris-large\\\/\"]}]},{\"@type\":\"ImageObject\",\"inLanguage\":\"en-GB\",\"@id\":\"https:\\\/\\\/hellahair.eu\\\/toode\\\/hella-hair-clip-iris-large\\\/#primaryimage\",\"url\":\"https:\\\/\\\/hellahair.eu\\\/wp-content\\\/uploads\\\/2025\\\/05\\\/summerhh_clawclip-3.jpg\",\"contentUrl\":\"https:\\\/\\\/hellahair.eu\\\/wp-content\\\/uploads\\\/2025\\\/05\\\/summerhh_clawclip-3.jpg\",\"width\":768,\"height\":768},{\"@type\":\"BreadcrumbList\",\"@id\":\"https:\\\/\\\/hellahair.eu\\\/toode\\\/hella-hair-clip-iris-large\\\/#breadcrumb\",\"itemListElement\":[{\"@type\":\"ListItem\",\"position\":1,\"name\":\"Home\",\"item\":\"https:\\\/\\\/hellahair.eu\\\/\"},{\"@type\":\"ListItem\",\"position\":2,\"name\":\"Pood\",\"item\":\"https:\\\/\\\/hellahair.eu\\\/shop\\\/\"},{\"@type\":\"ListItem\",\"position\":3,\"name\":\"HELLA HAIR CLIP IRIS \u2013 LARGE\"}]},{\"@type\":\"WebSite\",\"@id\":\"https:\\\/\\\/hellahair.eu\\\/#website\",\"url\":\"https:\\\/\\\/hellahair.eu\\\/\",\"name\":\"Hella Hair\",\"description\":\"Luksuslikud juuste aksessuaarid\",\"publisher\":{\"@id\":\"https:\\\/\\\/hellahair.eu\\\/#organization\"},\"potentialAction\":[{\"@type\":\"SearchAction\",\"target\":{\"@type\":\"EntryPoint\",\"urlTemplate\":\"https:\\\/\\\/hellahair.eu\\\/?s={search_term_string}\"},\"query-input\":{\"@type\":\"PropertyValueSpecification\",\"valueRequired\":true,\"valueName\":\"search_term_string\"}}],\"inLanguage\":\"en-GB\"},{\"@type\":\"Organization\",\"@id\":\"https:\\\/\\\/hellahair.eu\\\/#organization\",\"name\":\"Hella Hair O\u00dc\",\"url\":\"https:\\\/\\\/hellahair.eu\\\/\",\"logo\":{\"@type\":\"ImageObject\",\"inLanguage\":\"en-GB\",\"@id\":\"https:\\\/\\\/hellahair.eu\\\/#\\\/schema\\\/logo\\\/image\\\/\",\"url\":\"https:\\\/\\\/hellahair.eu\\\/wp-content\\\/uploads\\\/2018\\\/10\\\/hella_logo_dark.png\",\"contentUrl\":\"https:\\\/\\\/hellahair.eu\\\/wp-content\\\/uploads\\\/2018\\\/10\\\/hella_logo_dark.png\",\"width\":2551,\"height\":600,\"caption\":\"Hella Hair O\u00dc\"},\"image\":{\"@id\":\"https:\\\/\\\/hellahair.eu\\\/#\\\/schema\\\/logo\\\/image\\\/\"},\"sameAs\":[\"https:\\\/\\\/www.facebook.com\\\/hellahair.ee\\\/\",\"https:\\\/\\\/www.instagram.com\\\/hellahair.ee\\\/\"]}]}<\/script>\n<!-- \/ Yoast SEO plugin. -->","yoast_head_json":{"title":"HELLA HAIR CLIP IRIS \u2013 LARGE | Hella Hair","robots":{"index":"index","follow":"follow","max-snippet":"max-snippet:-1","max-image-preview":"max-image-preview:large","max-video-preview":"max-video-preview:-1"},"canonical":"https:\/\/hellahair.eu\/en\/product\/hella-hair-clip-iris-large\/","og_locale":"en_GB","og_type":"article","og_title":"HELLA HAIR CLIP IRIS \u2013 LARGE | Hella Hair","og_description":"Ei tiri ega kisu juukseid, seega on ideaalne nii soengu tegemiseks, kui m\u00e4rgade juuste kinnitamiseks.  Hella klamber on k\u00e4sitsi poleeritud.  Klambrid on Eestis \u00fckshaaval lasergraveeritud ja k\u00e4sit\u00f6\u00f6na v\u00e4rvitud.  Tooted on limiteeritud koguses.  Kas otsid armsat juukseklambrit?  Hella klamber suuruses LARGE sobib suurep\u00e4raselt soengute tegemiseks nii l\u00fchikeste kui ka pikkade juuste jaoks. Hoiab kinnitatuna ka pooleldi \u00fclespandud soenguid paksude juuste puhul.  Hella klambri poolkuukujuline ja peakujule kohandatud disain hoiab sinu juukseid soengusse kinnitatuna ilma peavalu tekitamata.","og_url":"https:\/\/hellahair.eu\/en\/product\/hella-hair-clip-iris-large\/","og_site_name":"Hella Hair","article_publisher":"https:\/\/www.facebook.com\/hellahair.ee\/","article_modified_time":"2026-02-01T19:56:03+00:00","og_image":[{"width":768,"height":768,"url":"https:\/\/hellahair.eu\/wp-content\/uploads\/2025\/05\/summerhh_clawclip-3.jpg","type":"image\/jpeg"}],"twitter_card":"summary_large_image","twitter_misc":{"Estimated reading time":"1 minute"},"schema":{"@context":"https:\/\/schema.org","@graph":[{"@type":"WebPage","@id":"https:\/\/hellahair.eu\/toode\/hella-hair-clip-iris-large\/","url":"https:\/\/hellahair.eu\/toode\/hella-hair-clip-iris-large\/","name":"HELLA HAIR CLIP IRIS \u2013 LARGE | Hella Hair","isPartOf":{"@id":"https:\/\/hellahair.eu\/#website"},"primaryImageOfPage":{"@id":"https:\/\/hellahair.eu\/toode\/hella-hair-clip-iris-large\/#primaryimage"},"image":{"@id":"https:\/\/hellahair.eu\/toode\/hella-hair-clip-iris-large\/#primaryimage"},"thumbnailUrl":"https:\/\/hellahair.eu\/wp-content\/uploads\/2025\/05\/summerhh_clawclip-3.jpg","datePublished":"2025-05-04T18:00:59+00:00","dateModified":"2026-02-01T19:56:03+00:00","breadcrumb":{"@id":"https:\/\/hellahair.eu\/toode\/hella-hair-clip-iris-large\/#breadcrumb"},"inLanguage":"en-GB","potentialAction":[{"@type":"ReadAction","target":["https:\/\/hellahair.eu\/toode\/hella-hair-clip-iris-large\/"]}]},{"@type":"ImageObject","inLanguage":"en-GB","@id":"https:\/\/hellahair.eu\/toode\/hella-hair-clip-iris-large\/#primaryimage","url":"https:\/\/hellahair.eu\/wp-content\/uploads\/2025\/05\/summerhh_clawclip-3.jpg","contentUrl":"https:\/\/hellahair.eu\/wp-content\/uploads\/2025\/05\/summerhh_clawclip-3.jpg","width":768,"height":768},{"@type":"BreadcrumbList","@id":"https:\/\/hellahair.eu\/toode\/hella-hair-clip-iris-large\/#breadcrumb","itemListElement":[{"@type":"ListItem","position":1,"name":"Home","item":"https:\/\/hellahair.eu\/"},{"@type":"ListItem","position":2,"name":"Pood","item":"https:\/\/hellahair.eu\/shop\/"},{"@type":"ListItem","position":3,"name":"HELLA HAIR CLIP IRIS \u2013 LARGE"}]},{"@type":"WebSite","@id":"https:\/\/hellahair.eu\/#website","url":"https:\/\/hellahair.eu\/","name":"Hella Hair","description":"Luxury quality hair accessories","publisher":{"@id":"https:\/\/hellahair.eu\/#organization"},"potentialAction":[{"@type":"SearchAction","target":{"@type":"EntryPoint","urlTemplate":"https:\/\/hellahair.eu\/?s={search_term_string}"},"query-input":{"@type":"PropertyValueSpecification","valueRequired":true,"valueName":"search_term_string"}}],"inLanguage":"en-GB"},{"@type":"Organization","@id":"https:\/\/hellahair.eu\/#organization","name":"Hella Hair O\u00dc","url":"https:\/\/hellahair.eu\/","logo":{"@type":"ImageObject","inLanguage":"en-GB","@id":"https:\/\/hellahair.eu\/#\/schema\/logo\/image\/","url":"https:\/\/hellahair.eu\/wp-content\/uploads\/2018\/10\/hella_logo_dark.png","contentUrl":"https:\/\/hellahair.eu\/wp-content\/uploads\/2018\/10\/hella_logo_dark.png","width":2551,"height":600,"caption":"Hella Hair O\u00dc"},"image":{"@id":"https:\/\/hellahair.eu\/#\/schema\/logo\/image\/"},"sameAs":["https:\/\/www.facebook.com\/hellahair.ee\/","https:\/\/www.instagram.com\/hellahair.ee\/"]}]}},"_links":{"self":[{"href":"https:\/\/hellahair.eu\/en\/wp-json\/wp\/v2\/product\/54137","targetHints":{"allow":["GET"]}}],"collection":[{"href":"https:\/\/hellahair.eu\/en\/wp-json\/wp\/v2\/product"}],"about":[{"href":"https:\/\/hellahair.eu\/en\/wp-json\/wp\/v2\/types\/product"}],"wp:featuredmedia":[{"embeddable":true,"href":"https:\/\/hellahair.eu\/en\/wp-json\/wp\/v2\/media\/54138"}],"wp:attachment":[{"href":"https:\/\/hellahair.eu\/en\/wp-json\/wp\/v2\/media?parent=54137"}],"wp:term":[{"taxonomy":"product_brand","embeddable":true,"href":"https:\/\/hellahair.eu\/en\/wp-json\/wp\/v2\/product_brand?post=54137"},{"taxonomy":"product_cat","embeddable":true,"href":"https:\/\/hellahair.eu\/en\/wp-json\/wp\/v2\/product_cat?post=54137"},{"taxonomy":"product_tag","embeddable":true,"href":"https:\/\/hellahair.eu\/en\/wp-json\/wp\/v2\/product_tag?post=54137"}],"curies":[{"name":"wp","href":"https:\/\/api.w.org\/{rel}","templated":true}]}}