{"id":54186,"date":"2025-05-04T22:13:12","date_gmt":"2025-05-04T19:13:12","guid":{"rendered":"https:\/\/hellahair.eu\/?post_type=product&#038;p=54186"},"modified":"2026-02-01T21:55:19","modified_gmt":"2026-02-01T19:55:19","slug":"hella-beauty-bag-hearty-large","status":"publish","type":"product","link":"https:\/\/hellahair.eu\/en\/product\/hella-beauty-bag-hearty-large\/","title":{"rendered":"HELLA BEAUTY BAG HEARTY \u2013 LARGE"},"content":{"rendered":"<p>V\u00e4rv &#8211; valge kotike v\u00e4rviliste s\u00fcdamekestega.<\/p>\n<p>Materjal \u2013\u00a0100% puuvill<\/p>\n<p>M\u00f5\u00f5dud \u2013 25x16x12<\/p>\n<p>Beauty Bag's high quality metal zipper is made in Estonia.<\/p>\n<p>Beauty Bag on valmistatud k\u00e4sit\u00f6\u00f6na ja tepitud Tallinnas.<\/p>\n<p>Care: If your Beauty Bag is dirty, we recommend hand washing with lukewarm water. Gentle wash products may be used. For washing in the washing machine, we recommend using a laundry bag and a gentle washing program.<\/p>\n<p>* We recommend not to keep dirty make-up brushes and broken make-up products in the Beauty Bag. Also items that which are greasy, oily and difficult to remove from the lining.<\/p>","protected":false},"excerpt":{"rendered":"<p>Hella's adorable beauty bag is designed to hold your make-up, hair products and Hella Hair\u00ae hair accessories. A soft and cute companion to carry in your handbag every day.<\/p>\n<p>Pssst! Tegemist on t\u00f5elise hitihoiatusega ja SUMMER EDITION beauty bag\u2019e toodetakse limiteeritud koguses.<\/p>","protected":false},"featured_media":54187,"template":"","meta":[],"product_brand":[],"product_cat":[163],"product_tag":[],"class_list":{"0":"post-54186","1":"product","2":"type-product","3":"status-publish","4":"has-post-thumbnail","6":"product_cat-beauty-bag","8":"first","9":"instock","10":"shipping-taxable","11":"purchasable","12":"product-type-simple"},"yoast_head":"<!-- This site is optimized with the Yoast SEO plugin v27.3 - https:\/\/yoast.com\/product\/yoast-seo-wordpress\/ -->\n<title>HELLA BEAUTY BAG HEARTY \u2013 LARGE | Hella Hair<\/title>\n<meta name=\"robots\" content=\"index, follow, max-snippet:-1, max-image-preview:large, max-video-preview:-1\" \/>\n<link rel=\"canonical\" href=\"https:\/\/hellahair.eu\/en\/product\/hella-beauty-bag-hearty-large\/\" \/>\n<meta property=\"og:locale\" content=\"en_GB\" \/>\n<meta property=\"og:type\" content=\"article\" \/>\n<meta property=\"og:title\" content=\"HELLA BEAUTY BAG HEARTY \u2013 LARGE | Hella Hair\" \/>\n<meta property=\"og:description\" content=\"Hella imearmas beauty bag on loodud sinu meigitoodete, juuksetoodete ja Hella Hair\u00ae juukseaksessuaaride jaoks. Pehme ja nunnu s\u00f5ber igap\u00e4evaselt k\u00e4ekotis kaasas kandmiseks.  Pssst! Tegemist on t\u00f5elise hitihoiatusega ja SUMMER EDITION beauty bag\u2019e toodetakse limiteeritud koguses.\" \/>\n<meta property=\"og:url\" content=\"https:\/\/hellahair.eu\/en\/product\/hella-beauty-bag-hearty-large\/\" \/>\n<meta property=\"og:site_name\" content=\"Hella Hair\" \/>\n<meta property=\"article:publisher\" content=\"https:\/\/www.facebook.com\/hellahair.ee\/\" \/>\n<meta property=\"article:modified_time\" content=\"2026-02-01T19:55:19+00:00\" \/>\n<meta property=\"og:image\" content=\"https:\/\/hellahair.eu\/wp-content\/uploads\/2025\/05\/hh_bb_large-1.jpg\" \/>\n\t<meta property=\"og:image:width\" content=\"768\" \/>\n\t<meta property=\"og:image:height\" content=\"768\" \/>\n\t<meta property=\"og:image:type\" content=\"image\/jpeg\" \/>\n<meta name=\"twitter:card\" content=\"summary_large_image\" \/>\n<meta name=\"twitter:label1\" content=\"Estimated reading time\" \/>\n\t<meta name=\"twitter:data1\" content=\"1 minute\" \/>\n<script type=\"application\/ld+json\" class=\"yoast-schema-graph\">{\"@context\":\"https:\\\/\\\/schema.org\",\"@graph\":[{\"@type\":\"WebPage\",\"@id\":\"https:\\\/\\\/hellahair.eu\\\/toode\\\/hella-beauty-bag-hearty-large\\\/\",\"url\":\"https:\\\/\\\/hellahair.eu\\\/toode\\\/hella-beauty-bag-hearty-large\\\/\",\"name\":\"HELLA BEAUTY BAG HEARTY \u2013 LARGE | Hella Hair\",\"isPartOf\":{\"@id\":\"https:\\\/\\\/hellahair.eu\\\/#website\"},\"primaryImageOfPage\":{\"@id\":\"https:\\\/\\\/hellahair.eu\\\/toode\\\/hella-beauty-bag-hearty-large\\\/#primaryimage\"},\"image\":{\"@id\":\"https:\\\/\\\/hellahair.eu\\\/toode\\\/hella-beauty-bag-hearty-large\\\/#primaryimage\"},\"thumbnailUrl\":\"https:\\\/\\\/hellahair.eu\\\/wp-content\\\/uploads\\\/2025\\\/05\\\/hh_bb_large-1.jpg\",\"datePublished\":\"2025-05-04T19:13:12+00:00\",\"dateModified\":\"2026-02-01T19:55:19+00:00\",\"breadcrumb\":{\"@id\":\"https:\\\/\\\/hellahair.eu\\\/toode\\\/hella-beauty-bag-hearty-large\\\/#breadcrumb\"},\"inLanguage\":\"en-GB\",\"potentialAction\":[{\"@type\":\"ReadAction\",\"target\":[\"https:\\\/\\\/hellahair.eu\\\/toode\\\/hella-beauty-bag-hearty-large\\\/\"]}]},{\"@type\":\"ImageObject\",\"inLanguage\":\"en-GB\",\"@id\":\"https:\\\/\\\/hellahair.eu\\\/toode\\\/hella-beauty-bag-hearty-large\\\/#primaryimage\",\"url\":\"https:\\\/\\\/hellahair.eu\\\/wp-content\\\/uploads\\\/2025\\\/05\\\/hh_bb_large-1.jpg\",\"contentUrl\":\"https:\\\/\\\/hellahair.eu\\\/wp-content\\\/uploads\\\/2025\\\/05\\\/hh_bb_large-1.jpg\",\"width\":768,\"height\":768},{\"@type\":\"BreadcrumbList\",\"@id\":\"https:\\\/\\\/hellahair.eu\\\/toode\\\/hella-beauty-bag-hearty-large\\\/#breadcrumb\",\"itemListElement\":[{\"@type\":\"ListItem\",\"position\":1,\"name\":\"Home\",\"item\":\"https:\\\/\\\/hellahair.eu\\\/\"},{\"@type\":\"ListItem\",\"position\":2,\"name\":\"Pood\",\"item\":\"https:\\\/\\\/hellahair.eu\\\/shop\\\/\"},{\"@type\":\"ListItem\",\"position\":3,\"name\":\"HELLA BEAUTY BAG HEARTY \u2013 LARGE\"}]},{\"@type\":\"WebSite\",\"@id\":\"https:\\\/\\\/hellahair.eu\\\/#website\",\"url\":\"https:\\\/\\\/hellahair.eu\\\/\",\"name\":\"Hella Hair\",\"description\":\"Luksuslikud juuste aksessuaarid\",\"publisher\":{\"@id\":\"https:\\\/\\\/hellahair.eu\\\/#organization\"},\"potentialAction\":[{\"@type\":\"SearchAction\",\"target\":{\"@type\":\"EntryPoint\",\"urlTemplate\":\"https:\\\/\\\/hellahair.eu\\\/?s={search_term_string}\"},\"query-input\":{\"@type\":\"PropertyValueSpecification\",\"valueRequired\":true,\"valueName\":\"search_term_string\"}}],\"inLanguage\":\"en-GB\"},{\"@type\":\"Organization\",\"@id\":\"https:\\\/\\\/hellahair.eu\\\/#organization\",\"name\":\"Hella Hair O\u00dc\",\"url\":\"https:\\\/\\\/hellahair.eu\\\/\",\"logo\":{\"@type\":\"ImageObject\",\"inLanguage\":\"en-GB\",\"@id\":\"https:\\\/\\\/hellahair.eu\\\/#\\\/schema\\\/logo\\\/image\\\/\",\"url\":\"https:\\\/\\\/hellahair.eu\\\/wp-content\\\/uploads\\\/2018\\\/10\\\/hella_logo_dark.png\",\"contentUrl\":\"https:\\\/\\\/hellahair.eu\\\/wp-content\\\/uploads\\\/2018\\\/10\\\/hella_logo_dark.png\",\"width\":2551,\"height\":600,\"caption\":\"Hella Hair O\u00dc\"},\"image\":{\"@id\":\"https:\\\/\\\/hellahair.eu\\\/#\\\/schema\\\/logo\\\/image\\\/\"},\"sameAs\":[\"https:\\\/\\\/www.facebook.com\\\/hellahair.ee\\\/\",\"https:\\\/\\\/www.instagram.com\\\/hellahair.ee\\\/\"]}]}<\/script>\n<!-- \/ Yoast SEO plugin. -->","yoast_head_json":{"title":"HELLA BEAUTY BAG HEARTY \u2013 LARGE | Hella Hair","robots":{"index":"index","follow":"follow","max-snippet":"max-snippet:-1","max-image-preview":"max-image-preview:large","max-video-preview":"max-video-preview:-1"},"canonical":"https:\/\/hellahair.eu\/en\/product\/hella-beauty-bag-hearty-large\/","og_locale":"en_GB","og_type":"article","og_title":"HELLA BEAUTY BAG HEARTY \u2013 LARGE | Hella Hair","og_description":"Hella imearmas beauty bag on loodud sinu meigitoodete, juuksetoodete ja Hella Hair\u00ae juukseaksessuaaride jaoks. Pehme ja nunnu s\u00f5ber igap\u00e4evaselt k\u00e4ekotis kaasas kandmiseks.  Pssst! Tegemist on t\u00f5elise hitihoiatusega ja SUMMER EDITION beauty bag\u2019e toodetakse limiteeritud koguses.","og_url":"https:\/\/hellahair.eu\/en\/product\/hella-beauty-bag-hearty-large\/","og_site_name":"Hella Hair","article_publisher":"https:\/\/www.facebook.com\/hellahair.ee\/","article_modified_time":"2026-02-01T19:55:19+00:00","og_image":[{"width":768,"height":768,"url":"https:\/\/hellahair.eu\/wp-content\/uploads\/2025\/05\/hh_bb_large-1.jpg","type":"image\/jpeg"}],"twitter_card":"summary_large_image","twitter_misc":{"Estimated reading time":"1 minute"},"schema":{"@context":"https:\/\/schema.org","@graph":[{"@type":"WebPage","@id":"https:\/\/hellahair.eu\/toode\/hella-beauty-bag-hearty-large\/","url":"https:\/\/hellahair.eu\/toode\/hella-beauty-bag-hearty-large\/","name":"HELLA BEAUTY BAG HEARTY \u2013 LARGE | Hella Hair","isPartOf":{"@id":"https:\/\/hellahair.eu\/#website"},"primaryImageOfPage":{"@id":"https:\/\/hellahair.eu\/toode\/hella-beauty-bag-hearty-large\/#primaryimage"},"image":{"@id":"https:\/\/hellahair.eu\/toode\/hella-beauty-bag-hearty-large\/#primaryimage"},"thumbnailUrl":"https:\/\/hellahair.eu\/wp-content\/uploads\/2025\/05\/hh_bb_large-1.jpg","datePublished":"2025-05-04T19:13:12+00:00","dateModified":"2026-02-01T19:55:19+00:00","breadcrumb":{"@id":"https:\/\/hellahair.eu\/toode\/hella-beauty-bag-hearty-large\/#breadcrumb"},"inLanguage":"en-GB","potentialAction":[{"@type":"ReadAction","target":["https:\/\/hellahair.eu\/toode\/hella-beauty-bag-hearty-large\/"]}]},{"@type":"ImageObject","inLanguage":"en-GB","@id":"https:\/\/hellahair.eu\/toode\/hella-beauty-bag-hearty-large\/#primaryimage","url":"https:\/\/hellahair.eu\/wp-content\/uploads\/2025\/05\/hh_bb_large-1.jpg","contentUrl":"https:\/\/hellahair.eu\/wp-content\/uploads\/2025\/05\/hh_bb_large-1.jpg","width":768,"height":768},{"@type":"BreadcrumbList","@id":"https:\/\/hellahair.eu\/toode\/hella-beauty-bag-hearty-large\/#breadcrumb","itemListElement":[{"@type":"ListItem","position":1,"name":"Home","item":"https:\/\/hellahair.eu\/"},{"@type":"ListItem","position":2,"name":"Pood","item":"https:\/\/hellahair.eu\/shop\/"},{"@type":"ListItem","position":3,"name":"HELLA BEAUTY BAG HEARTY \u2013 LARGE"}]},{"@type":"WebSite","@id":"https:\/\/hellahair.eu\/#website","url":"https:\/\/hellahair.eu\/","name":"Hella Hair","description":"Luxury quality hair accessories","publisher":{"@id":"https:\/\/hellahair.eu\/#organization"},"potentialAction":[{"@type":"SearchAction","target":{"@type":"EntryPoint","urlTemplate":"https:\/\/hellahair.eu\/?s={search_term_string}"},"query-input":{"@type":"PropertyValueSpecification","valueRequired":true,"valueName":"search_term_string"}}],"inLanguage":"en-GB"},{"@type":"Organization","@id":"https:\/\/hellahair.eu\/#organization","name":"Hella Hair O\u00dc","url":"https:\/\/hellahair.eu\/","logo":{"@type":"ImageObject","inLanguage":"en-GB","@id":"https:\/\/hellahair.eu\/#\/schema\/logo\/image\/","url":"https:\/\/hellahair.eu\/wp-content\/uploads\/2018\/10\/hella_logo_dark.png","contentUrl":"https:\/\/hellahair.eu\/wp-content\/uploads\/2018\/10\/hella_logo_dark.png","width":2551,"height":600,"caption":"Hella Hair O\u00dc"},"image":{"@id":"https:\/\/hellahair.eu\/#\/schema\/logo\/image\/"},"sameAs":["https:\/\/www.facebook.com\/hellahair.ee\/","https:\/\/www.instagram.com\/hellahair.ee\/"]}]}},"_links":{"self":[{"href":"https:\/\/hellahair.eu\/en\/wp-json\/wp\/v2\/product\/54186","targetHints":{"allow":["GET"]}}],"collection":[{"href":"https:\/\/hellahair.eu\/en\/wp-json\/wp\/v2\/product"}],"about":[{"href":"https:\/\/hellahair.eu\/en\/wp-json\/wp\/v2\/types\/product"}],"wp:featuredmedia":[{"embeddable":true,"href":"https:\/\/hellahair.eu\/en\/wp-json\/wp\/v2\/media\/54187"}],"wp:attachment":[{"href":"https:\/\/hellahair.eu\/en\/wp-json\/wp\/v2\/media?parent=54186"}],"wp:term":[{"taxonomy":"product_brand","embeddable":true,"href":"https:\/\/hellahair.eu\/en\/wp-json\/wp\/v2\/product_brand?post=54186"},{"taxonomy":"product_cat","embeddable":true,"href":"https:\/\/hellahair.eu\/en\/wp-json\/wp\/v2\/product_cat?post=54186"},{"taxonomy":"product_tag","embeddable":true,"href":"https:\/\/hellahair.eu\/en\/wp-json\/wp\/v2\/product_tag?post=54186"}],"curies":[{"name":"wp","href":"https:\/\/api.w.org\/{rel}","templated":true}]}}