{"id":54424,"date":"2025-09-14T22:44:20","date_gmt":"2025-09-14T19:44:20","guid":{"rendered":"https:\/\/hellahair.eu\/?post_type=product&#038;p=54424"},"modified":"2026-01-11T23:10:45","modified_gmt":"2026-01-11T21:10:45","slug":"hella-hair-silky-graphite-scrunchie-petite","status":"publish","type":"product","link":"https:\/\/hellahair.eu\/en\/product\/hella-hair-silky-graphite-scrunchie-petite\/","title":{"rendered":"HELLA HAIR SILKY GRAPHITE SCRUNCHIE \u2013 PETITE"},"content":{"rendered":"","protected":false},"excerpt":{"rendered":"<p>Elegance and care in one accessory \u2013 this luxurious hair tie, handmade in Estonia, is designed for all hair types.<\/p>\n<p class=\"translation-block\">\u2022Gentle and soft \u2013 does not damage or break hair.<\/p>\n<p class=\"translation-block\">\u2022Versatile \u2013 keeps hair comfortably in place or adorns the hand as a stylish accessory.<\/p>\n<p class=\"translation-block\">\u2022Handcrafted \u2013 each scrunchie is unique and made with care and love.<\/p>\n<p>Add a touch of subtle luxury to your everyday or festive look!<\/p>","protected":false},"featured_media":54413,"template":"","meta":[],"product_brand":[],"product_cat":[165],"product_tag":[],"class_list":{"0":"post-54424","1":"product","2":"type-product","3":"status-publish","4":"has-post-thumbnail","6":"product_cat-silky-kollektsioon","8":"first","9":"instock","10":"shipping-taxable","11":"purchasable","12":"product-type-simple"},"yoast_head":"<!-- This site is optimized with the Yoast SEO plugin v27.3 - https:\/\/yoast.com\/product\/yoast-seo-wordpress\/ -->\n<title>HELLA HAIR SILKY GRAPHITE SCRUNCHIE \u2013 PETITE | Hella Hair<\/title>\n<meta name=\"robots\" content=\"index, follow, max-snippet:-1, max-image-preview:large, max-video-preview:-1\" \/>\n<link rel=\"canonical\" href=\"https:\/\/hellahair.eu\/en\/product\/hella-hair-silky-graphite-scrunchie-petite\/\" \/>\n<meta property=\"og:locale\" content=\"en_GB\" \/>\n<meta property=\"og:type\" content=\"article\" \/>\n<meta property=\"og:title\" content=\"HELLA HAIR SILKY GRAPHITE SCRUNCHIE \u2013 PETITE | Hella Hair\" \/>\n<meta property=\"og:description\" content=\"Elegants ja hoolivus \u00fches aksessuaari\u200bs \u2013 Eestis k\u00e4sit\u00f6\u00f6na valminud luksuslik patsikumm on loodud k\u00f5ikidele juukset\u00fc\u00fcpidele.  \u2022\u00d5rn ja pehme \u2013 ei kahjusta ega l\u00f5hu juukseid.  \u2022Mitmek\u00fclgne \u2013 hoiab juuksed mugavalt soengus v\u00f5i kaunistab k\u00e4tt stiilse aksessuaarina.  \u2022K\u00e4sit\u00f6\u00f6na valmistatud \u2013 iga patsikumm on ainulaadne ja valminud hoole ning armastusega.  Lisa oma igap\u00e4eva- v\u00f5i pidulikule v\u00e4limusele peenetundelist luksust!\" \/>\n<meta property=\"og:url\" content=\"https:\/\/hellahair.eu\/en\/product\/hella-hair-silky-graphite-scrunchie-petite\/\" \/>\n<meta property=\"og:site_name\" content=\"Hella Hair\" \/>\n<meta property=\"article:publisher\" content=\"https:\/\/www.facebook.com\/hellahair.ee\/\" \/>\n<meta property=\"article:modified_time\" content=\"2026-01-11T21:10:45+00:00\" \/>\n<meta property=\"og:image\" content=\"https:\/\/hellahair.eu\/wp-content\/uploads\/2025\/09\/hh_silk_g_m.jpg\" \/>\n\t<meta property=\"og:image:width\" content=\"768\" \/>\n\t<meta property=\"og:image:height\" content=\"768\" \/>\n\t<meta property=\"og:image:type\" content=\"image\/jpeg\" \/>\n<meta name=\"twitter:card\" content=\"summary_large_image\" \/>\n<script type=\"application\/ld+json\" class=\"yoast-schema-graph\">{\"@context\":\"https:\\\/\\\/schema.org\",\"@graph\":[{\"@type\":\"WebPage\",\"@id\":\"https:\\\/\\\/hellahair.eu\\\/toode\\\/hella-hair-silky-graphite-scrunchie-petite\\\/\",\"url\":\"https:\\\/\\\/hellahair.eu\\\/toode\\\/hella-hair-silky-graphite-scrunchie-petite\\\/\",\"name\":\"HELLA HAIR SILKY GRAPHITE SCRUNCHIE \u2013 PETITE | Hella Hair\",\"isPartOf\":{\"@id\":\"https:\\\/\\\/hellahair.eu\\\/#website\"},\"primaryImageOfPage\":{\"@id\":\"https:\\\/\\\/hellahair.eu\\\/toode\\\/hella-hair-silky-graphite-scrunchie-petite\\\/#primaryimage\"},\"image\":{\"@id\":\"https:\\\/\\\/hellahair.eu\\\/toode\\\/hella-hair-silky-graphite-scrunchie-petite\\\/#primaryimage\"},\"thumbnailUrl\":\"https:\\\/\\\/hellahair.eu\\\/wp-content\\\/uploads\\\/2025\\\/09\\\/hh_silk_g_m.jpg\",\"datePublished\":\"2025-09-14T19:44:20+00:00\",\"dateModified\":\"2026-01-11T21:10:45+00:00\",\"breadcrumb\":{\"@id\":\"https:\\\/\\\/hellahair.eu\\\/toode\\\/hella-hair-silky-graphite-scrunchie-petite\\\/#breadcrumb\"},\"inLanguage\":\"en-GB\",\"potentialAction\":[{\"@type\":\"ReadAction\",\"target\":[\"https:\\\/\\\/hellahair.eu\\\/toode\\\/hella-hair-silky-graphite-scrunchie-petite\\\/\"]}]},{\"@type\":\"ImageObject\",\"inLanguage\":\"en-GB\",\"@id\":\"https:\\\/\\\/hellahair.eu\\\/toode\\\/hella-hair-silky-graphite-scrunchie-petite\\\/#primaryimage\",\"url\":\"https:\\\/\\\/hellahair.eu\\\/wp-content\\\/uploads\\\/2025\\\/09\\\/hh_silk_g_m.jpg\",\"contentUrl\":\"https:\\\/\\\/hellahair.eu\\\/wp-content\\\/uploads\\\/2025\\\/09\\\/hh_silk_g_m.jpg\",\"width\":768,\"height\":768},{\"@type\":\"BreadcrumbList\",\"@id\":\"https:\\\/\\\/hellahair.eu\\\/toode\\\/hella-hair-silky-graphite-scrunchie-petite\\\/#breadcrumb\",\"itemListElement\":[{\"@type\":\"ListItem\",\"position\":1,\"name\":\"Home\",\"item\":\"https:\\\/\\\/hellahair.eu\\\/\"},{\"@type\":\"ListItem\",\"position\":2,\"name\":\"Pood\",\"item\":\"https:\\\/\\\/hellahair.eu\\\/shop\\\/\"},{\"@type\":\"ListItem\",\"position\":3,\"name\":\"HELLA HAIR SILKY GRAPHITE SCRUNCHIE \u2013 PETITE\"}]},{\"@type\":\"WebSite\",\"@id\":\"https:\\\/\\\/hellahair.eu\\\/#website\",\"url\":\"https:\\\/\\\/hellahair.eu\\\/\",\"name\":\"Hella Hair\",\"description\":\"Luksuslikud juuste aksessuaarid\",\"publisher\":{\"@id\":\"https:\\\/\\\/hellahair.eu\\\/#organization\"},\"potentialAction\":[{\"@type\":\"SearchAction\",\"target\":{\"@type\":\"EntryPoint\",\"urlTemplate\":\"https:\\\/\\\/hellahair.eu\\\/?s={search_term_string}\"},\"query-input\":{\"@type\":\"PropertyValueSpecification\",\"valueRequired\":true,\"valueName\":\"search_term_string\"}}],\"inLanguage\":\"en-GB\"},{\"@type\":\"Organization\",\"@id\":\"https:\\\/\\\/hellahair.eu\\\/#organization\",\"name\":\"Hella Hair O\u00dc\",\"url\":\"https:\\\/\\\/hellahair.eu\\\/\",\"logo\":{\"@type\":\"ImageObject\",\"inLanguage\":\"en-GB\",\"@id\":\"https:\\\/\\\/hellahair.eu\\\/#\\\/schema\\\/logo\\\/image\\\/\",\"url\":\"https:\\\/\\\/hellahair.eu\\\/wp-content\\\/uploads\\\/2018\\\/10\\\/hella_logo_dark.png\",\"contentUrl\":\"https:\\\/\\\/hellahair.eu\\\/wp-content\\\/uploads\\\/2018\\\/10\\\/hella_logo_dark.png\",\"width\":2551,\"height\":600,\"caption\":\"Hella Hair O\u00dc\"},\"image\":{\"@id\":\"https:\\\/\\\/hellahair.eu\\\/#\\\/schema\\\/logo\\\/image\\\/\"},\"sameAs\":[\"https:\\\/\\\/www.facebook.com\\\/hellahair.ee\\\/\",\"https:\\\/\\\/www.instagram.com\\\/hellahair.ee\\\/\"]}]}<\/script>\n<!-- \/ Yoast SEO plugin. -->","yoast_head_json":{"title":"HELLA HAIR SILKY GRAPHITE SCRUNCHIE \u2013 PETITE | Hella Hair","robots":{"index":"index","follow":"follow","max-snippet":"max-snippet:-1","max-image-preview":"max-image-preview:large","max-video-preview":"max-video-preview:-1"},"canonical":"https:\/\/hellahair.eu\/en\/product\/hella-hair-silky-graphite-scrunchie-petite\/","og_locale":"en_GB","og_type":"article","og_title":"HELLA HAIR SILKY GRAPHITE SCRUNCHIE \u2013 PETITE | Hella Hair","og_description":"Elegants ja hoolivus \u00fches aksessuaari\u200bs \u2013 Eestis k\u00e4sit\u00f6\u00f6na valminud luksuslik patsikumm on loodud k\u00f5ikidele juukset\u00fc\u00fcpidele.  \u2022\u00d5rn ja pehme \u2013 ei kahjusta ega l\u00f5hu juukseid.  \u2022Mitmek\u00fclgne \u2013 hoiab juuksed mugavalt soengus v\u00f5i kaunistab k\u00e4tt stiilse aksessuaarina.  \u2022K\u00e4sit\u00f6\u00f6na valmistatud \u2013 iga patsikumm on ainulaadne ja valminud hoole ning armastusega.  Lisa oma igap\u00e4eva- v\u00f5i pidulikule v\u00e4limusele peenetundelist luksust!","og_url":"https:\/\/hellahair.eu\/en\/product\/hella-hair-silky-graphite-scrunchie-petite\/","og_site_name":"Hella Hair","article_publisher":"https:\/\/www.facebook.com\/hellahair.ee\/","article_modified_time":"2026-01-11T21:10:45+00:00","og_image":[{"width":768,"height":768,"url":"https:\/\/hellahair.eu\/wp-content\/uploads\/2025\/09\/hh_silk_g_m.jpg","type":"image\/jpeg"}],"twitter_card":"summary_large_image","schema":{"@context":"https:\/\/schema.org","@graph":[{"@type":"WebPage","@id":"https:\/\/hellahair.eu\/toode\/hella-hair-silky-graphite-scrunchie-petite\/","url":"https:\/\/hellahair.eu\/toode\/hella-hair-silky-graphite-scrunchie-petite\/","name":"HELLA HAIR SILKY GRAPHITE SCRUNCHIE \u2013 PETITE | Hella Hair","isPartOf":{"@id":"https:\/\/hellahair.eu\/#website"},"primaryImageOfPage":{"@id":"https:\/\/hellahair.eu\/toode\/hella-hair-silky-graphite-scrunchie-petite\/#primaryimage"},"image":{"@id":"https:\/\/hellahair.eu\/toode\/hella-hair-silky-graphite-scrunchie-petite\/#primaryimage"},"thumbnailUrl":"https:\/\/hellahair.eu\/wp-content\/uploads\/2025\/09\/hh_silk_g_m.jpg","datePublished":"2025-09-14T19:44:20+00:00","dateModified":"2026-01-11T21:10:45+00:00","breadcrumb":{"@id":"https:\/\/hellahair.eu\/toode\/hella-hair-silky-graphite-scrunchie-petite\/#breadcrumb"},"inLanguage":"en-GB","potentialAction":[{"@type":"ReadAction","target":["https:\/\/hellahair.eu\/toode\/hella-hair-silky-graphite-scrunchie-petite\/"]}]},{"@type":"ImageObject","inLanguage":"en-GB","@id":"https:\/\/hellahair.eu\/toode\/hella-hair-silky-graphite-scrunchie-petite\/#primaryimage","url":"https:\/\/hellahair.eu\/wp-content\/uploads\/2025\/09\/hh_silk_g_m.jpg","contentUrl":"https:\/\/hellahair.eu\/wp-content\/uploads\/2025\/09\/hh_silk_g_m.jpg","width":768,"height":768},{"@type":"BreadcrumbList","@id":"https:\/\/hellahair.eu\/toode\/hella-hair-silky-graphite-scrunchie-petite\/#breadcrumb","itemListElement":[{"@type":"ListItem","position":1,"name":"Home","item":"https:\/\/hellahair.eu\/"},{"@type":"ListItem","position":2,"name":"Pood","item":"https:\/\/hellahair.eu\/shop\/"},{"@type":"ListItem","position":3,"name":"HELLA HAIR SILKY GRAPHITE SCRUNCHIE \u2013 PETITE"}]},{"@type":"WebSite","@id":"https:\/\/hellahair.eu\/#website","url":"https:\/\/hellahair.eu\/","name":"Hella Hair","description":"Luxury quality hair accessories","publisher":{"@id":"https:\/\/hellahair.eu\/#organization"},"potentialAction":[{"@type":"SearchAction","target":{"@type":"EntryPoint","urlTemplate":"https:\/\/hellahair.eu\/?s={search_term_string}"},"query-input":{"@type":"PropertyValueSpecification","valueRequired":true,"valueName":"search_term_string"}}],"inLanguage":"en-GB"},{"@type":"Organization","@id":"https:\/\/hellahair.eu\/#organization","name":"Hella Hair O\u00dc","url":"https:\/\/hellahair.eu\/","logo":{"@type":"ImageObject","inLanguage":"en-GB","@id":"https:\/\/hellahair.eu\/#\/schema\/logo\/image\/","url":"https:\/\/hellahair.eu\/wp-content\/uploads\/2018\/10\/hella_logo_dark.png","contentUrl":"https:\/\/hellahair.eu\/wp-content\/uploads\/2018\/10\/hella_logo_dark.png","width":2551,"height":600,"caption":"Hella Hair O\u00dc"},"image":{"@id":"https:\/\/hellahair.eu\/#\/schema\/logo\/image\/"},"sameAs":["https:\/\/www.facebook.com\/hellahair.ee\/","https:\/\/www.instagram.com\/hellahair.ee\/"]}]}},"_links":{"self":[{"href":"https:\/\/hellahair.eu\/en\/wp-json\/wp\/v2\/product\/54424","targetHints":{"allow":["GET"]}}],"collection":[{"href":"https:\/\/hellahair.eu\/en\/wp-json\/wp\/v2\/product"}],"about":[{"href":"https:\/\/hellahair.eu\/en\/wp-json\/wp\/v2\/types\/product"}],"wp:featuredmedia":[{"embeddable":true,"href":"https:\/\/hellahair.eu\/en\/wp-json\/wp\/v2\/media\/54413"}],"wp:attachment":[{"href":"https:\/\/hellahair.eu\/en\/wp-json\/wp\/v2\/media?parent=54424"}],"wp:term":[{"taxonomy":"product_brand","embeddable":true,"href":"https:\/\/hellahair.eu\/en\/wp-json\/wp\/v2\/product_brand?post=54424"},{"taxonomy":"product_cat","embeddable":true,"href":"https:\/\/hellahair.eu\/en\/wp-json\/wp\/v2\/product_cat?post=54424"},{"taxonomy":"product_tag","embeddable":true,"href":"https:\/\/hellahair.eu\/en\/wp-json\/wp\/v2\/product_tag?post=54424"}],"curies":[{"name":"wp","href":"https:\/\/api.w.org\/{rel}","templated":true}]}}